{"id":23627,"date":"2025-06-02T09:38:43","date_gmt":"2025-06-02T07:38:43","guid":{"rendered":"https:\/\/www.suedzucker.pl\/?page_id=23627"},"modified":"2025-06-02T09:46:59","modified_gmt":"2025-06-02T07:46:59","slug":"herbicydowe-2025","status":"publish","type":"page","link":"https:\/\/www.suedzucker.pl\/en\/serwis-plantatorski\/doswiadczenia\/wyniki-doswiadczen-2025\/herbicydowe-2025\/","title":{"rendered":"Herbicydowe 2025"},"content":{"rendered":"\n<h4 class=\"wp-block-heading\">Terminy zabieg\u00f3w<\/h4>\n\n\n<div class=\"wp-block-image\">\n<figure class=\"aligncenter size-large\"><a href=\"https:\/\/www.suedzucker.pl\/wp-content\/uploads\/2025\/06\/1.-terminy.png\"><img loading=\"lazy\" decoding=\"async\" width=\"1024\" height=\"576\" src=\"https:\/\/www.suedzucker.pl\/wp-content\/uploads\/2025\/06\/1.-terminy-1024x576.png\" alt=\"\" class=\"wp-image-23630\" srcset=\"https:\/\/www.suedzucker.pl\/wp-content\/uploads\/2025\/06\/1.-terminy-1024x576.png 1024w, https:\/\/www.suedzucker.pl\/wp-content\/uploads\/2025\/06\/1.-terminy-300x169.png 300w, https:\/\/www.suedzucker.pl\/wp-content\/uploads\/2025\/06\/1.-terminy-768x432.png 768w, https:\/\/www.suedzucker.pl\/wp-content\/uploads\/2025\/06\/1.-terminy-500x281.png 500w, https:\/\/www.suedzucker.pl\/wp-content\/uploads\/2025\/06\/1.-terminy.png 1412w\" sizes=\"auto, (max-width: 1024px) 100vw, 1024px\" \/><\/a><\/figure>\n<\/div>\n\n\n<h4 class=\"wp-block-heading\">Testowane warianty ochrony herbicydowej<\/h4>\n\n\n<div class=\"wp-block-image\">\n<figure class=\"aligncenter size-large\"><a href=\"https:\/\/www.suedzucker.pl\/wp-content\/uploads\/2025\/06\/2.-warianty.png\"><img loading=\"lazy\" decoding=\"async\" width=\"1024\" height=\"576\" src=\"https:\/\/www.suedzucker.pl\/wp-content\/uploads\/2025\/06\/2.-warianty-1024x576.png\" alt=\"\" class=\"wp-image-23631\" srcset=\"https:\/\/www.suedzucker.pl\/wp-content\/uploads\/2025\/06\/2.-warianty-1024x576.png 1024w, https:\/\/www.suedzucker.pl\/wp-content\/uploads\/2025\/06\/2.-warianty-300x169.png 300w, https:\/\/www.suedzucker.pl\/wp-content\/uploads\/2025\/06\/2.-warianty-768x432.png 768w, https:\/\/www.suedzucker.pl\/wp-content\/uploads\/2025\/06\/2.-warianty-500x281.png 500w, https:\/\/www.suedzucker.pl\/wp-content\/uploads\/2025\/06\/2.-warianty.png 1414w\" sizes=\"auto, (max-width: 1024px) 100vw, 1024px\" \/><\/a><\/figure>\n<\/div>\n\n\n<h4 class=\"wp-block-heading\">Skuteczno\u015b\u0107 wariant\u00f3w ochrony herbicydowej, a koszty<\/h4>\n\n\n<div class=\"wp-block-image\">\n<figure class=\"aligncenter size-large\"><a href=\"https:\/\/www.suedzucker.pl\/wp-content\/uploads\/2025\/06\/3.-skutecznosc-wariantow.png\"><img loading=\"lazy\" decoding=\"async\" width=\"1024\" height=\"575\" src=\"https:\/\/www.suedzucker.pl\/wp-content\/uploads\/2025\/06\/3.-skutecznosc-wariantow-1024x575.png\" alt=\"\" class=\"wp-image-23632\" srcset=\"https:\/\/www.suedzucker.pl\/wp-content\/uploads\/2025\/06\/3.-skutecznosc-wariantow-1024x575.png 1024w, https:\/\/www.suedzucker.pl\/wp-content\/uploads\/2025\/06\/3.-skutecznosc-wariantow-300x168.png 300w, https:\/\/www.suedzucker.pl\/wp-content\/uploads\/2025\/06\/3.-skutecznosc-wariantow-768x431.png 768w, https:\/\/www.suedzucker.pl\/wp-content\/uploads\/2025\/06\/3.-skutecznosc-wariantow-500x281.png 500w, https:\/\/www.suedzucker.pl\/wp-content\/uploads\/2025\/06\/3.-skutecznosc-wariantow.png 1411w\" sizes=\"auto, (max-width: 1024px) 100vw, 1024px\" \/><\/a><\/figure>\n<\/div>\n\n\n<h4 class=\"wp-block-heading\">Stan zachwaszczenia\u00a0 &#8211; 22 tydzie\u0144 kalendarzowy (po III zabiegu)<\/h4>\n\n\n<div class=\"wp-block-image\">\n<figure class=\"aligncenter size-large\"><a href=\"https:\/\/www.suedzucker.pl\/wp-content\/uploads\/2025\/06\/4.-Adama.png\"><img loading=\"lazy\" decoding=\"async\" width=\"1024\" height=\"576\" src=\"https:\/\/www.suedzucker.pl\/wp-content\/uploads\/2025\/06\/4.-Adama-1024x576.png\" alt=\"\" class=\"wp-image-23633\" srcset=\"https:\/\/www.suedzucker.pl\/wp-content\/uploads\/2025\/06\/4.-Adama-1024x576.png 1024w, https:\/\/www.suedzucker.pl\/wp-content\/uploads\/2025\/06\/4.-Adama-300x169.png 300w, https:\/\/www.suedzucker.pl\/wp-content\/uploads\/2025\/06\/4.-Adama-768x432.png 768w, https:\/\/www.suedzucker.pl\/wp-content\/uploads\/2025\/06\/4.-Adama-500x281.png 500w, https:\/\/www.suedzucker.pl\/wp-content\/uploads\/2025\/06\/4.-Adama.png 1410w\" sizes=\"auto, (max-width: 1024px) 100vw, 1024px\" \/><\/a><\/figure>\n<\/div>\n\n\n<h4 class=\"wp-block-heading\">Stan zachwaszczenia\u00a0 &#8211; 22 tydzie\u0144 kalendarzowy (po III zabiegu)<\/h4>\n\n\n<div class=\"wp-block-image\">\n<figure class=\"aligncenter size-large\"><a href=\"https:\/\/www.suedzucker.pl\/wp-content\/uploads\/2025\/06\/5.-Basf.png\"><img loading=\"lazy\" decoding=\"async\" width=\"1024\" height=\"576\" src=\"https:\/\/www.suedzucker.pl\/wp-content\/uploads\/2025\/06\/5.-Basf-1024x576.png\" alt=\"\" class=\"wp-image-23634\" srcset=\"https:\/\/www.suedzucker.pl\/wp-content\/uploads\/2025\/06\/5.-Basf-1024x576.png 1024w, https:\/\/www.suedzucker.pl\/wp-content\/uploads\/2025\/06\/5.-Basf-300x169.png 300w, https:\/\/www.suedzucker.pl\/wp-content\/uploads\/2025\/06\/5.-Basf-768x432.png 768w, https:\/\/www.suedzucker.pl\/wp-content\/uploads\/2025\/06\/5.-Basf-500x281.png 500w, https:\/\/www.suedzucker.pl\/wp-content\/uploads\/2025\/06\/5.-Basf.png 1409w\" sizes=\"auto, (max-width: 1024px) 100vw, 1024px\" \/><\/a><\/figure>\n<\/div>\n\n\n<h4 class=\"wp-block-heading\">Stan zachwaszczenia\u00a0 &#8211; 22 tydzie\u0144 kalendarzowy (po III zabiegu)<\/h4>\n\n\n<div class=\"wp-block-image\">\n<figure class=\"aligncenter size-large\"><a href=\"https:\/\/www.suedzucker.pl\/wp-content\/uploads\/2025\/06\/6.-Conviso-smart.png\"><img loading=\"lazy\" decoding=\"async\" width=\"1024\" height=\"576\" src=\"https:\/\/www.suedzucker.pl\/wp-content\/uploads\/2025\/06\/6.-Conviso-smart-1024x576.png\" alt=\"\" class=\"wp-image-23635\" srcset=\"https:\/\/www.suedzucker.pl\/wp-content\/uploads\/2025\/06\/6.-Conviso-smart-1024x576.png 1024w, https:\/\/www.suedzucker.pl\/wp-content\/uploads\/2025\/06\/6.-Conviso-smart-300x169.png 300w, https:\/\/www.suedzucker.pl\/wp-content\/uploads\/2025\/06\/6.-Conviso-smart-768x432.png 768w, https:\/\/www.suedzucker.pl\/wp-content\/uploads\/2025\/06\/6.-Conviso-smart-500x281.png 500w, https:\/\/www.suedzucker.pl\/wp-content\/uploads\/2025\/06\/6.-Conviso-smart.png 1407w\" sizes=\"auto, (max-width: 1024px) 100vw, 1024px\" \/><\/a><\/figure>\n<\/div>\n\n\n<h4 class=\"wp-block-heading\">Stan zachwaszczenia\u00a0 &#8211; 22 tydzie\u0144 kalendarzowy (po III zabiegu)<\/h4>\n\n\n<div class=\"wp-block-image\">\n<figure class=\"aligncenter size-large\"><a href=\"https:\/\/www.suedzucker.pl\/wp-content\/uploads\/2025\/06\/7.-Corteva.png\"><img loading=\"lazy\" decoding=\"async\" width=\"1024\" height=\"574\" src=\"https:\/\/www.suedzucker.pl\/wp-content\/uploads\/2025\/06\/7.-Corteva-1024x574.png\" alt=\"\" class=\"wp-image-23636\" srcset=\"https:\/\/www.suedzucker.pl\/wp-content\/uploads\/2025\/06\/7.-Corteva-1024x574.png 1024w, https:\/\/www.suedzucker.pl\/wp-content\/uploads\/2025\/06\/7.-Corteva-300x168.png 300w, https:\/\/www.suedzucker.pl\/wp-content\/uploads\/2025\/06\/7.-Corteva-768x431.png 768w, https:\/\/www.suedzucker.pl\/wp-content\/uploads\/2025\/06\/7.-Corteva-500x280.png 500w, https:\/\/www.suedzucker.pl\/wp-content\/uploads\/2025\/06\/7.-Corteva.png 1407w\" sizes=\"auto, (max-width: 1024px) 100vw, 1024px\" \/><\/a><\/figure>\n<\/div>\n\n\n<h4 class=\"wp-block-heading\">Stan zachwaszczenia\u00a0 &#8211; 22 tydzie\u0144 kalendarzowy (po III zabiegu)<\/h4>\n\n\n<div class=\"wp-block-image\">\n<figure class=\"aligncenter size-large\"><a href=\"https:\/\/www.suedzucker.pl\/wp-content\/uploads\/2025\/06\/8.-Innvigo.png\"><img loading=\"lazy\" decoding=\"async\" width=\"1024\" height=\"577\" src=\"https:\/\/www.suedzucker.pl\/wp-content\/uploads\/2025\/06\/8.-Innvigo-1024x577.png\" alt=\"\" class=\"wp-image-23637\" srcset=\"https:\/\/www.suedzucker.pl\/wp-content\/uploads\/2025\/06\/8.-Innvigo-1024x577.png 1024w, https:\/\/www.suedzucker.pl\/wp-content\/uploads\/2025\/06\/8.-Innvigo-300x169.png 300w, https:\/\/www.suedzucker.pl\/wp-content\/uploads\/2025\/06\/8.-Innvigo-768x433.png 768w, https:\/\/www.suedzucker.pl\/wp-content\/uploads\/2025\/06\/8.-Innvigo-500x282.png 500w, https:\/\/www.suedzucker.pl\/wp-content\/uploads\/2025\/06\/8.-Innvigo.png 1409w\" sizes=\"auto, (max-width: 1024px) 100vw, 1024px\" \/><\/a><\/figure>\n<\/div>\n\n\n<h4 class=\"wp-block-heading\">Stan zachwaszczenia\u00a0 &#8211; 22 tydzie\u0144 kalendarzowy (po III zabiegu)<\/h4>\n\n\n<div class=\"wp-block-image\">\n<figure class=\"aligncenter size-large\"><a href=\"https:\/\/www.suedzucker.pl\/wp-content\/uploads\/2025\/06\/9.-Osadkowski.png\"><img loading=\"lazy\" decoding=\"async\" width=\"1024\" height=\"576\" src=\"https:\/\/www.suedzucker.pl\/wp-content\/uploads\/2025\/06\/9.-Osadkowski-1024x576.png\" alt=\"\" class=\"wp-image-23638\" srcset=\"https:\/\/www.suedzucker.pl\/wp-content\/uploads\/2025\/06\/9.-Osadkowski-1024x576.png 1024w, https:\/\/www.suedzucker.pl\/wp-content\/uploads\/2025\/06\/9.-Osadkowski-300x169.png 300w, https:\/\/www.suedzucker.pl\/wp-content\/uploads\/2025\/06\/9.-Osadkowski-768x432.png 768w, https:\/\/www.suedzucker.pl\/wp-content\/uploads\/2025\/06\/9.-Osadkowski-500x281.png 500w, https:\/\/www.suedzucker.pl\/wp-content\/uploads\/2025\/06\/9.-Osadkowski.png 1405w\" sizes=\"auto, (max-width: 1024px) 100vw, 1024px\" \/><\/a><\/figure>\n<\/div>\n\n\n<h4 class=\"wp-block-heading\">Stan zachwaszczenia\u00a0 &#8211; 22 tydzie\u0144 kalendarzowy (po III zabiegu)<\/h4>\n\n\n<div class=\"wp-block-image\">\n<figure class=\"aligncenter size-large\"><a href=\"https:\/\/www.suedzucker.pl\/wp-content\/uploads\/2025\/06\/10.-SZP.png\"><img loading=\"lazy\" decoding=\"async\" width=\"1024\" height=\"579\" src=\"https:\/\/www.suedzucker.pl\/wp-content\/uploads\/2025\/06\/10.-SZP-1024x579.png\" alt=\"\" class=\"wp-image-23639\" srcset=\"https:\/\/www.suedzucker.pl\/wp-content\/uploads\/2025\/06\/10.-SZP-1024x579.png 1024w, https:\/\/www.suedzucker.pl\/wp-content\/uploads\/2025\/06\/10.-SZP-300x170.png 300w, https:\/\/www.suedzucker.pl\/wp-content\/uploads\/2025\/06\/10.-SZP-768x434.png 768w, https:\/\/www.suedzucker.pl\/wp-content\/uploads\/2025\/06\/10.-SZP-500x283.png 500w, https:\/\/www.suedzucker.pl\/wp-content\/uploads\/2025\/06\/10.-SZP.png 1409w\" sizes=\"auto, (max-width: 1024px) 100vw, 1024px\" \/><\/a><\/figure>\n<\/div>\n\n\n<h4 class=\"wp-block-heading\">Stan zachwaszczenia\u00a0 &#8211; 22 tydzie\u0144 kalendarzowy (po III zabiegu)<\/h4>\n\n\n<div class=\"wp-block-image\">\n<figure class=\"aligncenter size-large\"><a href=\"https:\/\/www.suedzucker.pl\/wp-content\/uploads\/2025\/06\/11.-wariant-kontrolny.png\"><img loading=\"lazy\" decoding=\"async\" width=\"1024\" height=\"579\" src=\"https:\/\/www.suedzucker.pl\/wp-content\/uploads\/2025\/06\/11.-wariant-kontrolny-1024x579.png\" alt=\"\" class=\"wp-image-23640\" srcset=\"https:\/\/www.suedzucker.pl\/wp-content\/uploads\/2025\/06\/11.-wariant-kontrolny-1024x579.png 1024w, https:\/\/www.suedzucker.pl\/wp-content\/uploads\/2025\/06\/11.-wariant-kontrolny-300x170.png 300w, https:\/\/www.suedzucker.pl\/wp-content\/uploads\/2025\/06\/11.-wariant-kontrolny-768x434.png 768w, https:\/\/www.suedzucker.pl\/wp-content\/uploads\/2025\/06\/11.-wariant-kontrolny-500x283.png 500w, https:\/\/www.suedzucker.pl\/wp-content\/uploads\/2025\/06\/11.-wariant-kontrolny.png 1408w\" sizes=\"auto, (max-width: 1024px) 100vw, 1024px\" \/><\/a><\/figure>\n<\/div>\n\n\n<h4 class=\"wp-block-heading\">Chwasty wyst\u0119puj\u0105ce na stanowisku do\u015bwiadczalnym<\/h4>\n\n\n<div class=\"wp-block-image\">\n<figure class=\"aligncenter size-large\"><a href=\"https:\/\/www.suedzucker.pl\/wp-content\/uploads\/2025\/06\/12.-chwasty.png\"><img loading=\"lazy\" decoding=\"async\" width=\"1024\" height=\"579\" src=\"https:\/\/www.suedzucker.pl\/wp-content\/uploads\/2025\/06\/12.-chwasty-1024x579.png\" alt=\"\" class=\"wp-image-23641\" srcset=\"https:\/\/www.suedzucker.pl\/wp-content\/uploads\/2025\/06\/12.-chwasty-1024x579.png 1024w, https:\/\/www.suedzucker.pl\/wp-content\/uploads\/2025\/06\/12.-chwasty-300x170.png 300w, https:\/\/www.suedzucker.pl\/wp-content\/uploads\/2025\/06\/12.-chwasty-768x435.png 768w, https:\/\/www.suedzucker.pl\/wp-content\/uploads\/2025\/06\/12.-chwasty-500x283.png 500w, https:\/\/www.suedzucker.pl\/wp-content\/uploads\/2025\/06\/12.-chwasty.png 1414w\" sizes=\"auto, (max-width: 1024px) 100vw, 1024px\" \/><\/a><\/figure>\n<\/div>\n\n\n<p><\/p>\n","protected":false},"excerpt":{"rendered":"<p>Terminy zabieg\u00f3w Testowane warianty ochrony herbicydowej Skuteczno\u015b\u0107 wariant\u00f3w ochrony herbicydowej, a koszty Stan zachwaszczenia\u00a0 &#8211; 22 tydzie\u0144 kalendarzowy (po III zabiegu) Stan zachwaszczenia\u00a0 &#8211; 22 tydzie\u0144 kalendarzowy (po III zabiegu)&#8230;<\/p>\n","protected":false},"author":4,"featured_media":0,"parent":23499,"menu_order":2,"comment_status":"closed","ping_status":"closed","template":"","meta":{"_acf_changed":false,"inline_featured_image":false,"footnotes":"","_wp_rev_ctl_limit":""},"class_list":["post-23627","page","type-page","status-publish","hentry"],"acf":[],"yoast_head":"<!-- This site is optimized with the Yoast SEO plugin v27.3 - https:\/\/yoast.com\/product\/yoast-seo-wordpress\/ -->\n<title>Herbicydowe 2025 - S\u00fcdzucker Polska<\/title>\n<meta name=\"robots\" content=\"index, follow, max-snippet:-1, max-image-preview:large, max-video-preview:-1\" \/>\n<link rel=\"canonical\" href=\"https:\/\/www.suedzucker.pl\/en\/serwis-plantatorski\/doswiadczenia\/wyniki-doswiadczen-2025\/herbicydowe-2025\/\" \/>\n<meta property=\"og:locale\" content=\"en_US\" \/>\n<meta property=\"og:type\" content=\"article\" \/>\n<meta property=\"og:title\" content=\"Herbicydowe 2025 - S\u00fcdzucker Polska\" \/>\n<meta property=\"og:description\" content=\"Terminy zabieg\u00f3w Testowane warianty ochrony herbicydowej Skuteczno\u015b\u0107 wariant\u00f3w ochrony herbicydowej, a koszty Stan zachwaszczenia\u00a0 &#8211; 22 tydzie\u0144 kalendarzowy (po III zabiegu) Stan zachwaszczenia\u00a0 &#8211; 22 tydzie\u0144 kalendarzowy (po III zabiegu)...\" \/>\n<meta property=\"og:url\" content=\"https:\/\/www.suedzucker.pl\/en\/serwis-plantatorski\/doswiadczenia\/wyniki-doswiadczen-2025\/herbicydowe-2025\/\" \/>\n<meta property=\"og:site_name\" content=\"S\u00fcdzucker Polska\" \/>\n<meta property=\"article:modified_time\" content=\"2025-06-02T07:46:59+00:00\" \/>\n<meta property=\"og:image\" content=\"https:\/\/www.suedzucker.pl\/wp-content\/uploads\/2025\/06\/1.-terminy-1024x576.png\" \/>\n<meta name=\"twitter:card\" content=\"summary_large_image\" \/>\n<meta name=\"twitter:label1\" content=\"Est. reading time\" \/>\n\t<meta name=\"twitter:data1\" content=\"3 minutes\" \/>\n<script type=\"application\/ld+json\" class=\"yoast-schema-graph\">{\"@context\":\"https:\\\/\\\/schema.org\",\"@graph\":[{\"@type\":\"WebPage\",\"@id\":\"https:\\\/\\\/www.suedzucker.pl\\\/en\\\/serwis-plantatorski\\\/doswiadczenia\\\/wyniki-doswiadczen-2025\\\/herbicydowe-2025\\\/\",\"url\":\"https:\\\/\\\/www.suedzucker.pl\\\/en\\\/serwis-plantatorski\\\/doswiadczenia\\\/wyniki-doswiadczen-2025\\\/herbicydowe-2025\\\/\",\"name\":\"Herbicydowe 2025 - S\u00fcdzucker Polska\",\"isPartOf\":{\"@id\":\"https:\\\/\\\/www.suedzucker.pl\\\/en\\\/#website\"},\"primaryImageOfPage\":{\"@id\":\"https:\\\/\\\/www.suedzucker.pl\\\/en\\\/serwis-plantatorski\\\/doswiadczenia\\\/wyniki-doswiadczen-2025\\\/herbicydowe-2025\\\/#primaryimage\"},\"image\":{\"@id\":\"https:\\\/\\\/www.suedzucker.pl\\\/en\\\/serwis-plantatorski\\\/doswiadczenia\\\/wyniki-doswiadczen-2025\\\/herbicydowe-2025\\\/#primaryimage\"},\"thumbnailUrl\":\"https:\\\/\\\/www.suedzucker.pl\\\/wp-content\\\/uploads\\\/2025\\\/06\\\/1.-terminy-1024x576.png\",\"datePublished\":\"2025-06-02T07:38:43+00:00\",\"dateModified\":\"2025-06-02T07:46:59+00:00\",\"breadcrumb\":{\"@id\":\"https:\\\/\\\/www.suedzucker.pl\\\/en\\\/serwis-plantatorski\\\/doswiadczenia\\\/wyniki-doswiadczen-2025\\\/herbicydowe-2025\\\/#breadcrumb\"},\"inLanguage\":\"en-US\",\"potentialAction\":[{\"@type\":\"ReadAction\",\"target\":[\"https:\\\/\\\/www.suedzucker.pl\\\/en\\\/serwis-plantatorski\\\/doswiadczenia\\\/wyniki-doswiadczen-2025\\\/herbicydowe-2025\\\/\"]}]},{\"@type\":\"ImageObject\",\"inLanguage\":\"en-US\",\"@id\":\"https:\\\/\\\/www.suedzucker.pl\\\/en\\\/serwis-plantatorski\\\/doswiadczenia\\\/wyniki-doswiadczen-2025\\\/herbicydowe-2025\\\/#primaryimage\",\"url\":\"https:\\\/\\\/www.suedzucker.pl\\\/wp-content\\\/uploads\\\/2025\\\/06\\\/1.-terminy-1024x576.png\",\"contentUrl\":\"https:\\\/\\\/www.suedzucker.pl\\\/wp-content\\\/uploads\\\/2025\\\/06\\\/1.-terminy-1024x576.png\"},{\"@type\":\"BreadcrumbList\",\"@id\":\"https:\\\/\\\/www.suedzucker.pl\\\/en\\\/serwis-plantatorski\\\/doswiadczenia\\\/wyniki-doswiadczen-2025\\\/herbicydowe-2025\\\/#breadcrumb\",\"itemListElement\":[{\"@type\":\"ListItem\",\"position\":1,\"name\":\"Home page\",\"item\":\"https:\\\/\\\/www.suedzucker.pl\\\/en\\\/serwis-plantatorski\\\/\"},{\"@type\":\"ListItem\",\"position\":2,\"name\":\"Do\u015bwiadczenia\",\"item\":\"https:\\\/\\\/www.suedzucker.pl\\\/serwis-plantatorski\\\/doswiadczenia\\\/\"},{\"@type\":\"ListItem\",\"position\":3,\"name\":\"Wyniki do\u015bwiadcze\u0144 2025\",\"item\":\"https:\\\/\\\/www.suedzucker.pl\\\/serwis-plantatorski\\\/doswiadczenia\\\/wyniki-doswiadczen-2025\\\/\"},{\"@type\":\"ListItem\",\"position\":4,\"name\":\"Herbicydowe 2025\"}]},{\"@type\":\"WebSite\",\"@id\":\"https:\\\/\\\/www.suedzucker.pl\\\/en\\\/#website\",\"url\":\"https:\\\/\\\/www.suedzucker.pl\\\/en\\\/\",\"name\":\"S\u00fcdzucker Polska\",\"description\":\"Jeste\u015bmy wiod\u0105cym producentem cukru w Polsce\",\"potentialAction\":[{\"@type\":\"SearchAction\",\"target\":{\"@type\":\"EntryPoint\",\"urlTemplate\":\"https:\\\/\\\/www.suedzucker.pl\\\/en\\\/?s={search_term_string}\"},\"query-input\":{\"@type\":\"PropertyValueSpecification\",\"valueRequired\":true,\"valueName\":\"search_term_string\"}}],\"inLanguage\":\"en-US\"}]}<\/script>\n<!-- \/ Yoast SEO plugin. -->","yoast_head_json":{"title":"Herbicydowe 2025 - S\u00fcdzucker Polska","robots":{"index":"index","follow":"follow","max-snippet":"max-snippet:-1","max-image-preview":"max-image-preview:large","max-video-preview":"max-video-preview:-1"},"canonical":"https:\/\/www.suedzucker.pl\/en\/serwis-plantatorski\/doswiadczenia\/wyniki-doswiadczen-2025\/herbicydowe-2025\/","og_locale":"en_US","og_type":"article","og_title":"Herbicydowe 2025 - S\u00fcdzucker Polska","og_description":"Terminy zabieg\u00f3w Testowane warianty ochrony herbicydowej Skuteczno\u015b\u0107 wariant\u00f3w ochrony herbicydowej, a koszty Stan zachwaszczenia\u00a0 &#8211; 22 tydzie\u0144 kalendarzowy (po III zabiegu) Stan zachwaszczenia\u00a0 &#8211; 22 tydzie\u0144 kalendarzowy (po III zabiegu)...","og_url":"https:\/\/www.suedzucker.pl\/en\/serwis-plantatorski\/doswiadczenia\/wyniki-doswiadczen-2025\/herbicydowe-2025\/","og_site_name":"S\u00fcdzucker Polska","article_modified_time":"2025-06-02T07:46:59+00:00","og_image":[{"url":"https:\/\/www.suedzucker.pl\/wp-content\/uploads\/2025\/06\/1.-terminy-1024x576.png","type":"","width":"","height":""}],"twitter_card":"summary_large_image","twitter_misc":{"Est. reading time":"3 minutes"},"schema":{"@context":"https:\/\/schema.org","@graph":[{"@type":"WebPage","@id":"https:\/\/www.suedzucker.pl\/en\/serwis-plantatorski\/doswiadczenia\/wyniki-doswiadczen-2025\/herbicydowe-2025\/","url":"https:\/\/www.suedzucker.pl\/en\/serwis-plantatorski\/doswiadczenia\/wyniki-doswiadczen-2025\/herbicydowe-2025\/","name":"Herbicydowe 2025 - S\u00fcdzucker Polska","isPartOf":{"@id":"https:\/\/www.suedzucker.pl\/en\/#website"},"primaryImageOfPage":{"@id":"https:\/\/www.suedzucker.pl\/en\/serwis-plantatorski\/doswiadczenia\/wyniki-doswiadczen-2025\/herbicydowe-2025\/#primaryimage"},"image":{"@id":"https:\/\/www.suedzucker.pl\/en\/serwis-plantatorski\/doswiadczenia\/wyniki-doswiadczen-2025\/herbicydowe-2025\/#primaryimage"},"thumbnailUrl":"https:\/\/www.suedzucker.pl\/wp-content\/uploads\/2025\/06\/1.-terminy-1024x576.png","datePublished":"2025-06-02T07:38:43+00:00","dateModified":"2025-06-02T07:46:59+00:00","breadcrumb":{"@id":"https:\/\/www.suedzucker.pl\/en\/serwis-plantatorski\/doswiadczenia\/wyniki-doswiadczen-2025\/herbicydowe-2025\/#breadcrumb"},"inLanguage":"en-US","potentialAction":[{"@type":"ReadAction","target":["https:\/\/www.suedzucker.pl\/en\/serwis-plantatorski\/doswiadczenia\/wyniki-doswiadczen-2025\/herbicydowe-2025\/"]}]},{"@type":"ImageObject","inLanguage":"en-US","@id":"https:\/\/www.suedzucker.pl\/en\/serwis-plantatorski\/doswiadczenia\/wyniki-doswiadczen-2025\/herbicydowe-2025\/#primaryimage","url":"https:\/\/www.suedzucker.pl\/wp-content\/uploads\/2025\/06\/1.-terminy-1024x576.png","contentUrl":"https:\/\/www.suedzucker.pl\/wp-content\/uploads\/2025\/06\/1.-terminy-1024x576.png"},{"@type":"BreadcrumbList","@id":"https:\/\/www.suedzucker.pl\/en\/serwis-plantatorski\/doswiadczenia\/wyniki-doswiadczen-2025\/herbicydowe-2025\/#breadcrumb","itemListElement":[{"@type":"ListItem","position":1,"name":"Home page","item":"https:\/\/www.suedzucker.pl\/en\/serwis-plantatorski\/"},{"@type":"ListItem","position":2,"name":"Do\u015bwiadczenia","item":"https:\/\/www.suedzucker.pl\/serwis-plantatorski\/doswiadczenia\/"},{"@type":"ListItem","position":3,"name":"Wyniki do\u015bwiadcze\u0144 2025","item":"https:\/\/www.suedzucker.pl\/serwis-plantatorski\/doswiadczenia\/wyniki-doswiadczen-2025\/"},{"@type":"ListItem","position":4,"name":"Herbicydowe 2025"}]},{"@type":"WebSite","@id":"https:\/\/www.suedzucker.pl\/en\/#website","url":"https:\/\/www.suedzucker.pl\/en\/","name":"S\u00fcdzucker Polska","description":"Jeste\u015bmy wiod\u0105cym producentem cukru w Polsce","potentialAction":[{"@type":"SearchAction","target":{"@type":"EntryPoint","urlTemplate":"https:\/\/www.suedzucker.pl\/en\/?s={search_term_string}"},"query-input":{"@type":"PropertyValueSpecification","valueRequired":true,"valueName":"search_term_string"}}],"inLanguage":"en-US"}]}},"_links":{"self":[{"href":"https:\/\/www.suedzucker.pl\/en\/wp-json\/wp\/v2\/pages\/23627","targetHints":{"allow":["GET"]}}],"collection":[{"href":"https:\/\/www.suedzucker.pl\/en\/wp-json\/wp\/v2\/pages"}],"about":[{"href":"https:\/\/www.suedzucker.pl\/en\/wp-json\/wp\/v2\/types\/page"}],"author":[{"embeddable":true,"href":"https:\/\/www.suedzucker.pl\/en\/wp-json\/wp\/v2\/users\/4"}],"replies":[{"embeddable":true,"href":"https:\/\/www.suedzucker.pl\/en\/wp-json\/wp\/v2\/comments?post=23627"}],"version-history":[{"count":2,"href":"https:\/\/www.suedzucker.pl\/en\/wp-json\/wp\/v2\/pages\/23627\/revisions"}],"predecessor-version":[{"id":23642,"href":"https:\/\/www.suedzucker.pl\/en\/wp-json\/wp\/v2\/pages\/23627\/revisions\/23642"}],"up":[{"embeddable":true,"href":"https:\/\/www.suedzucker.pl\/en\/wp-json\/wp\/v2\/pages\/23499"}],"wp:attachment":[{"href":"https:\/\/www.suedzucker.pl\/en\/wp-json\/wp\/v2\/media?parent=23627"}],"curies":[{"name":"wp","href":"https:\/\/api.w.org\/{rel}","templated":true}]}}