{"id":241,"date":"2020-05-14T15:52:56","date_gmt":"2020-05-14T13:52:56","guid":{"rendered":"http:\/\/suedzucker.pl\/?page_id=241"},"modified":"2025-02-05T10:21:48","modified_gmt":"2025-02-05T09:21:48","slug":"oferty-pracy","status":"publish","type":"page","link":"https:\/\/www.suedzucker.pl\/en\/kariera\/oferty-pracy\/","title":{"rendered":"Oferty pracy"},"content":{"rendered":"<section  class=\"job-category corporate\">\r\n    <div class=\"section-content\">\r\n            <h3 class=\"section-content__subtitle font-18 corporate\">Oferty pracy i sta\u017cy<\/h3>\r\n        \r\n            <h2 class=\"section-content__title font-36\">Znajd\u017a idealne stanowisko dla siebie!<\/h2>\r\n      \r\n            <p class=\"section-content__text\">Zobacz kogo aktualnie szukamy &#8211; wybierz spo\u015br\u00f3d proponowanych ofert pracy lub ofert praktyk i sta\u017cy.<\/p>\r\n     \r\n<\/div>    <div class=\"job-offers__btn-wrapper margin-60 corporate\">\r\n        <button class=\"btn btn--empty js-button-type js-search corporate\" data-value=\"Praca\" data-title=\"Current job offers\">Job offers<\/button>\r\n        <button class=\"btn btn--empty js-button-type js-search corporate\" data-value=\"Sta\u017c\" data-title=\"Current Internships and apprenticeships offers\">Internships and apprenticeships offers<\/button>\r\n    <\/div>\r\n<\/section>\r\n<section class=\"job-offers corporate \">\r\n    <h3 class=\"job-offers__title js-title\" data-class=\"corporate\"><\/h3>\r\n    <div class=\"job-offers__filters margin-60\">\r\n        <select class=\"job-offers__select font-20 js-deparment-select\" name=\"department\" style=\"background-image: url(https:\/\/www.suedzucker.pl\/wp-content\/uploads\/2020\/05\/strzalka_filtrowanie.svg);\">\r\n            <option value=\"\">Any department<\/option>\r\n                        <option value=\"Administracja\">Administracja<\/option>\r\n                        <option value=\"IT\">IT<\/option>\r\n                        <option value=\"Laboratoria\">Laboratoria<\/option>\r\n                        <option value=\"Laboratorium\">Laboratorium<\/option>\r\n                        <option value=\"Produkcja\">Produkcja<\/option>\r\n                        <option value=\"Surowiec\">Surowiec<\/option>\r\n                        <option value=\"Technika\">Technika<\/option>\r\n                    <\/select>\r\n        <select class=\"job-offers__select font-20 js-localization-select\" name=\"localization\" style=\"background-image: url(https:\/\/www.suedzucker.pl\/wp-content\/uploads\/2020\/05\/strzalka_filtrowanie.svg);\">\r\n            <option value=\"\">Any location<\/option>\r\n                        <option value=\"Cukrownia Cerekiew\">Cukrownia Cerekiew<\/option>\r\n                        <option value=\"Cukrownia Ropczyce\">Cukrownia Ropczyce<\/option>\r\n                        <option value=\"Cukrownia Strzelin\">Cukrownia Strzelin<\/option>\r\n                        <option value=\"Cukrownia \u015awidnica\">Cukrownia \u015awidnica<\/option>\r\n                        <option value=\"Gospodarstwo Rolne\">Gospodarstwo Rolne<\/option>\r\n                        <option value=\"Krak\u00f3w\">Krak\u00f3w<\/option>\r\n                        <option value=\"Pszenno\">Pszenno<\/option>\r\n                        <option value=\"Wieliczka\">Wieliczka<\/option>\r\n                        <option value=\"Wroc\u0142aw\">Wroc\u0142aw<\/option>\r\n                    <\/select>\r\n        <button class=\"job-offers__search js-search btn btn--full corporate\">Show offers<\/button>\r\n    <\/div>\r\n    <div class=\"job-offers__list margin-100\">\r\n\r\n        <!-- \/* sMi'2023 *\/ -->\r\n        <!--<span class=\"job-offers__counter font-16\">--><!-- <span class=\"js-counter\"><\/span><\/span>-->\r\n        <!-- \/* sMi'2023 *\/ -->\r\n\r\n        <div class=\"job-offers__leg font-22\">\r\n            <div class=\"job-offers__col-1 center\">Position<\/div>\r\n            <div class=\"job-offers__col-2\">Department<\/div>\r\n            <div class=\"job-offers__col-3\">Location<\/div>\r\n        <\/div>\r\n\t\t<!--showing number of jobs-->\r\n        <div class=\"js-ajax-job\">\r\n            <!-- AJAX -->\r\n        <\/div>\r\n\r\n        <!-- \/* sMi'2023 *\/ -->\r\n        <div style=\"display: flex; padding: 1rem 0 1.8rem 0; justify-content: flex-end;\">\r\n            <select class=\"job-offers__select font-20 js-pagged-select\" name=\"pagged\" style=\"display: none;\">\r\n                <option value=\"1\">1<\/option>\r\n            <\/select>\r\n\r\n            <button class=\"job-offers__search js-search btn btn--full corporate\">Show offers<\/button>\r\n        <\/div>\r\n        <!-- \/* sMi'2023 *\/ -->\r\n\r\n    <\/div>\r\n<\/section>\r\n\n\n<section  class=\"link-section corporate bg\">\r\n    <div class=\"section-content\">\r\n            <h3 class=\"section-content__subtitle font-18 corporate\">Oferty pracy i sta\u017cy<\/h3>\r\n        \r\n            <h2 class=\"section-content__title font-36\">Nie znalaz\u0142e\u015b oferty dla siebie? Napisz do nas!<\/h2>\r\n      \r\n            <p class=\"section-content__text\">Zostaw nam Swoje CV. Skontaktujemy si\u0119 z Tob\u0105,<br> jak tylko pojawi si\u0119 oferta odpowiednia dla Ciebie.<\/p>\r\n     \r\n<\/div>    <div class=\"link-section__btn-wrapper\">\r\n                                                         \r\n            <a class=\"btn btn--empty corporate\" target=\"_blank\" href=\"https:\/\/www.suedzucker.pl\/kariera\/formularz-aplikacyjny\/\">Aplikuj<\/a>\r\n                                        <\/div>\r\n<\/section>\n\n<section  class=\"benefits-hover corporate \">\r\n    <div class=\"section-content\">\r\n            <h3 class=\"section-content__subtitle font-18 corporate\">Benefity<\/h3>\r\n        \r\n            <h2 class=\"section-content__title font-36\">Dlaczego warto u nas pracowa\u0107?<\/h2>\r\n      \r\n            <p class=\"section-content__text\">Dbamy o swoich pracownik\u00f3w oferuj\u0105c im mo\u017cliwo\u015b\u0107 rozwoju, a tak\u017ce szereg pozap\u0142acowych benefit\u00f3w.\r\n<\/p>\r\n     \r\n<\/div>    <ul class=\"benefits-hover__list\">\r\n                        \r\n            <li class=\"benefit-hover corporate\">\r\n                <img loading=\"lazy\" decoding=\"async\" width=\"1\" height=\"1\" src=\"https:\/\/www.suedzucker.pl\/wp-content\/uploads\/2020\/07\/opieka_medyczna.svg\" class=\"benefit-hover__img\" alt=\"\" \/> \r\n                <h3 class=\"benefit-hover__title font-22 font-reg\">Prywatna opieka medyczna<\/h3>\r\n                                                    <div class=\"benefit-hover__hover corporate\">\r\n                        <h3 class=\"benefit-hover__title-2 font-22\">Prywatna opieka medyczna<\/h3>\r\n                        <p class=\"benefit-hover__desc font-16\">\r\n                            Dbaj\u0105c o zdrowie naszych pracownik\u00f3w, zapewniamy im prywatn\u0105 opiek\u0119 medyczn\u0105 EnelMed w ramach indywidualnie dobranych pakiet\u00f3w z mo\u017cliwo\u015bci\u0105 rozszerzenia jej na cz\u0142onk\u00f3w rodziny.                        <\/p>\r\n                    <\/div>\r\n                            <\/li>\r\n                \r\n            <li class=\"benefit-hover corporate\">\r\n                <img loading=\"lazy\" decoding=\"async\" width=\"1\" height=\"1\" src=\"https:\/\/www.suedzucker.pl\/wp-content\/uploads\/2020\/07\/sport_kultura.svg\" class=\"benefit-hover__img\" alt=\"\" \/> \r\n                <h3 class=\"benefit-hover__title font-22 font-reg\">Karta Sport &#038; Kultura<\/h3>\r\n                                                    <div class=\"benefit-hover__hover corporate\">\r\n                        <h3 class=\"benefit-hover__title-2 font-22\">Karta Sport &#038; Kultura<\/h3>\r\n                        <p class=\"benefit-hover__desc font-16\">\r\n                            Staramy si\u0119 uprzyjemnia\u0107 naszym pracownikom czas wolny. Karta Sport &#038; Kultura EdenRed zapewnia im rozrywk\u0119 niezale\u017cnie od upodoba\u0144.                        <\/p>\r\n                    <\/div>\r\n                            <\/li>\r\n                \r\n            <li class=\"benefit-hover corporate\">\r\n                <img loading=\"lazy\" decoding=\"async\" width=\"1\" height=\"1\" src=\"https:\/\/www.suedzucker.pl\/wp-content\/uploads\/2020\/07\/karta_posilkowa.svg\" class=\"benefit-hover__img\" alt=\"\" \/> \r\n                <h3 class=\"benefit-hover__title font-22 font-reg\">Karta posi\u0142kowa<\/h3>\r\n                                                    <div class=\"benefit-hover__hover corporate\">\r\n                        <h3 class=\"benefit-hover__title-2 font-22\">Karta posi\u0142kowa<\/h3>\r\n                        <p class=\"benefit-hover__desc font-16\">\r\n                            Naszym pracownikom zapewniamy kart\u0119 posi\u0142kow\u0105 EdenRed do wykorzystania w wielu restauracjach na terenie Polski.                        <\/p>\r\n                    <\/div>\r\n                            <\/li>\r\n                \r\n            <li class=\"benefit-hover corporate\">\r\n                <img loading=\"lazy\" decoding=\"async\" width=\"1\" height=\"1\" src=\"https:\/\/www.suedzucker.pl\/wp-content\/uploads\/2020\/07\/deputat_cukrowy.svg\" class=\"benefit-hover__img\" alt=\"\" \/> \r\n                <h3 class=\"benefit-hover__title font-22 font-reg\">Deputat cukrowy<\/h3>\r\n                                                    <div class=\"benefit-hover__hover corporate\">\r\n                        <h3 class=\"benefit-hover__title-2 font-22\">Deputat cukrowy<\/h3>\r\n                        <p class=\"benefit-hover__desc font-16\">\r\n                            Nasi pracownicy raz w roku otrzymuj\u0105 Cukier Kr\u00f3lewski, w postaci r\u00f3\u017cnego asortymentu cukr\u00f3w.                        <\/p>\r\n                    <\/div>\r\n                            <\/li>\r\n                \r\n            <li class=\"benefit-hover corporate\">\r\n                <img loading=\"lazy\" decoding=\"async\" width=\"1\" height=\"1\" src=\"https:\/\/www.suedzucker.pl\/wp-content\/uploads\/2020\/07\/pozyczki.svg\" class=\"benefit-hover__img\" alt=\"\" \/> \r\n                <h3 class=\"benefit-hover__title font-22 font-reg\">Po\u017cyczki i pomoc finansowa<\/h3>\r\n                                                    <div class=\"benefit-hover__hover corporate\">\r\n                        <h3 class=\"benefit-hover__title-2 font-22\">Po\u017cyczki i pomoc finansowa<\/h3>\r\n                        <p class=\"benefit-hover__desc font-16\">\r\n                            Naszym pracownikom udzielamy niskooprocentowanych po\u017cyczek mieszkaniowych, a w trudnej sytuacji losowej przyznajemy  bezzwrotn\u0105 pomoc finansow\u0105 w formie zapomogi.                        <\/p>\r\n                    <\/div>\r\n                            <\/li>\r\n                \r\n            <li class=\"benefit-hover corporate\">\r\n                <img loading=\"lazy\" decoding=\"async\" width=\"1\" height=\"1\" src=\"https:\/\/www.suedzucker.pl\/wp-content\/uploads\/2020\/07\/dofinansowanie_edukacji.svg\" class=\"benefit-hover__img\" alt=\"\" \/> \r\n                <h3 class=\"benefit-hover__title font-22 font-reg\">Dofinansowanie edukacji<\/h3>\r\n                                                    <div class=\"benefit-hover__hover corporate\">\r\n                        <h3 class=\"benefit-hover__title-2 font-22\">Dofinansowanie edukacji<\/h3>\r\n                        <p class=\"benefit-hover__desc font-16\">\r\n                            Nasi pracownicy maj\u0105 mo\u017cliwo\u015b\u0107 ci\u0105g\u0142ego rozwoju zawodowego i podnoszenia kwalifikacji w ramach r\u00f3\u017cnych szkole\u0144.                        <\/p>\r\n                    <\/div>\r\n                            <\/li>\r\n                \r\n            <li class=\"benefit-hover corporate\">\r\n                <img loading=\"lazy\" decoding=\"async\" width=\"1\" height=\"1\" src=\"https:\/\/www.suedzucker.pl\/wp-content\/uploads\/2020\/07\/awans.svg\" class=\"benefit-hover__img\" alt=\"\" \/> \r\n                <h3 class=\"benefit-hover__title font-22 font-reg\">Mo\u017cliwo\u015b\u0107 awansu<\/h3>\r\n                                                    <div class=\"benefit-hover__hover corporate\">\r\n                        <h3 class=\"benefit-hover__title-2 font-22\">Mo\u017cliwo\u015b\u0107 awansu<\/h3>\r\n                        <p class=\"benefit-hover__desc font-16\">\r\n                            Doceniamy pracownik\u00f3w za ich zaanga\u017cowanie, do\u015bwiadczenie, nak\u0142ad pracy i ch\u0119\u0107 rozwoju.                        <\/p>\r\n                    <\/div>\r\n                            <\/li>\r\n                \r\n            <li class=\"benefit-hover corporate\">\r\n                <img loading=\"lazy\" decoding=\"async\" width=\"1\" height=\"1\" src=\"https:\/\/www.suedzucker.pl\/wp-content\/uploads\/2020\/07\/ubezpieczenie.svg\" class=\"benefit-hover__img\" alt=\"\" \/> \r\n                <h3 class=\"benefit-hover__title font-22 font-reg\">Dodatkowe ubezpieczenie<\/h3>\r\n                                                    <div class=\"benefit-hover__hover corporate\">\r\n                        <h3 class=\"benefit-hover__title-2 font-22\">Dodatkowe ubezpieczenie<\/h3>\r\n                        <p class=\"benefit-hover__desc font-16\">\r\n                            Dajemy mo\u017cliwo\u015b\u0107 atrakcyjnego ubezpieczenia na \u017cycie oraz dodatkowego ubezpieczenia NNW dla kadry managerskiej.                        <\/p>\r\n                    <\/div>\r\n                            <\/li>\r\n                \r\n            <li class=\"benefit-hover corporate\">\r\n                <img loading=\"lazy\" decoding=\"async\" width=\"1\" height=\"1\" src=\"https:\/\/www.suedzucker.pl\/wp-content\/uploads\/2020\/07\/urodzenie_dziecka.svg\" class=\"benefit-hover__img\" alt=\"\" \/> \r\n                <h3 class=\"benefit-hover__title font-22 font-reg\">\u015awiadczenie z tytu\u0142u urodzenia dziecka<\/h3>\r\n                                                    <div class=\"benefit-hover__hover corporate\">\r\n                        <h3 class=\"benefit-hover__title-2 font-22\">\u015awiadczenie z tytu\u0142u urodzenia dziecka<\/h3>\r\n                        <p class=\"benefit-hover__desc font-16\">\r\n                            Nowonarodzonym cz\u0142onkom naszego zespo\u0142u przesy\u0142amy s\u0142odkie paczki wraz z kart\u0105 przedp\u0142acon\u0105  o warto\u015bci 500 z\u0142.                        <\/p>\r\n                    <\/div>\r\n                            <\/li>\r\n                \r\n            <li class=\"benefit-hover corporate\">\r\n                <img loading=\"lazy\" decoding=\"async\" width=\"1\" height=\"1\" src=\"https:\/\/www.suedzucker.pl\/wp-content\/uploads\/2020\/07\/benefity_swieta.svg\" class=\"benefit-hover__img\" alt=\"\" \/> \r\n                <h3 class=\"benefit-hover__title font-22 font-reg\">Liczne benefity \u015bwi\u0105teczne<\/h3>\r\n                                                    <div class=\"benefit-hover__hover corporate\">\r\n                        <h3 class=\"benefit-hover__title-2 font-22\">Liczne benefity \u015bwi\u0105teczne<\/h3>\r\n                        <p class=\"benefit-hover__desc font-16\">\r\n                            W okresie \u015bwi\u0105tecznym pracownicy otrzymuj\u0105 \u015bwiadczenia pieni\u0119\u017cne oraz paczki miko\u0142ajkowe dla dzieci.  Pracownicy produkcyjni pracuj\u0105cy w Wigili\u0119 i \u015awi\u0119ta Bo\u017cego Narodzenia otrzymuj\u0105 specjalne paczki \u015bwi\u0105teczne.                        <\/p>\r\n                    <\/div>\r\n                            <\/li>\r\n                \r\n            <li class=\"benefit-hover corporate\">\r\n                <img loading=\"lazy\" decoding=\"async\" width=\"1\" height=\"1\" src=\"https:\/\/www.suedzucker.pl\/wp-content\/uploads\/2020\/07\/dzien_zdrowia.svg\" class=\"benefit-hover__img\" alt=\"\" \/> \r\n                <h3 class=\"benefit-hover__title font-22 font-reg\">Dzie\u0144 dla Zdrowia dla pracownik\u00f3w 60+<\/h3>\r\n                                                    <div class=\"benefit-hover__hover corporate\">\r\n                        <h3 class=\"benefit-hover__title-2 font-22\">Dzie\u0144 dla Zdrowia dla pracownik\u00f3w 60+<\/h3>\r\n                        <p class=\"benefit-hover__desc font-16\">\r\n                            Dbamy o najbardziej do\u015bwiadczonych pracownik\u00f3w oferuj\u0105c   Program Profilaktyki Zdrowotnej \u201eDzie\u0144 dla Zdrowia\u201d.                        <\/p>\r\n                    <\/div>\r\n                            <\/li>\r\n                \r\n            <li class=\"benefit-hover corporate\">\r\n                <img loading=\"lazy\" decoding=\"async\" width=\"1\" height=\"1\" src=\"https:\/\/www.suedzucker.pl\/wp-content\/uploads\/2020\/07\/swiadczenie_weekendowe.svg\" class=\"benefit-hover__img\" alt=\"\" \/> \r\n                <h3 class=\"benefit-hover__title font-22 font-reg\">\u015awiadczenie weekendowe<\/h3>\r\n                                                    <div class=\"benefit-hover__hover corporate\">\r\n                        <h3 class=\"benefit-hover__title-2 font-22\">\u015awiadczenie weekendowe<\/h3>\r\n                        <p class=\"benefit-hover__desc font-16\">\r\n                            Naszym pracownikom zapewniamy \u015bwiadczenie socjalne , tzw. \u201ewczasy pod grusz\u0105\u201d.                        <\/p>\r\n                    <\/div>\r\n                            <\/li>\r\n                    <\/ul>\r\n    <\/section>","protected":false},"excerpt":{"rendered":"","protected":false},"author":3,"featured_media":5219,"parent":27,"menu_order":5,"comment_status":"closed","ping_status":"closed","template":"template-full.php","meta":{"_acf_changed":false,"inline_featured_image":false,"footnotes":"","_wp_rev_ctl_limit":""},"class_list":["post-241","page","type-page","status-publish","has-post-thumbnail","hentry"],"acf":[],"yoast_head":"<!-- This site is optimized with the Yoast SEO plugin v27.3 - https:\/\/yoast.com\/product\/yoast-seo-wordpress\/ -->\n<title>Oferty pracy - S\u00fcdzucker Polska<\/title>\n<meta name=\"robots\" content=\"index, follow, max-snippet:-1, max-image-preview:large, max-video-preview:-1\" \/>\n<link rel=\"canonical\" href=\"https:\/\/www.suedzucker.pl\/kariera\/oferty-pracy\/\" \/>\n<meta property=\"og:locale\" content=\"en_US\" \/>\n<meta property=\"og:type\" content=\"article\" \/>\n<meta property=\"og:title\" content=\"Oferty pracy - S\u00fcdzucker Polska\" \/>\n<meta property=\"og:url\" content=\"https:\/\/www.suedzucker.pl\/kariera\/oferty-pracy\/\" \/>\n<meta property=\"og:site_name\" content=\"S\u00fcdzucker Polska\" \/>\n<meta property=\"article:modified_time\" content=\"2025-02-05T09:21:48+00:00\" \/>\n<meta property=\"og:image\" content=\"https:\/\/www.suedzucker.pl\/wp-content\/uploads\/2020\/07\/AdobeStock_316061718-1-scaled-e1596121644680.jpeg\" \/>\n\t<meta property=\"og:image:width\" content=\"2560\" \/>\n\t<meta property=\"og:image:height\" content=\"486\" \/>\n\t<meta property=\"og:image:type\" content=\"image\/jpeg\" \/>\n<meta name=\"twitter:card\" content=\"summary_large_image\" \/>\n<meta name=\"twitter:label1\" content=\"Est. reading time\" \/>\n\t<meta name=\"twitter:data1\" content=\"1 minute\" \/>\n<script type=\"application\/ld+json\" class=\"yoast-schema-graph\">{\"@context\":\"https:\\\/\\\/schema.org\",\"@graph\":[{\"@type\":\"WebPage\",\"@id\":\"https:\\\/\\\/www.suedzucker.pl\\\/kariera\\\/oferty-pracy\\\/\",\"url\":\"https:\\\/\\\/www.suedzucker.pl\\\/kariera\\\/oferty-pracy\\\/\",\"name\":\"Oferty pracy - S\u00fcdzucker Polska\",\"isPartOf\":{\"@id\":\"https:\\\/\\\/www.suedzucker.pl\\\/en\\\/#website\"},\"primaryImageOfPage\":{\"@id\":\"https:\\\/\\\/www.suedzucker.pl\\\/kariera\\\/oferty-pracy\\\/#primaryimage\"},\"image\":{\"@id\":\"https:\\\/\\\/www.suedzucker.pl\\\/kariera\\\/oferty-pracy\\\/#primaryimage\"},\"thumbnailUrl\":\"https:\\\/\\\/www.suedzucker.pl\\\/wp-content\\\/uploads\\\/2020\\\/07\\\/AdobeStock_316061718-1-scaled-e1596121644680.jpeg\",\"datePublished\":\"2020-05-14T13:52:56+00:00\",\"dateModified\":\"2025-02-05T09:21:48+00:00\",\"breadcrumb\":{\"@id\":\"https:\\\/\\\/www.suedzucker.pl\\\/kariera\\\/oferty-pracy\\\/#breadcrumb\"},\"inLanguage\":\"en-US\",\"potentialAction\":[{\"@type\":\"ReadAction\",\"target\":[\"https:\\\/\\\/www.suedzucker.pl\\\/kariera\\\/oferty-pracy\\\/\"]}]},{\"@type\":\"ImageObject\",\"inLanguage\":\"en-US\",\"@id\":\"https:\\\/\\\/www.suedzucker.pl\\\/kariera\\\/oferty-pracy\\\/#primaryimage\",\"url\":\"https:\\\/\\\/www.suedzucker.pl\\\/wp-content\\\/uploads\\\/2020\\\/07\\\/AdobeStock_316061718-1-scaled-e1596121644680.jpeg\",\"contentUrl\":\"https:\\\/\\\/www.suedzucker.pl\\\/wp-content\\\/uploads\\\/2020\\\/07\\\/AdobeStock_316061718-1-scaled-e1596121644680.jpeg\",\"width\":2560,\"height\":486,\"caption\":\"CV with computer keyboard on white desk\"},{\"@type\":\"BreadcrumbList\",\"@id\":\"https:\\\/\\\/www.suedzucker.pl\\\/kariera\\\/oferty-pracy\\\/#breadcrumb\",\"itemListElement\":[{\"@type\":\"ListItem\",\"position\":1,\"name\":\"Home\",\"item\":\"https:\\\/\\\/www.suedzucker.pl\\\/en\\\/\"},{\"@type\":\"ListItem\",\"position\":2,\"name\":\"Kariera\",\"item\":\"https:\\\/\\\/www.suedzucker.pl\\\/kariera\\\/\"},{\"@type\":\"ListItem\",\"position\":3,\"name\":\"Oferty pracy\"}]},{\"@type\":\"WebSite\",\"@id\":\"https:\\\/\\\/www.suedzucker.pl\\\/en\\\/#website\",\"url\":\"https:\\\/\\\/www.suedzucker.pl\\\/en\\\/\",\"name\":\"S\u00fcdzucker Polska\",\"description\":\"Jeste\u015bmy wiod\u0105cym producentem cukru w Polsce\",\"potentialAction\":[{\"@type\":\"SearchAction\",\"target\":{\"@type\":\"EntryPoint\",\"urlTemplate\":\"https:\\\/\\\/www.suedzucker.pl\\\/en\\\/?s={search_term_string}\"},\"query-input\":{\"@type\":\"PropertyValueSpecification\",\"valueRequired\":true,\"valueName\":\"search_term_string\"}}],\"inLanguage\":\"en-US\"}]}<\/script>\n<!-- \/ Yoast SEO plugin. -->","yoast_head_json":{"title":"Oferty pracy - S\u00fcdzucker Polska","robots":{"index":"index","follow":"follow","max-snippet":"max-snippet:-1","max-image-preview":"max-image-preview:large","max-video-preview":"max-video-preview:-1"},"canonical":"https:\/\/www.suedzucker.pl\/kariera\/oferty-pracy\/","og_locale":"en_US","og_type":"article","og_title":"Oferty pracy - S\u00fcdzucker Polska","og_url":"https:\/\/www.suedzucker.pl\/kariera\/oferty-pracy\/","og_site_name":"S\u00fcdzucker Polska","article_modified_time":"2025-02-05T09:21:48+00:00","og_image":[{"width":2560,"height":486,"url":"https:\/\/www.suedzucker.pl\/wp-content\/uploads\/2020\/07\/AdobeStock_316061718-1-scaled-e1596121644680.jpeg","type":"image\/jpeg"}],"twitter_card":"summary_large_image","twitter_misc":{"Est. reading time":"1 minute"},"schema":{"@context":"https:\/\/schema.org","@graph":[{"@type":"WebPage","@id":"https:\/\/www.suedzucker.pl\/kariera\/oferty-pracy\/","url":"https:\/\/www.suedzucker.pl\/kariera\/oferty-pracy\/","name":"Oferty pracy - S\u00fcdzucker Polska","isPartOf":{"@id":"https:\/\/www.suedzucker.pl\/en\/#website"},"primaryImageOfPage":{"@id":"https:\/\/www.suedzucker.pl\/kariera\/oferty-pracy\/#primaryimage"},"image":{"@id":"https:\/\/www.suedzucker.pl\/kariera\/oferty-pracy\/#primaryimage"},"thumbnailUrl":"https:\/\/www.suedzucker.pl\/wp-content\/uploads\/2020\/07\/AdobeStock_316061718-1-scaled-e1596121644680.jpeg","datePublished":"2020-05-14T13:52:56+00:00","dateModified":"2025-02-05T09:21:48+00:00","breadcrumb":{"@id":"https:\/\/www.suedzucker.pl\/kariera\/oferty-pracy\/#breadcrumb"},"inLanguage":"en-US","potentialAction":[{"@type":"ReadAction","target":["https:\/\/www.suedzucker.pl\/kariera\/oferty-pracy\/"]}]},{"@type":"ImageObject","inLanguage":"en-US","@id":"https:\/\/www.suedzucker.pl\/kariera\/oferty-pracy\/#primaryimage","url":"https:\/\/www.suedzucker.pl\/wp-content\/uploads\/2020\/07\/AdobeStock_316061718-1-scaled-e1596121644680.jpeg","contentUrl":"https:\/\/www.suedzucker.pl\/wp-content\/uploads\/2020\/07\/AdobeStock_316061718-1-scaled-e1596121644680.jpeg","width":2560,"height":486,"caption":"CV with computer keyboard on white desk"},{"@type":"BreadcrumbList","@id":"https:\/\/www.suedzucker.pl\/kariera\/oferty-pracy\/#breadcrumb","itemListElement":[{"@type":"ListItem","position":1,"name":"Home","item":"https:\/\/www.suedzucker.pl\/en\/"},{"@type":"ListItem","position":2,"name":"Kariera","item":"https:\/\/www.suedzucker.pl\/kariera\/"},{"@type":"ListItem","position":3,"name":"Oferty pracy"}]},{"@type":"WebSite","@id":"https:\/\/www.suedzucker.pl\/en\/#website","url":"https:\/\/www.suedzucker.pl\/en\/","name":"S\u00fcdzucker Polska","description":"Jeste\u015bmy wiod\u0105cym producentem cukru w Polsce","potentialAction":[{"@type":"SearchAction","target":{"@type":"EntryPoint","urlTemplate":"https:\/\/www.suedzucker.pl\/en\/?s={search_term_string}"},"query-input":{"@type":"PropertyValueSpecification","valueRequired":true,"valueName":"search_term_string"}}],"inLanguage":"en-US"}]}},"_links":{"self":[{"href":"https:\/\/www.suedzucker.pl\/en\/wp-json\/wp\/v2\/pages\/241","targetHints":{"allow":["GET"]}}],"collection":[{"href":"https:\/\/www.suedzucker.pl\/en\/wp-json\/wp\/v2\/pages"}],"about":[{"href":"https:\/\/www.suedzucker.pl\/en\/wp-json\/wp\/v2\/types\/page"}],"author":[{"embeddable":true,"href":"https:\/\/www.suedzucker.pl\/en\/wp-json\/wp\/v2\/users\/3"}],"replies":[{"embeddable":true,"href":"https:\/\/www.suedzucker.pl\/en\/wp-json\/wp\/v2\/comments?post=241"}],"version-history":[{"count":1,"href":"https:\/\/www.suedzucker.pl\/en\/wp-json\/wp\/v2\/pages\/241\/revisions"}],"predecessor-version":[{"id":23108,"href":"https:\/\/www.suedzucker.pl\/en\/wp-json\/wp\/v2\/pages\/241\/revisions\/23108"}],"up":[{"embeddable":true,"href":"https:\/\/www.suedzucker.pl\/en\/wp-json\/wp\/v2\/pages\/27"}],"wp:featuredmedia":[{"embeddable":true,"href":"https:\/\/www.suedzucker.pl\/en\/wp-json\/wp\/v2\/media\/5219"}],"wp:attachment":[{"href":"https:\/\/www.suedzucker.pl\/en\/wp-json\/wp\/v2\/media?parent=241"}],"curies":[{"name":"wp","href":"https:\/\/api.w.org\/{rel}","templated":true}]}}