{"id":24496,"date":"2025-12-04T13:23:16","date_gmt":"2025-12-04T12:23:16","guid":{"rendered":"https:\/\/www.suedzucker.pl\/?page_id=24496"},"modified":"2025-12-04T13:38:21","modified_gmt":"2025-12-04T12:38:21","slug":"fungicydowe-2025","status":"publish","type":"page","link":"https:\/\/www.suedzucker.pl\/en\/serwis-plantatorski\/doswiadczenia\/wyniki-doswiadczen-2025\/fungicydowe-2025\/","title":{"rendered":"Fungicydowe 2025"},"content":{"rendered":"\n<h4 class=\"wp-block-heading\">Warianty ochrony fungicydowej 2025 &#8211; warianty ochrony, dawki, terminy<\/h4>\n\n\n<div class=\"wp-block-image\">\n<figure class=\"aligncenter size-large\"><a href=\"https:\/\/www.suedzucker.pl\/wp-content\/uploads\/2025\/12\/1.-warianty-1.png\"><img loading=\"lazy\" decoding=\"async\" width=\"1024\" height=\"579\" src=\"https:\/\/www.suedzucker.pl\/wp-content\/uploads\/2025\/12\/1.-warianty-1-1024x579.png\" alt=\"\" class=\"wp-image-24506\" srcset=\"https:\/\/www.suedzucker.pl\/wp-content\/uploads\/2025\/12\/1.-warianty-1-1024x579.png 1024w, https:\/\/www.suedzucker.pl\/wp-content\/uploads\/2025\/12\/1.-warianty-1-300x170.png 300w, https:\/\/www.suedzucker.pl\/wp-content\/uploads\/2025\/12\/1.-warianty-1-768x434.png 768w, https:\/\/www.suedzucker.pl\/wp-content\/uploads\/2025\/12\/1.-warianty-1-1536x868.png 1536w, https:\/\/www.suedzucker.pl\/wp-content\/uploads\/2025\/12\/1.-warianty-1-500x283.png 500w, https:\/\/www.suedzucker.pl\/wp-content\/uploads\/2025\/12\/1.-warianty-1.png 1842w\" sizes=\"auto, (max-width: 1024px) 100vw, 1024px\" \/><\/a><\/figure>\n<\/div>\n\n\n<h4 class=\"wp-block-heading\">Ocena wyst\u0119powania chwo\u015bcika &#8211; Do\u015bwiadczenia fungicydowe\u00a02025<\/h4>\n\n\n<div class=\"wp-block-image\">\n<figure class=\"aligncenter size-large\"><a href=\"https:\/\/www.suedzucker.pl\/wp-content\/uploads\/2025\/12\/2.-zdrowotnosc-lisci.png\"><img loading=\"lazy\" decoding=\"async\" width=\"1024\" height=\"578\" src=\"https:\/\/www.suedzucker.pl\/wp-content\/uploads\/2025\/12\/2.-zdrowotnosc-lisci-1024x578.png\" alt=\"\" class=\"wp-image-24500\" srcset=\"https:\/\/www.suedzucker.pl\/wp-content\/uploads\/2025\/12\/2.-zdrowotnosc-lisci-1024x578.png 1024w, https:\/\/www.suedzucker.pl\/wp-content\/uploads\/2025\/12\/2.-zdrowotnosc-lisci-300x169.png 300w, https:\/\/www.suedzucker.pl\/wp-content\/uploads\/2025\/12\/2.-zdrowotnosc-lisci-768x434.png 768w, https:\/\/www.suedzucker.pl\/wp-content\/uploads\/2025\/12\/2.-zdrowotnosc-lisci-1536x868.png 1536w, https:\/\/www.suedzucker.pl\/wp-content\/uploads\/2025\/12\/2.-zdrowotnosc-lisci-500x282.png 500w, https:\/\/www.suedzucker.pl\/wp-content\/uploads\/2025\/12\/2.-zdrowotnosc-lisci.png 1843w\" sizes=\"auto, (max-width: 1024px) 100vw, 1024px\" \/><\/a><\/figure>\n<\/div>\n\n\n<h4 class=\"wp-block-heading\">Technologiczny plon cukru i poziom koszt\u00f3w ochrony fungicydowej \u2013 Do\u015bwiadczenia fungicydowe 2025<\/h4>\n\n\n<div class=\"wp-block-image\">\n<figure class=\"aligncenter size-large\"><a href=\"https:\/\/www.suedzucker.pl\/wp-content\/uploads\/2025\/12\/3.-tech-plon-cukru.png\"><img loading=\"lazy\" decoding=\"async\" width=\"1024\" height=\"574\" src=\"https:\/\/www.suedzucker.pl\/wp-content\/uploads\/2025\/12\/3.-tech-plon-cukru-1024x574.png\" alt=\"\" class=\"wp-image-24501\" srcset=\"https:\/\/www.suedzucker.pl\/wp-content\/uploads\/2025\/12\/3.-tech-plon-cukru-1024x574.png 1024w, https:\/\/www.suedzucker.pl\/wp-content\/uploads\/2025\/12\/3.-tech-plon-cukru-300x168.png 300w, https:\/\/www.suedzucker.pl\/wp-content\/uploads\/2025\/12\/3.-tech-plon-cukru-768x430.png 768w, https:\/\/www.suedzucker.pl\/wp-content\/uploads\/2025\/12\/3.-tech-plon-cukru-1536x861.png 1536w, https:\/\/www.suedzucker.pl\/wp-content\/uploads\/2025\/12\/3.-tech-plon-cukru-500x280.png 500w, https:\/\/www.suedzucker.pl\/wp-content\/uploads\/2025\/12\/3.-tech-plon-cukru.png 1845w\" sizes=\"auto, (max-width: 1024px) 100vw, 1024px\" \/><\/a><\/figure>\n<\/div>\n\n\n<h4 class=\"wp-block-heading\">Plon korzeni \u2013 Do\u015bwiadczenia fungicydowe 2025<\/h4>\n\n\n<div class=\"wp-block-image\">\n<figure class=\"aligncenter size-large\"><a href=\"https:\/\/www.suedzucker.pl\/wp-content\/uploads\/2025\/12\/4.-plon-korzeni.png\"><img loading=\"lazy\" decoding=\"async\" width=\"1024\" height=\"578\" src=\"https:\/\/www.suedzucker.pl\/wp-content\/uploads\/2025\/12\/4.-plon-korzeni-1024x578.png\" alt=\"\" class=\"wp-image-24502\" srcset=\"https:\/\/www.suedzucker.pl\/wp-content\/uploads\/2025\/12\/4.-plon-korzeni-1024x578.png 1024w, https:\/\/www.suedzucker.pl\/wp-content\/uploads\/2025\/12\/4.-plon-korzeni-300x169.png 300w, https:\/\/www.suedzucker.pl\/wp-content\/uploads\/2025\/12\/4.-plon-korzeni-768x434.png 768w, https:\/\/www.suedzucker.pl\/wp-content\/uploads\/2025\/12\/4.-plon-korzeni-1536x867.png 1536w, https:\/\/www.suedzucker.pl\/wp-content\/uploads\/2025\/12\/4.-plon-korzeni-500x282.png 500w, https:\/\/www.suedzucker.pl\/wp-content\/uploads\/2025\/12\/4.-plon-korzeni.png 1846w\" sizes=\"auto, (max-width: 1024px) 100vw, 1024px\" \/><\/a><\/figure>\n<\/div>\n\n\n<h4 class=\"wp-block-heading\">Polaryzacja \u2013 Do\u015bwiadczenia fungicydowe 2025<\/h4>\n\n\n<div class=\"wp-block-image\">\n<figure class=\"aligncenter size-large\"><a href=\"https:\/\/www.suedzucker.pl\/wp-content\/uploads\/2025\/12\/5.-polaryzacja.png\"><img loading=\"lazy\" decoding=\"async\" width=\"1024\" height=\"576\" src=\"https:\/\/www.suedzucker.pl\/wp-content\/uploads\/2025\/12\/5.-polaryzacja-1024x576.png\" alt=\"\" class=\"wp-image-24503\" srcset=\"https:\/\/www.suedzucker.pl\/wp-content\/uploads\/2025\/12\/5.-polaryzacja-1024x576.png 1024w, https:\/\/www.suedzucker.pl\/wp-content\/uploads\/2025\/12\/5.-polaryzacja-300x169.png 300w, https:\/\/www.suedzucker.pl\/wp-content\/uploads\/2025\/12\/5.-polaryzacja-768x432.png 768w, https:\/\/www.suedzucker.pl\/wp-content\/uploads\/2025\/12\/5.-polaryzacja-1536x864.png 1536w, https:\/\/www.suedzucker.pl\/wp-content\/uploads\/2025\/12\/5.-polaryzacja-500x281.png 500w, https:\/\/www.suedzucker.pl\/wp-content\/uploads\/2025\/12\/5.-polaryzacja.png 1846w\" sizes=\"auto, (max-width: 1024px) 100vw, 1024px\" \/><\/a><\/figure>\n<\/div>\n\n\n<h4 class=\"wp-block-heading\">Zawarto\u015b\u0107 melasotwor\u00f3w \u2013 Do\u015bwiadczenia fungicydowe 2025<\/h4>\n\n\n<div class=\"wp-block-image\">\n<figure class=\"aligncenter size-large\"><a href=\"https:\/\/www.suedzucker.pl\/wp-content\/uploads\/2025\/12\/6.-melasotwory.png\"><img loading=\"lazy\" decoding=\"async\" width=\"1024\" height=\"573\" src=\"https:\/\/www.suedzucker.pl\/wp-content\/uploads\/2025\/12\/6.-melasotwory-1024x573.png\" alt=\"\" class=\"wp-image-24504\" srcset=\"https:\/\/www.suedzucker.pl\/wp-content\/uploads\/2025\/12\/6.-melasotwory-1024x573.png 1024w, https:\/\/www.suedzucker.pl\/wp-content\/uploads\/2025\/12\/6.-melasotwory-300x168.png 300w, https:\/\/www.suedzucker.pl\/wp-content\/uploads\/2025\/12\/6.-melasotwory-768x430.png 768w, https:\/\/www.suedzucker.pl\/wp-content\/uploads\/2025\/12\/6.-melasotwory-1536x859.png 1536w, https:\/\/www.suedzucker.pl\/wp-content\/uploads\/2025\/12\/6.-melasotwory-500x280.png 500w, https:\/\/www.suedzucker.pl\/wp-content\/uploads\/2025\/12\/6.-melasotwory.png 1845w\" sizes=\"auto, (max-width: 1024px) 100vw, 1024px\" \/><\/a><\/figure>\n<\/div>\n\n\n<h4 class=\"wp-block-heading\">Zawarto\u015b\u0107 azotu \u03b1-aminowego \u2013 Do\u015bwiadczenia fungicydowe 2025<\/h4>\n\n\n<div class=\"wp-block-image\">\n<figure class=\"aligncenter size-large\"><a href=\"https:\/\/www.suedzucker.pl\/wp-content\/uploads\/2025\/12\/7.-azot-alfa-aminowy.png\"><img loading=\"lazy\" decoding=\"async\" width=\"1024\" height=\"573\" src=\"https:\/\/www.suedzucker.pl\/wp-content\/uploads\/2025\/12\/7.-azot-alfa-aminowy-1024x573.png\" alt=\"\" class=\"wp-image-24505\" srcset=\"https:\/\/www.suedzucker.pl\/wp-content\/uploads\/2025\/12\/7.-azot-alfa-aminowy-1024x573.png 1024w, https:\/\/www.suedzucker.pl\/wp-content\/uploads\/2025\/12\/7.-azot-alfa-aminowy-300x168.png 300w, https:\/\/www.suedzucker.pl\/wp-content\/uploads\/2025\/12\/7.-azot-alfa-aminowy-768x430.png 768w, https:\/\/www.suedzucker.pl\/wp-content\/uploads\/2025\/12\/7.-azot-alfa-aminowy-1536x859.png 1536w, https:\/\/www.suedzucker.pl\/wp-content\/uploads\/2025\/12\/7.-azot-alfa-aminowy-500x280.png 500w, https:\/\/www.suedzucker.pl\/wp-content\/uploads\/2025\/12\/7.-azot-alfa-aminowy.png 1847w\" sizes=\"auto, (max-width: 1024px) 100vw, 1024px\" \/><\/a><\/figure>\n<\/div>","protected":false},"excerpt":{"rendered":"<p>Warianty ochrony fungicydowej 2025 &#8211; warianty ochrony, dawki, terminy Ocena wyst\u0119powania chwo\u015bcika &#8211; Do\u015bwiadczenia fungicydowe\u00a02025 Technologiczny plon cukru i poziom koszt\u00f3w ochrony fungicydowej \u2013 Do\u015bwiadczenia fungicydowe 2025 Plon korzeni \u2013&#8230;<\/p>\n","protected":false},"author":4,"featured_media":0,"parent":23499,"menu_order":4,"comment_status":"closed","ping_status":"closed","template":"","meta":{"_acf_changed":false,"inline_featured_image":false,"footnotes":"","_wp_rev_ctl_limit":""},"class_list":["post-24496","page","type-page","status-publish","hentry"],"acf":[],"yoast_head":"<!-- This site is optimized with the Yoast SEO plugin v27.3 - https:\/\/yoast.com\/product\/yoast-seo-wordpress\/ -->\n<title>Fungicydowe 2025 - S\u00fcdzucker Polska<\/title>\n<meta name=\"robots\" content=\"index, follow, max-snippet:-1, max-image-preview:large, max-video-preview:-1\" \/>\n<link rel=\"canonical\" href=\"https:\/\/www.suedzucker.pl\/serwis-plantatorski\/doswiadczenia\/wyniki-doswiadczen-2025\/fungicydowe-2025\/\" \/>\n<meta property=\"og:locale\" content=\"en_US\" \/>\n<meta property=\"og:type\" content=\"article\" \/>\n<meta property=\"og:title\" content=\"Fungicydowe 2025 - S\u00fcdzucker Polska\" \/>\n<meta property=\"og:description\" content=\"Warianty ochrony fungicydowej 2025 &#8211; warianty ochrony, dawki, terminy Ocena wyst\u0119powania chwo\u015bcika &#8211; Do\u015bwiadczenia fungicydowe\u00a02025 Technologiczny plon cukru i poziom koszt\u00f3w ochrony fungicydowej \u2013 Do\u015bwiadczenia fungicydowe 2025 Plon korzeni \u2013...\" \/>\n<meta property=\"og:url\" content=\"https:\/\/www.suedzucker.pl\/serwis-plantatorski\/doswiadczenia\/wyniki-doswiadczen-2025\/fungicydowe-2025\/\" \/>\n<meta property=\"og:site_name\" content=\"S\u00fcdzucker Polska\" \/>\n<meta property=\"article:modified_time\" content=\"2025-12-04T12:38:21+00:00\" \/>\n<meta property=\"og:image\" content=\"https:\/\/www.suedzucker.pl\/wp-content\/uploads\/2025\/12\/1.-warianty-1.png\" \/>\n\t<meta property=\"og:image:width\" content=\"1842\" \/>\n\t<meta property=\"og:image:height\" content=\"1041\" \/>\n\t<meta property=\"og:image:type\" content=\"image\/png\" \/>\n<meta name=\"twitter:card\" content=\"summary_large_image\" \/>\n<meta name=\"twitter:label1\" content=\"Est. reading time\" \/>\n\t<meta name=\"twitter:data1\" content=\"2 minutes\" \/>\n<script type=\"application\/ld+json\" class=\"yoast-schema-graph\">{\"@context\":\"https:\\\/\\\/schema.org\",\"@graph\":[{\"@type\":\"WebPage\",\"@id\":\"https:\\\/\\\/www.suedzucker.pl\\\/serwis-plantatorski\\\/doswiadczenia\\\/wyniki-doswiadczen-2025\\\/fungicydowe-2025\\\/\",\"url\":\"https:\\\/\\\/www.suedzucker.pl\\\/serwis-plantatorski\\\/doswiadczenia\\\/wyniki-doswiadczen-2025\\\/fungicydowe-2025\\\/\",\"name\":\"Fungicydowe 2025 - S\u00fcdzucker Polska\",\"isPartOf\":{\"@id\":\"https:\\\/\\\/www.suedzucker.pl\\\/en\\\/#website\"},\"primaryImageOfPage\":{\"@id\":\"https:\\\/\\\/www.suedzucker.pl\\\/serwis-plantatorski\\\/doswiadczenia\\\/wyniki-doswiadczen-2025\\\/fungicydowe-2025\\\/#primaryimage\"},\"image\":{\"@id\":\"https:\\\/\\\/www.suedzucker.pl\\\/serwis-plantatorski\\\/doswiadczenia\\\/wyniki-doswiadczen-2025\\\/fungicydowe-2025\\\/#primaryimage\"},\"thumbnailUrl\":\"https:\\\/\\\/www.suedzucker.pl\\\/wp-content\\\/uploads\\\/2025\\\/12\\\/1.-warianty-1-1024x579.png\",\"datePublished\":\"2025-12-04T12:23:16+00:00\",\"dateModified\":\"2025-12-04T12:38:21+00:00\",\"breadcrumb\":{\"@id\":\"https:\\\/\\\/www.suedzucker.pl\\\/serwis-plantatorski\\\/doswiadczenia\\\/wyniki-doswiadczen-2025\\\/fungicydowe-2025\\\/#breadcrumb\"},\"inLanguage\":\"en-US\",\"potentialAction\":[{\"@type\":\"ReadAction\",\"target\":[\"https:\\\/\\\/www.suedzucker.pl\\\/serwis-plantatorski\\\/doswiadczenia\\\/wyniki-doswiadczen-2025\\\/fungicydowe-2025\\\/\"]}]},{\"@type\":\"ImageObject\",\"inLanguage\":\"en-US\",\"@id\":\"https:\\\/\\\/www.suedzucker.pl\\\/serwis-plantatorski\\\/doswiadczenia\\\/wyniki-doswiadczen-2025\\\/fungicydowe-2025\\\/#primaryimage\",\"url\":\"https:\\\/\\\/www.suedzucker.pl\\\/wp-content\\\/uploads\\\/2025\\\/12\\\/1.-warianty-1-1024x579.png\",\"contentUrl\":\"https:\\\/\\\/www.suedzucker.pl\\\/wp-content\\\/uploads\\\/2025\\\/12\\\/1.-warianty-1-1024x579.png\"},{\"@type\":\"BreadcrumbList\",\"@id\":\"https:\\\/\\\/www.suedzucker.pl\\\/serwis-plantatorski\\\/doswiadczenia\\\/wyniki-doswiadczen-2025\\\/fungicydowe-2025\\\/#breadcrumb\",\"itemListElement\":[{\"@type\":\"ListItem\",\"position\":1,\"name\":\"Home page\",\"item\":\"https:\\\/\\\/www.suedzucker.pl\\\/en\\\/serwis-plantatorski\\\/\"},{\"@type\":\"ListItem\",\"position\":2,\"name\":\"Do\u015bwiadczenia\",\"item\":\"https:\\\/\\\/www.suedzucker.pl\\\/serwis-plantatorski\\\/doswiadczenia\\\/\"},{\"@type\":\"ListItem\",\"position\":3,\"name\":\"Wyniki do\u015bwiadcze\u0144 2025\",\"item\":\"https:\\\/\\\/www.suedzucker.pl\\\/serwis-plantatorski\\\/doswiadczenia\\\/wyniki-doswiadczen-2025\\\/\"},{\"@type\":\"ListItem\",\"position\":4,\"name\":\"Fungicydowe 2025\"}]},{\"@type\":\"WebSite\",\"@id\":\"https:\\\/\\\/www.suedzucker.pl\\\/en\\\/#website\",\"url\":\"https:\\\/\\\/www.suedzucker.pl\\\/en\\\/\",\"name\":\"S\u00fcdzucker Polska\",\"description\":\"Jeste\u015bmy wiod\u0105cym producentem cukru w Polsce\",\"potentialAction\":[{\"@type\":\"SearchAction\",\"target\":{\"@type\":\"EntryPoint\",\"urlTemplate\":\"https:\\\/\\\/www.suedzucker.pl\\\/en\\\/?s={search_term_string}\"},\"query-input\":{\"@type\":\"PropertyValueSpecification\",\"valueRequired\":true,\"valueName\":\"search_term_string\"}}],\"inLanguage\":\"en-US\"}]}<\/script>\n<!-- \/ Yoast SEO plugin. -->","yoast_head_json":{"title":"Fungicydowe 2025 - S\u00fcdzucker Polska","robots":{"index":"index","follow":"follow","max-snippet":"max-snippet:-1","max-image-preview":"max-image-preview:large","max-video-preview":"max-video-preview:-1"},"canonical":"https:\/\/www.suedzucker.pl\/serwis-plantatorski\/doswiadczenia\/wyniki-doswiadczen-2025\/fungicydowe-2025\/","og_locale":"en_US","og_type":"article","og_title":"Fungicydowe 2025 - S\u00fcdzucker Polska","og_description":"Warianty ochrony fungicydowej 2025 &#8211; warianty ochrony, dawki, terminy Ocena wyst\u0119powania chwo\u015bcika &#8211; Do\u015bwiadczenia fungicydowe\u00a02025 Technologiczny plon cukru i poziom koszt\u00f3w ochrony fungicydowej \u2013 Do\u015bwiadczenia fungicydowe 2025 Plon korzeni \u2013...","og_url":"https:\/\/www.suedzucker.pl\/serwis-plantatorski\/doswiadczenia\/wyniki-doswiadczen-2025\/fungicydowe-2025\/","og_site_name":"S\u00fcdzucker Polska","article_modified_time":"2025-12-04T12:38:21+00:00","og_image":[{"width":1842,"height":1041,"url":"https:\/\/www.suedzucker.pl\/wp-content\/uploads\/2025\/12\/1.-warianty-1.png","type":"image\/png"}],"twitter_card":"summary_large_image","twitter_misc":{"Est. reading time":"2 minutes"},"schema":{"@context":"https:\/\/schema.org","@graph":[{"@type":"WebPage","@id":"https:\/\/www.suedzucker.pl\/serwis-plantatorski\/doswiadczenia\/wyniki-doswiadczen-2025\/fungicydowe-2025\/","url":"https:\/\/www.suedzucker.pl\/serwis-plantatorski\/doswiadczenia\/wyniki-doswiadczen-2025\/fungicydowe-2025\/","name":"Fungicydowe 2025 - S\u00fcdzucker Polska","isPartOf":{"@id":"https:\/\/www.suedzucker.pl\/en\/#website"},"primaryImageOfPage":{"@id":"https:\/\/www.suedzucker.pl\/serwis-plantatorski\/doswiadczenia\/wyniki-doswiadczen-2025\/fungicydowe-2025\/#primaryimage"},"image":{"@id":"https:\/\/www.suedzucker.pl\/serwis-plantatorski\/doswiadczenia\/wyniki-doswiadczen-2025\/fungicydowe-2025\/#primaryimage"},"thumbnailUrl":"https:\/\/www.suedzucker.pl\/wp-content\/uploads\/2025\/12\/1.-warianty-1-1024x579.png","datePublished":"2025-12-04T12:23:16+00:00","dateModified":"2025-12-04T12:38:21+00:00","breadcrumb":{"@id":"https:\/\/www.suedzucker.pl\/serwis-plantatorski\/doswiadczenia\/wyniki-doswiadczen-2025\/fungicydowe-2025\/#breadcrumb"},"inLanguage":"en-US","potentialAction":[{"@type":"ReadAction","target":["https:\/\/www.suedzucker.pl\/serwis-plantatorski\/doswiadczenia\/wyniki-doswiadczen-2025\/fungicydowe-2025\/"]}]},{"@type":"ImageObject","inLanguage":"en-US","@id":"https:\/\/www.suedzucker.pl\/serwis-plantatorski\/doswiadczenia\/wyniki-doswiadczen-2025\/fungicydowe-2025\/#primaryimage","url":"https:\/\/www.suedzucker.pl\/wp-content\/uploads\/2025\/12\/1.-warianty-1-1024x579.png","contentUrl":"https:\/\/www.suedzucker.pl\/wp-content\/uploads\/2025\/12\/1.-warianty-1-1024x579.png"},{"@type":"BreadcrumbList","@id":"https:\/\/www.suedzucker.pl\/serwis-plantatorski\/doswiadczenia\/wyniki-doswiadczen-2025\/fungicydowe-2025\/#breadcrumb","itemListElement":[{"@type":"ListItem","position":1,"name":"Home page","item":"https:\/\/www.suedzucker.pl\/en\/serwis-plantatorski\/"},{"@type":"ListItem","position":2,"name":"Do\u015bwiadczenia","item":"https:\/\/www.suedzucker.pl\/serwis-plantatorski\/doswiadczenia\/"},{"@type":"ListItem","position":3,"name":"Wyniki do\u015bwiadcze\u0144 2025","item":"https:\/\/www.suedzucker.pl\/serwis-plantatorski\/doswiadczenia\/wyniki-doswiadczen-2025\/"},{"@type":"ListItem","position":4,"name":"Fungicydowe 2025"}]},{"@type":"WebSite","@id":"https:\/\/www.suedzucker.pl\/en\/#website","url":"https:\/\/www.suedzucker.pl\/en\/","name":"S\u00fcdzucker Polska","description":"Jeste\u015bmy wiod\u0105cym producentem cukru w Polsce","potentialAction":[{"@type":"SearchAction","target":{"@type":"EntryPoint","urlTemplate":"https:\/\/www.suedzucker.pl\/en\/?s={search_term_string}"},"query-input":{"@type":"PropertyValueSpecification","valueRequired":true,"valueName":"search_term_string"}}],"inLanguage":"en-US"}]}},"_links":{"self":[{"href":"https:\/\/www.suedzucker.pl\/en\/wp-json\/wp\/v2\/pages\/24496","targetHints":{"allow":["GET"]}}],"collection":[{"href":"https:\/\/www.suedzucker.pl\/en\/wp-json\/wp\/v2\/pages"}],"about":[{"href":"https:\/\/www.suedzucker.pl\/en\/wp-json\/wp\/v2\/types\/page"}],"author":[{"embeddable":true,"href":"https:\/\/www.suedzucker.pl\/en\/wp-json\/wp\/v2\/users\/4"}],"replies":[{"embeddable":true,"href":"https:\/\/www.suedzucker.pl\/en\/wp-json\/wp\/v2\/comments?post=24496"}],"version-history":[{"count":3,"href":"https:\/\/www.suedzucker.pl\/en\/wp-json\/wp\/v2\/pages\/24496\/revisions"}],"predecessor-version":[{"id":24508,"href":"https:\/\/www.suedzucker.pl\/en\/wp-json\/wp\/v2\/pages\/24496\/revisions\/24508"}],"up":[{"embeddable":true,"href":"https:\/\/www.suedzucker.pl\/en\/wp-json\/wp\/v2\/pages\/23499"}],"wp:attachment":[{"href":"https:\/\/www.suedzucker.pl\/en\/wp-json\/wp\/v2\/media?parent=24496"}],"curies":[{"name":"wp","href":"https:\/\/api.w.org\/{rel}","templated":true}]}}