{"id":24535,"date":"2025-12-11T08:20:15","date_gmt":"2025-12-11T07:20:15","guid":{"rendered":"https:\/\/www.suedzucker.pl\/?page_id=24535"},"modified":"2025-12-11T08:32:15","modified_gmt":"2025-12-11T07:32:15","slug":"z-nawozeniem-mikroelementami-2025","status":"publish","type":"page","link":"https:\/\/www.suedzucker.pl\/en\/serwis-plantatorski\/doswiadczenia\/wyniki-doswiadczen-2025\/z-nawozeniem-mikroelementami-2025\/","title":{"rendered":"Z nawo\u017ceniem mikroelementami 2025"},"content":{"rendered":"\n<h4 class=\"wp-block-heading\">Do\u015bwiadczenie z nawo\u017ceniem mikroelementami 2025<\/h4>\n\n\n<div class=\"wp-block-image\">\n<figure class=\"aligncenter size-large\"><a href=\"https:\/\/www.suedzucker.pl\/wp-content\/uploads\/2025\/12\/1.-opis.png\"><img loading=\"lazy\" decoding=\"async\" width=\"1024\" height=\"576\" src=\"https:\/\/www.suedzucker.pl\/wp-content\/uploads\/2025\/12\/1.-opis-1024x576.png\" alt=\"\" class=\"wp-image-24538\" srcset=\"https:\/\/www.suedzucker.pl\/wp-content\/uploads\/2025\/12\/1.-opis-1024x576.png 1024w, https:\/\/www.suedzucker.pl\/wp-content\/uploads\/2025\/12\/1.-opis-300x169.png 300w, https:\/\/www.suedzucker.pl\/wp-content\/uploads\/2025\/12\/1.-opis-768x432.png 768w, https:\/\/www.suedzucker.pl\/wp-content\/uploads\/2025\/12\/1.-opis-1536x864.png 1536w, https:\/\/www.suedzucker.pl\/wp-content\/uploads\/2025\/12\/1.-opis-500x281.png 500w, https:\/\/www.suedzucker.pl\/wp-content\/uploads\/2025\/12\/1.-opis.png 1756w\" sizes=\"auto, (max-width: 1024px) 100vw, 1024px\" \/><\/a><\/figure>\n<\/div>\n\n\n<h4 class=\"wp-block-heading\">Technologiczny plon cukru [% wzorca], a koszt nawo\u017cenia [PLN] &#8211; Do\u015bwiadczenie z nawo\u017ceniem mikroelementami\u00a02025<\/h4>\n\n\n<div class=\"wp-block-image\">\n<figure class=\"aligncenter size-large\"><a href=\"https:\/\/www.suedzucker.pl\/wp-content\/uploads\/2025\/12\/2.-plon-cukru.png\"><img loading=\"lazy\" decoding=\"async\" width=\"1024\" height=\"578\" src=\"https:\/\/www.suedzucker.pl\/wp-content\/uploads\/2025\/12\/2.-plon-cukru-1024x578.png\" alt=\"\" class=\"wp-image-24539\" srcset=\"https:\/\/www.suedzucker.pl\/wp-content\/uploads\/2025\/12\/2.-plon-cukru-1024x578.png 1024w, https:\/\/www.suedzucker.pl\/wp-content\/uploads\/2025\/12\/2.-plon-cukru-300x169.png 300w, https:\/\/www.suedzucker.pl\/wp-content\/uploads\/2025\/12\/2.-plon-cukru-768x434.png 768w, https:\/\/www.suedzucker.pl\/wp-content\/uploads\/2025\/12\/2.-plon-cukru-1536x867.png 1536w, https:\/\/www.suedzucker.pl\/wp-content\/uploads\/2025\/12\/2.-plon-cukru-500x282.png 500w, https:\/\/www.suedzucker.pl\/wp-content\/uploads\/2025\/12\/2.-plon-cukru.png 1752w\" sizes=\"auto, (max-width: 1024px) 100vw, 1024px\" \/><\/a><\/figure>\n<\/div>\n\n\n<h4 class=\"wp-block-heading\">Plon Korzeni \u2013 Do\u015bwiadczenie z nawo\u017ceniem mikroelementami\u00a02025<\/h4>\n\n\n<div class=\"wp-block-image\">\n<figure class=\"aligncenter size-large\"><a href=\"https:\/\/www.suedzucker.pl\/wp-content\/uploads\/2025\/12\/3.-plon-korzeni-1.png\"><img loading=\"lazy\" decoding=\"async\" width=\"1024\" height=\"575\" src=\"https:\/\/www.suedzucker.pl\/wp-content\/uploads\/2025\/12\/3.-plon-korzeni-1-1024x575.png\" alt=\"\" class=\"wp-image-24540\" srcset=\"https:\/\/www.suedzucker.pl\/wp-content\/uploads\/2025\/12\/3.-plon-korzeni-1-1024x575.png 1024w, https:\/\/www.suedzucker.pl\/wp-content\/uploads\/2025\/12\/3.-plon-korzeni-1-300x168.png 300w, https:\/\/www.suedzucker.pl\/wp-content\/uploads\/2025\/12\/3.-plon-korzeni-1-768x431.png 768w, https:\/\/www.suedzucker.pl\/wp-content\/uploads\/2025\/12\/3.-plon-korzeni-1-1536x863.png 1536w, https:\/\/www.suedzucker.pl\/wp-content\/uploads\/2025\/12\/3.-plon-korzeni-1-500x281.png 500w, https:\/\/www.suedzucker.pl\/wp-content\/uploads\/2025\/12\/3.-plon-korzeni-1.png 1752w\" sizes=\"auto, (max-width: 1024px) 100vw, 1024px\" \/><\/a><\/figure>\n<\/div>\n\n\n<h4 class=\"wp-block-heading\">Polaryzacja \u2013 Do\u015bwiadczenie z nawo\u017ceniem mikroelementami\u00a02025<\/h4>\n\n\n<div class=\"wp-block-image\">\n<figure class=\"aligncenter size-large\"><a href=\"https:\/\/www.suedzucker.pl\/wp-content\/uploads\/2025\/12\/4.-polaryzacja-1.png\"><img loading=\"lazy\" decoding=\"async\" width=\"1024\" height=\"572\" src=\"https:\/\/www.suedzucker.pl\/wp-content\/uploads\/2025\/12\/4.-polaryzacja-1-1024x572.png\" alt=\"\" class=\"wp-image-24541\" srcset=\"https:\/\/www.suedzucker.pl\/wp-content\/uploads\/2025\/12\/4.-polaryzacja-1-1024x572.png 1024w, https:\/\/www.suedzucker.pl\/wp-content\/uploads\/2025\/12\/4.-polaryzacja-1-300x168.png 300w, https:\/\/www.suedzucker.pl\/wp-content\/uploads\/2025\/12\/4.-polaryzacja-1-768x429.png 768w, https:\/\/www.suedzucker.pl\/wp-content\/uploads\/2025\/12\/4.-polaryzacja-1-1536x858.png 1536w, https:\/\/www.suedzucker.pl\/wp-content\/uploads\/2025\/12\/4.-polaryzacja-1-500x279.png 500w, https:\/\/www.suedzucker.pl\/wp-content\/uploads\/2025\/12\/4.-polaryzacja-1.png 1759w\" sizes=\"auto, (max-width: 1024px) 100vw, 1024px\" \/><\/a><\/figure>\n<\/div>\n\n\n<h4 class=\"wp-block-heading\">Poziom melasotwor\u00f3w \u2013 Do\u015bwiadczenie z nawo\u017ceniem mikroelementami\u00a02025<\/h4>\n\n\n<div class=\"wp-block-image\">\n<figure class=\"aligncenter size-large\"><a href=\"https:\/\/www.suedzucker.pl\/wp-content\/uploads\/2025\/12\/5.-melasotwory-1.png\"><img loading=\"lazy\" decoding=\"async\" width=\"1024\" height=\"573\" src=\"https:\/\/www.suedzucker.pl\/wp-content\/uploads\/2025\/12\/5.-melasotwory-1-1024x573.png\" alt=\"\" class=\"wp-image-24542\" srcset=\"https:\/\/www.suedzucker.pl\/wp-content\/uploads\/2025\/12\/5.-melasotwory-1-1024x573.png 1024w, https:\/\/www.suedzucker.pl\/wp-content\/uploads\/2025\/12\/5.-melasotwory-1-300x168.png 300w, https:\/\/www.suedzucker.pl\/wp-content\/uploads\/2025\/12\/5.-melasotwory-1-768x430.png 768w, https:\/\/www.suedzucker.pl\/wp-content\/uploads\/2025\/12\/5.-melasotwory-1-1536x860.png 1536w, https:\/\/www.suedzucker.pl\/wp-content\/uploads\/2025\/12\/5.-melasotwory-1-500x280.png 500w, https:\/\/www.suedzucker.pl\/wp-content\/uploads\/2025\/12\/5.-melasotwory-1.png 1752w\" sizes=\"auto, (max-width: 1024px) 100vw, 1024px\" \/><\/a><\/figure>\n<\/div>\n\n\n<h4 class=\"wp-block-heading\">N-\u03b1 aminowy \u2013 Do\u015bwiadczenie z nawo\u017ceniem mikroelementami\u00a02025<\/h4>\n\n\n<div class=\"wp-block-image\">\n<figure class=\"aligncenter size-large\"><a href=\"https:\/\/www.suedzucker.pl\/wp-content\/uploads\/2025\/12\/6.-azot-alfa-aminowy-1.png\"><img loading=\"lazy\" decoding=\"async\" width=\"1024\" height=\"575\" src=\"https:\/\/www.suedzucker.pl\/wp-content\/uploads\/2025\/12\/6.-azot-alfa-aminowy-1-1024x575.png\" alt=\"\" class=\"wp-image-24543\" srcset=\"https:\/\/www.suedzucker.pl\/wp-content\/uploads\/2025\/12\/6.-azot-alfa-aminowy-1-1024x575.png 1024w, https:\/\/www.suedzucker.pl\/wp-content\/uploads\/2025\/12\/6.-azot-alfa-aminowy-1-300x168.png 300w, https:\/\/www.suedzucker.pl\/wp-content\/uploads\/2025\/12\/6.-azot-alfa-aminowy-1-768x431.png 768w, https:\/\/www.suedzucker.pl\/wp-content\/uploads\/2025\/12\/6.-azot-alfa-aminowy-1-1536x862.png 1536w, https:\/\/www.suedzucker.pl\/wp-content\/uploads\/2025\/12\/6.-azot-alfa-aminowy-1-500x281.png 500w, https:\/\/www.suedzucker.pl\/wp-content\/uploads\/2025\/12\/6.-azot-alfa-aminowy-1.png 1748w\" sizes=\"auto, (max-width: 1024px) 100vw, 1024px\" \/><\/a><\/figure>\n<\/div>\n\n\n<h4 class=\"wp-block-heading\">Technologiczny Plon Cukru \u2013 Do\u015bwiadczenie z nawo\u017ceniem mikroelementami\u00a0&#8211; \u015brednia 2023-2025<\/h4>\n\n\n<div class=\"wp-block-image\">\n<figure class=\"aligncenter size-large\"><a href=\"https:\/\/www.suedzucker.pl\/wp-content\/uploads\/2025\/12\/7.-poln-cukru-srednia.png\"><img loading=\"lazy\" decoding=\"async\" width=\"1024\" height=\"577\" src=\"https:\/\/www.suedzucker.pl\/wp-content\/uploads\/2025\/12\/7.-poln-cukru-srednia-1024x577.png\" alt=\"\" class=\"wp-image-24544\" srcset=\"https:\/\/www.suedzucker.pl\/wp-content\/uploads\/2025\/12\/7.-poln-cukru-srednia-1024x577.png 1024w, https:\/\/www.suedzucker.pl\/wp-content\/uploads\/2025\/12\/7.-poln-cukru-srednia-300x169.png 300w, https:\/\/www.suedzucker.pl\/wp-content\/uploads\/2025\/12\/7.-poln-cukru-srednia-768x433.png 768w, https:\/\/www.suedzucker.pl\/wp-content\/uploads\/2025\/12\/7.-poln-cukru-srednia-1536x865.png 1536w, https:\/\/www.suedzucker.pl\/wp-content\/uploads\/2025\/12\/7.-poln-cukru-srednia-500x282.png 500w, https:\/\/www.suedzucker.pl\/wp-content\/uploads\/2025\/12\/7.-poln-cukru-srednia.png 1750w\" sizes=\"auto, (max-width: 1024px) 100vw, 1024px\" \/><\/a><\/figure>\n<\/div>\n\n\n<h4 class=\"wp-block-heading\">Plon Korzeni \u2013 Do\u015bwiadczenie z nawo\u017ceniem mikroelementami &#8211; \u015brednia 2023-2025<\/h4>\n\n\n<div class=\"wp-block-image\">\n<figure class=\"aligncenter size-large\"><a href=\"https:\/\/www.suedzucker.pl\/wp-content\/uploads\/2025\/12\/8.-plon-korzeni-srednia.png\"><img loading=\"lazy\" decoding=\"async\" width=\"1024\" height=\"576\" src=\"https:\/\/www.suedzucker.pl\/wp-content\/uploads\/2025\/12\/8.-plon-korzeni-srednia-1024x576.png\" alt=\"\" class=\"wp-image-24545\" srcset=\"https:\/\/www.suedzucker.pl\/wp-content\/uploads\/2025\/12\/8.-plon-korzeni-srednia-1024x576.png 1024w, https:\/\/www.suedzucker.pl\/wp-content\/uploads\/2025\/12\/8.-plon-korzeni-srednia-300x169.png 300w, https:\/\/www.suedzucker.pl\/wp-content\/uploads\/2025\/12\/8.-plon-korzeni-srednia-768x432.png 768w, https:\/\/www.suedzucker.pl\/wp-content\/uploads\/2025\/12\/8.-plon-korzeni-srednia-1536x863.png 1536w, https:\/\/www.suedzucker.pl\/wp-content\/uploads\/2025\/12\/8.-plon-korzeni-srednia-500x281.png 500w, https:\/\/www.suedzucker.pl\/wp-content\/uploads\/2025\/12\/8.-plon-korzeni-srednia.png 1749w\" sizes=\"auto, (max-width: 1024px) 100vw, 1024px\" \/><\/a><\/figure>\n<\/div>\n\n\n<h4 class=\"wp-block-heading\">Polaryzacja \u2013 Do\u015bwiadczenie z nawo\u017ceniem mikroelementami &#8211; \u015brednia 2023-2025<\/h4>\n\n\n<div class=\"wp-block-image\">\n<figure class=\"aligncenter size-large\"><a href=\"https:\/\/www.suedzucker.pl\/wp-content\/uploads\/2025\/12\/9.-polaryzacja-srednia.png\"><img loading=\"lazy\" decoding=\"async\" width=\"1024\" height=\"574\" src=\"https:\/\/www.suedzucker.pl\/wp-content\/uploads\/2025\/12\/9.-polaryzacja-srednia-1024x574.png\" alt=\"\" class=\"wp-image-24546\" srcset=\"https:\/\/www.suedzucker.pl\/wp-content\/uploads\/2025\/12\/9.-polaryzacja-srednia-1024x574.png 1024w, https:\/\/www.suedzucker.pl\/wp-content\/uploads\/2025\/12\/9.-polaryzacja-srednia-300x168.png 300w, https:\/\/www.suedzucker.pl\/wp-content\/uploads\/2025\/12\/9.-polaryzacja-srednia-768x430.png 768w, https:\/\/www.suedzucker.pl\/wp-content\/uploads\/2025\/12\/9.-polaryzacja-srednia-1536x861.png 1536w, https:\/\/www.suedzucker.pl\/wp-content\/uploads\/2025\/12\/9.-polaryzacja-srednia-500x280.png 500w, https:\/\/www.suedzucker.pl\/wp-content\/uploads\/2025\/12\/9.-polaryzacja-srednia.png 1752w\" sizes=\"auto, (max-width: 1024px) 100vw, 1024px\" \/><\/a><\/figure>\n<\/div>\n\n\n<h4 class=\"wp-block-heading\">Poziom melasotwor\u00f3w\u2013 Do\u015bwiadczenie z nawo\u017ceniem mikroelementami &#8211; \u015brednia 2023-2025<\/h4>\n\n\n<div class=\"wp-block-image\">\n<figure class=\"aligncenter size-large\"><a href=\"https:\/\/www.suedzucker.pl\/wp-content\/uploads\/2025\/12\/10.-melasotwory-srednia.png\"><img loading=\"lazy\" decoding=\"async\" width=\"1024\" height=\"575\" src=\"https:\/\/www.suedzucker.pl\/wp-content\/uploads\/2025\/12\/10.-melasotwory-srednia-1024x575.png\" alt=\"\" class=\"wp-image-24547\" srcset=\"https:\/\/www.suedzucker.pl\/wp-content\/uploads\/2025\/12\/10.-melasotwory-srednia-1024x575.png 1024w, https:\/\/www.suedzucker.pl\/wp-content\/uploads\/2025\/12\/10.-melasotwory-srednia-300x169.png 300w, https:\/\/www.suedzucker.pl\/wp-content\/uploads\/2025\/12\/10.-melasotwory-srednia-768x432.png 768w, https:\/\/www.suedzucker.pl\/wp-content\/uploads\/2025\/12\/10.-melasotwory-srednia-1536x863.png 1536w, https:\/\/www.suedzucker.pl\/wp-content\/uploads\/2025\/12\/10.-melasotwory-srednia-500x281.png 500w, https:\/\/www.suedzucker.pl\/wp-content\/uploads\/2025\/12\/10.-melasotwory-srednia.png 1753w\" sizes=\"auto, (max-width: 1024px) 100vw, 1024px\" \/><\/a><\/figure>\n<\/div>\n\n\n<h4 class=\"wp-block-heading\">N-\u03b1 aminowy \u2013 Do\u015bwiadczenie z nawo\u017ceniem mikroelementami &#8211; \u015brednia 2023-2025<\/h4>\n\n\n<div class=\"wp-block-image\">\n<figure class=\"aligncenter size-large\"><a href=\"https:\/\/www.suedzucker.pl\/wp-content\/uploads\/2025\/12\/11.-azot-alfa-aminowy-srednia.png\"><img loading=\"lazy\" decoding=\"async\" width=\"1024\" height=\"576\" src=\"https:\/\/www.suedzucker.pl\/wp-content\/uploads\/2025\/12\/11.-azot-alfa-aminowy-srednia-1024x576.png\" alt=\"\" class=\"wp-image-24548\" srcset=\"https:\/\/www.suedzucker.pl\/wp-content\/uploads\/2025\/12\/11.-azot-alfa-aminowy-srednia-1024x576.png 1024w, https:\/\/www.suedzucker.pl\/wp-content\/uploads\/2025\/12\/11.-azot-alfa-aminowy-srednia-300x169.png 300w, https:\/\/www.suedzucker.pl\/wp-content\/uploads\/2025\/12\/11.-azot-alfa-aminowy-srednia-768x432.png 768w, https:\/\/www.suedzucker.pl\/wp-content\/uploads\/2025\/12\/11.-azot-alfa-aminowy-srednia-1536x864.png 1536w, https:\/\/www.suedzucker.pl\/wp-content\/uploads\/2025\/12\/11.-azot-alfa-aminowy-srednia-500x281.png 500w, https:\/\/www.suedzucker.pl\/wp-content\/uploads\/2025\/12\/11.-azot-alfa-aminowy-srednia.png 1750w\" sizes=\"auto, (max-width: 1024px) 100vw, 1024px\" \/><\/a><\/figure>\n<\/div>\n\n\n<p><\/p>\n","protected":false},"excerpt":{"rendered":"<p>Do\u015bwiadczenie z nawo\u017ceniem mikroelementami 2025 Technologiczny plon cukru [% wzorca], a koszt nawo\u017cenia [PLN] &#8211; Do\u015bwiadczenie z nawo\u017ceniem mikroelementami\u00a02025 Plon Korzeni \u2013 Do\u015bwiadczenie z nawo\u017ceniem mikroelementami\u00a02025 Polaryzacja \u2013 Do\u015bwiadczenie z&#8230;<\/p>\n","protected":false},"author":4,"featured_media":0,"parent":23499,"menu_order":6,"comment_status":"closed","ping_status":"closed","template":"","meta":{"_acf_changed":false,"inline_featured_image":false,"footnotes":"","_wp_rev_ctl_limit":""},"class_list":["post-24535","page","type-page","status-publish","hentry"],"acf":[],"yoast_head":"<!-- This site is optimized with the Yoast SEO plugin v27.3 - https:\/\/yoast.com\/product\/yoast-seo-wordpress\/ -->\n<title>Z nawo\u017ceniem mikroelementami 2025 - S\u00fcdzucker Polska<\/title>\n<meta name=\"robots\" content=\"index, follow, max-snippet:-1, max-image-preview:large, max-video-preview:-1\" \/>\n<link rel=\"canonical\" href=\"https:\/\/www.suedzucker.pl\/serwis-plantatorski\/doswiadczenia\/wyniki-doswiadczen-2025\/z-nawozeniem-mikroelementami-2025\/\" \/>\n<meta property=\"og:locale\" content=\"en_US\" \/>\n<meta property=\"og:type\" content=\"article\" \/>\n<meta property=\"og:title\" content=\"Z nawo\u017ceniem mikroelementami 2025 - S\u00fcdzucker Polska\" \/>\n<meta property=\"og:description\" content=\"Do\u015bwiadczenie z nawo\u017ceniem mikroelementami 2025 Technologiczny plon cukru [% wzorca], a koszt nawo\u017cenia [PLN] &#8211; Do\u015bwiadczenie z nawo\u017ceniem mikroelementami\u00a02025 Plon Korzeni \u2013 Do\u015bwiadczenie z nawo\u017ceniem mikroelementami\u00a02025 Polaryzacja \u2013 Do\u015bwiadczenie z...\" \/>\n<meta property=\"og:url\" content=\"https:\/\/www.suedzucker.pl\/serwis-plantatorski\/doswiadczenia\/wyniki-doswiadczen-2025\/z-nawozeniem-mikroelementami-2025\/\" \/>\n<meta property=\"og:site_name\" content=\"S\u00fcdzucker Polska\" \/>\n<meta property=\"article:modified_time\" content=\"2025-12-11T07:32:15+00:00\" \/>\n<meta property=\"og:image\" content=\"https:\/\/www.suedzucker.pl\/wp-content\/uploads\/2025\/12\/1.-opis.png\" \/>\n\t<meta property=\"og:image:width\" content=\"1756\" \/>\n\t<meta property=\"og:image:height\" content=\"988\" \/>\n\t<meta property=\"og:image:type\" content=\"image\/png\" \/>\n<meta name=\"twitter:card\" content=\"summary_large_image\" \/>\n<meta name=\"twitter:label1\" content=\"Est. reading time\" \/>\n\t<meta name=\"twitter:data1\" content=\"3 minutes\" \/>\n<script type=\"application\/ld+json\" class=\"yoast-schema-graph\">{\"@context\":\"https:\\\/\\\/schema.org\",\"@graph\":[{\"@type\":\"WebPage\",\"@id\":\"https:\\\/\\\/www.suedzucker.pl\\\/serwis-plantatorski\\\/doswiadczenia\\\/wyniki-doswiadczen-2025\\\/z-nawozeniem-mikroelementami-2025\\\/\",\"url\":\"https:\\\/\\\/www.suedzucker.pl\\\/serwis-plantatorski\\\/doswiadczenia\\\/wyniki-doswiadczen-2025\\\/z-nawozeniem-mikroelementami-2025\\\/\",\"name\":\"Z nawo\u017ceniem mikroelementami 2025 - S\u00fcdzucker Polska\",\"isPartOf\":{\"@id\":\"https:\\\/\\\/www.suedzucker.pl\\\/en\\\/#website\"},\"primaryImageOfPage\":{\"@id\":\"https:\\\/\\\/www.suedzucker.pl\\\/serwis-plantatorski\\\/doswiadczenia\\\/wyniki-doswiadczen-2025\\\/z-nawozeniem-mikroelementami-2025\\\/#primaryimage\"},\"image\":{\"@id\":\"https:\\\/\\\/www.suedzucker.pl\\\/serwis-plantatorski\\\/doswiadczenia\\\/wyniki-doswiadczen-2025\\\/z-nawozeniem-mikroelementami-2025\\\/#primaryimage\"},\"thumbnailUrl\":\"https:\\\/\\\/www.suedzucker.pl\\\/wp-content\\\/uploads\\\/2025\\\/12\\\/1.-opis-1024x576.png\",\"datePublished\":\"2025-12-11T07:20:15+00:00\",\"dateModified\":\"2025-12-11T07:32:15+00:00\",\"breadcrumb\":{\"@id\":\"https:\\\/\\\/www.suedzucker.pl\\\/serwis-plantatorski\\\/doswiadczenia\\\/wyniki-doswiadczen-2025\\\/z-nawozeniem-mikroelementami-2025\\\/#breadcrumb\"},\"inLanguage\":\"en-US\",\"potentialAction\":[{\"@type\":\"ReadAction\",\"target\":[\"https:\\\/\\\/www.suedzucker.pl\\\/serwis-plantatorski\\\/doswiadczenia\\\/wyniki-doswiadczen-2025\\\/z-nawozeniem-mikroelementami-2025\\\/\"]}]},{\"@type\":\"ImageObject\",\"inLanguage\":\"en-US\",\"@id\":\"https:\\\/\\\/www.suedzucker.pl\\\/serwis-plantatorski\\\/doswiadczenia\\\/wyniki-doswiadczen-2025\\\/z-nawozeniem-mikroelementami-2025\\\/#primaryimage\",\"url\":\"https:\\\/\\\/www.suedzucker.pl\\\/wp-content\\\/uploads\\\/2025\\\/12\\\/1.-opis-1024x576.png\",\"contentUrl\":\"https:\\\/\\\/www.suedzucker.pl\\\/wp-content\\\/uploads\\\/2025\\\/12\\\/1.-opis-1024x576.png\"},{\"@type\":\"BreadcrumbList\",\"@id\":\"https:\\\/\\\/www.suedzucker.pl\\\/serwis-plantatorski\\\/doswiadczenia\\\/wyniki-doswiadczen-2025\\\/z-nawozeniem-mikroelementami-2025\\\/#breadcrumb\",\"itemListElement\":[{\"@type\":\"ListItem\",\"position\":1,\"name\":\"Home page\",\"item\":\"https:\\\/\\\/www.suedzucker.pl\\\/en\\\/serwis-plantatorski\\\/\"},{\"@type\":\"ListItem\",\"position\":2,\"name\":\"Do\u015bwiadczenia\",\"item\":\"https:\\\/\\\/www.suedzucker.pl\\\/serwis-plantatorski\\\/doswiadczenia\\\/\"},{\"@type\":\"ListItem\",\"position\":3,\"name\":\"Wyniki do\u015bwiadcze\u0144 2025\",\"item\":\"https:\\\/\\\/www.suedzucker.pl\\\/serwis-plantatorski\\\/doswiadczenia\\\/wyniki-doswiadczen-2025\\\/\"},{\"@type\":\"ListItem\",\"position\":4,\"name\":\"Z nawo\u017ceniem mikroelementami 2025\"}]},{\"@type\":\"WebSite\",\"@id\":\"https:\\\/\\\/www.suedzucker.pl\\\/en\\\/#website\",\"url\":\"https:\\\/\\\/www.suedzucker.pl\\\/en\\\/\",\"name\":\"S\u00fcdzucker Polska\",\"description\":\"Jeste\u015bmy wiod\u0105cym producentem cukru w Polsce\",\"potentialAction\":[{\"@type\":\"SearchAction\",\"target\":{\"@type\":\"EntryPoint\",\"urlTemplate\":\"https:\\\/\\\/www.suedzucker.pl\\\/en\\\/?s={search_term_string}\"},\"query-input\":{\"@type\":\"PropertyValueSpecification\",\"valueRequired\":true,\"valueName\":\"search_term_string\"}}],\"inLanguage\":\"en-US\"}]}<\/script>\n<!-- \/ Yoast SEO plugin. -->","yoast_head_json":{"title":"Z nawo\u017ceniem mikroelementami 2025 - S\u00fcdzucker Polska","robots":{"index":"index","follow":"follow","max-snippet":"max-snippet:-1","max-image-preview":"max-image-preview:large","max-video-preview":"max-video-preview:-1"},"canonical":"https:\/\/www.suedzucker.pl\/serwis-plantatorski\/doswiadczenia\/wyniki-doswiadczen-2025\/z-nawozeniem-mikroelementami-2025\/","og_locale":"en_US","og_type":"article","og_title":"Z nawo\u017ceniem mikroelementami 2025 - S\u00fcdzucker Polska","og_description":"Do\u015bwiadczenie z nawo\u017ceniem mikroelementami 2025 Technologiczny plon cukru [% wzorca], a koszt nawo\u017cenia [PLN] &#8211; Do\u015bwiadczenie z nawo\u017ceniem mikroelementami\u00a02025 Plon Korzeni \u2013 Do\u015bwiadczenie z nawo\u017ceniem mikroelementami\u00a02025 Polaryzacja \u2013 Do\u015bwiadczenie z...","og_url":"https:\/\/www.suedzucker.pl\/serwis-plantatorski\/doswiadczenia\/wyniki-doswiadczen-2025\/z-nawozeniem-mikroelementami-2025\/","og_site_name":"S\u00fcdzucker Polska","article_modified_time":"2025-12-11T07:32:15+00:00","og_image":[{"width":1756,"height":988,"url":"https:\/\/www.suedzucker.pl\/wp-content\/uploads\/2025\/12\/1.-opis.png","type":"image\/png"}],"twitter_card":"summary_large_image","twitter_misc":{"Est. reading time":"3 minutes"},"schema":{"@context":"https:\/\/schema.org","@graph":[{"@type":"WebPage","@id":"https:\/\/www.suedzucker.pl\/serwis-plantatorski\/doswiadczenia\/wyniki-doswiadczen-2025\/z-nawozeniem-mikroelementami-2025\/","url":"https:\/\/www.suedzucker.pl\/serwis-plantatorski\/doswiadczenia\/wyniki-doswiadczen-2025\/z-nawozeniem-mikroelementami-2025\/","name":"Z nawo\u017ceniem mikroelementami 2025 - S\u00fcdzucker Polska","isPartOf":{"@id":"https:\/\/www.suedzucker.pl\/en\/#website"},"primaryImageOfPage":{"@id":"https:\/\/www.suedzucker.pl\/serwis-plantatorski\/doswiadczenia\/wyniki-doswiadczen-2025\/z-nawozeniem-mikroelementami-2025\/#primaryimage"},"image":{"@id":"https:\/\/www.suedzucker.pl\/serwis-plantatorski\/doswiadczenia\/wyniki-doswiadczen-2025\/z-nawozeniem-mikroelementami-2025\/#primaryimage"},"thumbnailUrl":"https:\/\/www.suedzucker.pl\/wp-content\/uploads\/2025\/12\/1.-opis-1024x576.png","datePublished":"2025-12-11T07:20:15+00:00","dateModified":"2025-12-11T07:32:15+00:00","breadcrumb":{"@id":"https:\/\/www.suedzucker.pl\/serwis-plantatorski\/doswiadczenia\/wyniki-doswiadczen-2025\/z-nawozeniem-mikroelementami-2025\/#breadcrumb"},"inLanguage":"en-US","potentialAction":[{"@type":"ReadAction","target":["https:\/\/www.suedzucker.pl\/serwis-plantatorski\/doswiadczenia\/wyniki-doswiadczen-2025\/z-nawozeniem-mikroelementami-2025\/"]}]},{"@type":"ImageObject","inLanguage":"en-US","@id":"https:\/\/www.suedzucker.pl\/serwis-plantatorski\/doswiadczenia\/wyniki-doswiadczen-2025\/z-nawozeniem-mikroelementami-2025\/#primaryimage","url":"https:\/\/www.suedzucker.pl\/wp-content\/uploads\/2025\/12\/1.-opis-1024x576.png","contentUrl":"https:\/\/www.suedzucker.pl\/wp-content\/uploads\/2025\/12\/1.-opis-1024x576.png"},{"@type":"BreadcrumbList","@id":"https:\/\/www.suedzucker.pl\/serwis-plantatorski\/doswiadczenia\/wyniki-doswiadczen-2025\/z-nawozeniem-mikroelementami-2025\/#breadcrumb","itemListElement":[{"@type":"ListItem","position":1,"name":"Home page","item":"https:\/\/www.suedzucker.pl\/en\/serwis-plantatorski\/"},{"@type":"ListItem","position":2,"name":"Do\u015bwiadczenia","item":"https:\/\/www.suedzucker.pl\/serwis-plantatorski\/doswiadczenia\/"},{"@type":"ListItem","position":3,"name":"Wyniki do\u015bwiadcze\u0144 2025","item":"https:\/\/www.suedzucker.pl\/serwis-plantatorski\/doswiadczenia\/wyniki-doswiadczen-2025\/"},{"@type":"ListItem","position":4,"name":"Z nawo\u017ceniem mikroelementami 2025"}]},{"@type":"WebSite","@id":"https:\/\/www.suedzucker.pl\/en\/#website","url":"https:\/\/www.suedzucker.pl\/en\/","name":"S\u00fcdzucker Polska","description":"Jeste\u015bmy wiod\u0105cym producentem cukru w Polsce","potentialAction":[{"@type":"SearchAction","target":{"@type":"EntryPoint","urlTemplate":"https:\/\/www.suedzucker.pl\/en\/?s={search_term_string}"},"query-input":{"@type":"PropertyValueSpecification","valueRequired":true,"valueName":"search_term_string"}}],"inLanguage":"en-US"}]}},"_links":{"self":[{"href":"https:\/\/www.suedzucker.pl\/en\/wp-json\/wp\/v2\/pages\/24535","targetHints":{"allow":["GET"]}}],"collection":[{"href":"https:\/\/www.suedzucker.pl\/en\/wp-json\/wp\/v2\/pages"}],"about":[{"href":"https:\/\/www.suedzucker.pl\/en\/wp-json\/wp\/v2\/types\/page"}],"author":[{"embeddable":true,"href":"https:\/\/www.suedzucker.pl\/en\/wp-json\/wp\/v2\/users\/4"}],"replies":[{"embeddable":true,"href":"https:\/\/www.suedzucker.pl\/en\/wp-json\/wp\/v2\/comments?post=24535"}],"version-history":[{"count":2,"href":"https:\/\/www.suedzucker.pl\/en\/wp-json\/wp\/v2\/pages\/24535\/revisions"}],"predecessor-version":[{"id":24549,"href":"https:\/\/www.suedzucker.pl\/en\/wp-json\/wp\/v2\/pages\/24535\/revisions\/24549"}],"up":[{"embeddable":true,"href":"https:\/\/www.suedzucker.pl\/en\/wp-json\/wp\/v2\/pages\/23499"}],"wp:attachment":[{"href":"https:\/\/www.suedzucker.pl\/en\/wp-json\/wp\/v2\/media?parent=24535"}],"curies":[{"name":"wp","href":"https:\/\/api.w.org\/{rel}","templated":true}]}}