{"id":24569,"date":"2025-12-11T12:48:18","date_gmt":"2025-12-11T11:48:18","guid":{"rendered":"https:\/\/www.suedzucker.pl\/?page_id=24569"},"modified":"2025-12-11T13:18:21","modified_gmt":"2025-12-11T12:18:21","slug":"badania-uzupelniajace-pdo-2025","status":"publish","type":"page","link":"https:\/\/www.suedzucker.pl\/en\/serwis-plantatorski\/doswiadczenia\/wyniki-doswiadczen-2025\/wyniki-doswiadczen-coboru-pdo-2025\/badania-uzupelniajace-pdo-2025\/","title":{"rendered":"Badania uzupe\u0142niaj\u0105ce PDO 2025"},"content":{"rendered":"\n<h4 class=\"wp-block-heading\">Sk\u0142ad kalibra\u017cowy nasion &#8211; badania uzupe\u0142niaj\u0105ce COBORU PDO 2025<\/h4>\n\n\n<div class=\"wp-block-image\">\n<figure class=\"aligncenter size-large\"><a href=\"https:\/\/www.suedzucker.pl\/wp-content\/uploads\/2025\/12\/Kalibraz-nasion.png\"><img loading=\"lazy\" decoding=\"async\" width=\"1024\" height=\"574\" src=\"https:\/\/www.suedzucker.pl\/wp-content\/uploads\/2025\/12\/Kalibraz-nasion-1024x574.png\" alt=\"\" class=\"wp-image-24580\" srcset=\"https:\/\/www.suedzucker.pl\/wp-content\/uploads\/2025\/12\/Kalibraz-nasion-1024x574.png 1024w, https:\/\/www.suedzucker.pl\/wp-content\/uploads\/2025\/12\/Kalibraz-nasion-300x168.png 300w, https:\/\/www.suedzucker.pl\/wp-content\/uploads\/2025\/12\/Kalibraz-nasion-768x431.png 768w, https:\/\/www.suedzucker.pl\/wp-content\/uploads\/2025\/12\/Kalibraz-nasion-1536x862.png 1536w, https:\/\/www.suedzucker.pl\/wp-content\/uploads\/2025\/12\/Kalibraz-nasion-500x280.png 500w, https:\/\/www.suedzucker.pl\/wp-content\/uploads\/2025\/12\/Kalibraz-nasion.png 1749w\" sizes=\"auto, (max-width: 1024px) 100vw, 1024px\" \/><\/a><\/figure>\n<\/div>\n\n\n<h4 class=\"wp-block-heading\">Wyst\u0119powanie po\u015bpiech\u00f3w i burakochwast\u00f3w &#8211; badania uzupe\u0142niaj\u0105ce COBORU PDO 2025<\/h4>\n\n\n<div class=\"wp-block-image\">\n<figure class=\"aligncenter size-large\"><a href=\"https:\/\/www.suedzucker.pl\/wp-content\/uploads\/2025\/12\/Pospiechy-i-burakochwasty.png\"><img loading=\"lazy\" decoding=\"async\" width=\"1024\" height=\"573\" src=\"https:\/\/www.suedzucker.pl\/wp-content\/uploads\/2025\/12\/Pospiechy-i-burakochwasty-1024x573.png\" alt=\"\" class=\"wp-image-24582\" srcset=\"https:\/\/www.suedzucker.pl\/wp-content\/uploads\/2025\/12\/Pospiechy-i-burakochwasty-1024x573.png 1024w, https:\/\/www.suedzucker.pl\/wp-content\/uploads\/2025\/12\/Pospiechy-i-burakochwasty-300x168.png 300w, https:\/\/www.suedzucker.pl\/wp-content\/uploads\/2025\/12\/Pospiechy-i-burakochwasty-768x430.png 768w, https:\/\/www.suedzucker.pl\/wp-content\/uploads\/2025\/12\/Pospiechy-i-burakochwasty-1536x859.png 1536w, https:\/\/www.suedzucker.pl\/wp-content\/uploads\/2025\/12\/Pospiechy-i-burakochwasty-500x280.png 500w, https:\/\/www.suedzucker.pl\/wp-content\/uploads\/2025\/12\/Pospiechy-i-burakochwasty.png 1748w\" sizes=\"auto, (max-width: 1024px) 100vw, 1024px\" \/><\/a><\/figure>\n<\/div>","protected":false},"excerpt":{"rendered":"<p>Sk\u0142ad kalibra\u017cowy nasion &#8211; badania uzupe\u0142niaj\u0105ce COBORU PDO 2025 Wyst\u0119powanie po\u015bpiech\u00f3w i burakochwast\u00f3w &#8211; badania uzupe\u0142niaj\u0105ce COBORU PDO 2025<\/p>\n","protected":false},"author":4,"featured_media":0,"parent":24565,"menu_order":2,"comment_status":"closed","ping_status":"closed","template":"","meta":{"_acf_changed":false,"inline_featured_image":false,"footnotes":"","_wp_rev_ctl_limit":""},"class_list":["post-24569","page","type-page","status-publish","hentry"],"acf":[],"yoast_head":"<!-- This site is optimized with the Yoast SEO plugin v27.3 - https:\/\/yoast.com\/product\/yoast-seo-wordpress\/ -->\n<title>Badania uzupe\u0142niaj\u0105ce PDO 2025 - S\u00fcdzucker Polska<\/title>\n<meta name=\"robots\" content=\"index, follow, max-snippet:-1, max-image-preview:large, max-video-preview:-1\" \/>\n<link rel=\"canonical\" href=\"https:\/\/www.suedzucker.pl\/serwis-plantatorski\/doswiadczenia\/wyniki-doswiadczen-2025\/wyniki-doswiadczen-coboru-pdo-2025\/badania-uzupelniajace-pdo-2025\/\" \/>\n<meta property=\"og:locale\" content=\"en_US\" \/>\n<meta property=\"og:type\" content=\"article\" \/>\n<meta property=\"og:title\" content=\"Badania uzupe\u0142niaj\u0105ce PDO 2025 - S\u00fcdzucker Polska\" \/>\n<meta property=\"og:description\" content=\"Sk\u0142ad kalibra\u017cowy nasion &#8211; badania uzupe\u0142niaj\u0105ce COBORU PDO 2025 Wyst\u0119powanie po\u015bpiech\u00f3w i burakochwast\u00f3w &#8211; badania uzupe\u0142niaj\u0105ce COBORU PDO 2025\" \/>\n<meta property=\"og:url\" content=\"https:\/\/www.suedzucker.pl\/serwis-plantatorski\/doswiadczenia\/wyniki-doswiadczen-2025\/wyniki-doswiadczen-coboru-pdo-2025\/badania-uzupelniajace-pdo-2025\/\" \/>\n<meta property=\"og:site_name\" content=\"S\u00fcdzucker Polska\" \/>\n<meta property=\"article:modified_time\" content=\"2025-12-11T12:18:21+00:00\" \/>\n<meta property=\"og:image\" content=\"https:\/\/www.suedzucker.pl\/wp-content\/uploads\/2025\/12\/Kalibraz-nasion.png\" \/>\n\t<meta property=\"og:image:width\" content=\"1749\" \/>\n\t<meta property=\"og:image:height\" content=\"981\" \/>\n\t<meta property=\"og:image:type\" content=\"image\/png\" \/>\n<meta name=\"twitter:card\" content=\"summary_large_image\" \/>\n<meta name=\"twitter:label1\" content=\"Est. reading time\" \/>\n\t<meta name=\"twitter:data1\" content=\"1 minute\" \/>\n<script type=\"application\/ld+json\" class=\"yoast-schema-graph\">{\"@context\":\"https:\\\/\\\/schema.org\",\"@graph\":[{\"@type\":\"WebPage\",\"@id\":\"https:\\\/\\\/www.suedzucker.pl\\\/serwis-plantatorski\\\/doswiadczenia\\\/wyniki-doswiadczen-2025\\\/wyniki-doswiadczen-coboru-pdo-2025\\\/badania-uzupelniajace-pdo-2025\\\/\",\"url\":\"https:\\\/\\\/www.suedzucker.pl\\\/serwis-plantatorski\\\/doswiadczenia\\\/wyniki-doswiadczen-2025\\\/wyniki-doswiadczen-coboru-pdo-2025\\\/badania-uzupelniajace-pdo-2025\\\/\",\"name\":\"Badania uzupe\u0142niaj\u0105ce PDO 2025 - S\u00fcdzucker Polska\",\"isPartOf\":{\"@id\":\"https:\\\/\\\/www.suedzucker.pl\\\/en\\\/#website\"},\"primaryImageOfPage\":{\"@id\":\"https:\\\/\\\/www.suedzucker.pl\\\/serwis-plantatorski\\\/doswiadczenia\\\/wyniki-doswiadczen-2025\\\/wyniki-doswiadczen-coboru-pdo-2025\\\/badania-uzupelniajace-pdo-2025\\\/#primaryimage\"},\"image\":{\"@id\":\"https:\\\/\\\/www.suedzucker.pl\\\/serwis-plantatorski\\\/doswiadczenia\\\/wyniki-doswiadczen-2025\\\/wyniki-doswiadczen-coboru-pdo-2025\\\/badania-uzupelniajace-pdo-2025\\\/#primaryimage\"},\"thumbnailUrl\":\"https:\\\/\\\/www.suedzucker.pl\\\/wp-content\\\/uploads\\\/2025\\\/12\\\/Kalibraz-nasion-1024x574.png\",\"datePublished\":\"2025-12-11T11:48:18+00:00\",\"dateModified\":\"2025-12-11T12:18:21+00:00\",\"breadcrumb\":{\"@id\":\"https:\\\/\\\/www.suedzucker.pl\\\/serwis-plantatorski\\\/doswiadczenia\\\/wyniki-doswiadczen-2025\\\/wyniki-doswiadczen-coboru-pdo-2025\\\/badania-uzupelniajace-pdo-2025\\\/#breadcrumb\"},\"inLanguage\":\"en-US\",\"potentialAction\":[{\"@type\":\"ReadAction\",\"target\":[\"https:\\\/\\\/www.suedzucker.pl\\\/serwis-plantatorski\\\/doswiadczenia\\\/wyniki-doswiadczen-2025\\\/wyniki-doswiadczen-coboru-pdo-2025\\\/badania-uzupelniajace-pdo-2025\\\/\"]}]},{\"@type\":\"ImageObject\",\"inLanguage\":\"en-US\",\"@id\":\"https:\\\/\\\/www.suedzucker.pl\\\/serwis-plantatorski\\\/doswiadczenia\\\/wyniki-doswiadczen-2025\\\/wyniki-doswiadczen-coboru-pdo-2025\\\/badania-uzupelniajace-pdo-2025\\\/#primaryimage\",\"url\":\"https:\\\/\\\/www.suedzucker.pl\\\/wp-content\\\/uploads\\\/2025\\\/12\\\/Kalibraz-nasion-1024x574.png\",\"contentUrl\":\"https:\\\/\\\/www.suedzucker.pl\\\/wp-content\\\/uploads\\\/2025\\\/12\\\/Kalibraz-nasion-1024x574.png\"},{\"@type\":\"BreadcrumbList\",\"@id\":\"https:\\\/\\\/www.suedzucker.pl\\\/serwis-plantatorski\\\/doswiadczenia\\\/wyniki-doswiadczen-2025\\\/wyniki-doswiadczen-coboru-pdo-2025\\\/badania-uzupelniajace-pdo-2025\\\/#breadcrumb\",\"itemListElement\":[{\"@type\":\"ListItem\",\"position\":1,\"name\":\"Home page\",\"item\":\"https:\\\/\\\/www.suedzucker.pl\\\/en\\\/serwis-plantatorski\\\/\"},{\"@type\":\"ListItem\",\"position\":2,\"name\":\"Do\u015bwiadczenia\",\"item\":\"https:\\\/\\\/www.suedzucker.pl\\\/serwis-plantatorski\\\/doswiadczenia\\\/\"},{\"@type\":\"ListItem\",\"position\":3,\"name\":\"Wyniki do\u015bwiadcze\u0144 2025\",\"item\":\"https:\\\/\\\/www.suedzucker.pl\\\/serwis-plantatorski\\\/doswiadczenia\\\/wyniki-doswiadczen-2025\\\/\"},{\"@type\":\"ListItem\",\"position\":4,\"name\":\"Wyniki do\u015bwiadcze\u0144 COBORU PDO 2025\",\"item\":\"https:\\\/\\\/www.suedzucker.pl\\\/serwis-plantatorski\\\/doswiadczenia\\\/wyniki-doswiadczen-2025\\\/wyniki-doswiadczen-coboru-pdo-2025\\\/\"},{\"@type\":\"ListItem\",\"position\":5,\"name\":\"Badania uzupe\u0142niaj\u0105ce PDO 2025\"}]},{\"@type\":\"WebSite\",\"@id\":\"https:\\\/\\\/www.suedzucker.pl\\\/en\\\/#website\",\"url\":\"https:\\\/\\\/www.suedzucker.pl\\\/en\\\/\",\"name\":\"S\u00fcdzucker Polska\",\"description\":\"Jeste\u015bmy wiod\u0105cym producentem cukru w Polsce\",\"potentialAction\":[{\"@type\":\"SearchAction\",\"target\":{\"@type\":\"EntryPoint\",\"urlTemplate\":\"https:\\\/\\\/www.suedzucker.pl\\\/en\\\/?s={search_term_string}\"},\"query-input\":{\"@type\":\"PropertyValueSpecification\",\"valueRequired\":true,\"valueName\":\"search_term_string\"}}],\"inLanguage\":\"en-US\"}]}<\/script>\n<!-- \/ Yoast SEO plugin. -->","yoast_head_json":{"title":"Badania uzupe\u0142niaj\u0105ce PDO 2025 - S\u00fcdzucker Polska","robots":{"index":"index","follow":"follow","max-snippet":"max-snippet:-1","max-image-preview":"max-image-preview:large","max-video-preview":"max-video-preview:-1"},"canonical":"https:\/\/www.suedzucker.pl\/serwis-plantatorski\/doswiadczenia\/wyniki-doswiadczen-2025\/wyniki-doswiadczen-coboru-pdo-2025\/badania-uzupelniajace-pdo-2025\/","og_locale":"en_US","og_type":"article","og_title":"Badania uzupe\u0142niaj\u0105ce PDO 2025 - S\u00fcdzucker Polska","og_description":"Sk\u0142ad kalibra\u017cowy nasion &#8211; badania uzupe\u0142niaj\u0105ce COBORU PDO 2025 Wyst\u0119powanie po\u015bpiech\u00f3w i burakochwast\u00f3w &#8211; badania uzupe\u0142niaj\u0105ce COBORU PDO 2025","og_url":"https:\/\/www.suedzucker.pl\/serwis-plantatorski\/doswiadczenia\/wyniki-doswiadczen-2025\/wyniki-doswiadczen-coboru-pdo-2025\/badania-uzupelniajace-pdo-2025\/","og_site_name":"S\u00fcdzucker Polska","article_modified_time":"2025-12-11T12:18:21+00:00","og_image":[{"width":1749,"height":981,"url":"https:\/\/www.suedzucker.pl\/wp-content\/uploads\/2025\/12\/Kalibraz-nasion.png","type":"image\/png"}],"twitter_card":"summary_large_image","twitter_misc":{"Est. reading time":"1 minute"},"schema":{"@context":"https:\/\/schema.org","@graph":[{"@type":"WebPage","@id":"https:\/\/www.suedzucker.pl\/serwis-plantatorski\/doswiadczenia\/wyniki-doswiadczen-2025\/wyniki-doswiadczen-coboru-pdo-2025\/badania-uzupelniajace-pdo-2025\/","url":"https:\/\/www.suedzucker.pl\/serwis-plantatorski\/doswiadczenia\/wyniki-doswiadczen-2025\/wyniki-doswiadczen-coboru-pdo-2025\/badania-uzupelniajace-pdo-2025\/","name":"Badania uzupe\u0142niaj\u0105ce PDO 2025 - S\u00fcdzucker Polska","isPartOf":{"@id":"https:\/\/www.suedzucker.pl\/en\/#website"},"primaryImageOfPage":{"@id":"https:\/\/www.suedzucker.pl\/serwis-plantatorski\/doswiadczenia\/wyniki-doswiadczen-2025\/wyniki-doswiadczen-coboru-pdo-2025\/badania-uzupelniajace-pdo-2025\/#primaryimage"},"image":{"@id":"https:\/\/www.suedzucker.pl\/serwis-plantatorski\/doswiadczenia\/wyniki-doswiadczen-2025\/wyniki-doswiadczen-coboru-pdo-2025\/badania-uzupelniajace-pdo-2025\/#primaryimage"},"thumbnailUrl":"https:\/\/www.suedzucker.pl\/wp-content\/uploads\/2025\/12\/Kalibraz-nasion-1024x574.png","datePublished":"2025-12-11T11:48:18+00:00","dateModified":"2025-12-11T12:18:21+00:00","breadcrumb":{"@id":"https:\/\/www.suedzucker.pl\/serwis-plantatorski\/doswiadczenia\/wyniki-doswiadczen-2025\/wyniki-doswiadczen-coboru-pdo-2025\/badania-uzupelniajace-pdo-2025\/#breadcrumb"},"inLanguage":"en-US","potentialAction":[{"@type":"ReadAction","target":["https:\/\/www.suedzucker.pl\/serwis-plantatorski\/doswiadczenia\/wyniki-doswiadczen-2025\/wyniki-doswiadczen-coboru-pdo-2025\/badania-uzupelniajace-pdo-2025\/"]}]},{"@type":"ImageObject","inLanguage":"en-US","@id":"https:\/\/www.suedzucker.pl\/serwis-plantatorski\/doswiadczenia\/wyniki-doswiadczen-2025\/wyniki-doswiadczen-coboru-pdo-2025\/badania-uzupelniajace-pdo-2025\/#primaryimage","url":"https:\/\/www.suedzucker.pl\/wp-content\/uploads\/2025\/12\/Kalibraz-nasion-1024x574.png","contentUrl":"https:\/\/www.suedzucker.pl\/wp-content\/uploads\/2025\/12\/Kalibraz-nasion-1024x574.png"},{"@type":"BreadcrumbList","@id":"https:\/\/www.suedzucker.pl\/serwis-plantatorski\/doswiadczenia\/wyniki-doswiadczen-2025\/wyniki-doswiadczen-coboru-pdo-2025\/badania-uzupelniajace-pdo-2025\/#breadcrumb","itemListElement":[{"@type":"ListItem","position":1,"name":"Home page","item":"https:\/\/www.suedzucker.pl\/en\/serwis-plantatorski\/"},{"@type":"ListItem","position":2,"name":"Do\u015bwiadczenia","item":"https:\/\/www.suedzucker.pl\/serwis-plantatorski\/doswiadczenia\/"},{"@type":"ListItem","position":3,"name":"Wyniki do\u015bwiadcze\u0144 2025","item":"https:\/\/www.suedzucker.pl\/serwis-plantatorski\/doswiadczenia\/wyniki-doswiadczen-2025\/"},{"@type":"ListItem","position":4,"name":"Wyniki do\u015bwiadcze\u0144 COBORU PDO 2025","item":"https:\/\/www.suedzucker.pl\/serwis-plantatorski\/doswiadczenia\/wyniki-doswiadczen-2025\/wyniki-doswiadczen-coboru-pdo-2025\/"},{"@type":"ListItem","position":5,"name":"Badania uzupe\u0142niaj\u0105ce PDO 2025"}]},{"@type":"WebSite","@id":"https:\/\/www.suedzucker.pl\/en\/#website","url":"https:\/\/www.suedzucker.pl\/en\/","name":"S\u00fcdzucker Polska","description":"Jeste\u015bmy wiod\u0105cym producentem cukru w Polsce","potentialAction":[{"@type":"SearchAction","target":{"@type":"EntryPoint","urlTemplate":"https:\/\/www.suedzucker.pl\/en\/?s={search_term_string}"},"query-input":{"@type":"PropertyValueSpecification","valueRequired":true,"valueName":"search_term_string"}}],"inLanguage":"en-US"}]}},"_links":{"self":[{"href":"https:\/\/www.suedzucker.pl\/en\/wp-json\/wp\/v2\/pages\/24569","targetHints":{"allow":["GET"]}}],"collection":[{"href":"https:\/\/www.suedzucker.pl\/en\/wp-json\/wp\/v2\/pages"}],"about":[{"href":"https:\/\/www.suedzucker.pl\/en\/wp-json\/wp\/v2\/types\/page"}],"author":[{"embeddable":true,"href":"https:\/\/www.suedzucker.pl\/en\/wp-json\/wp\/v2\/users\/4"}],"replies":[{"embeddable":true,"href":"https:\/\/www.suedzucker.pl\/en\/wp-json\/wp\/v2\/comments?post=24569"}],"version-history":[{"count":2,"href":"https:\/\/www.suedzucker.pl\/en\/wp-json\/wp\/v2\/pages\/24569\/revisions"}],"predecessor-version":[{"id":24583,"href":"https:\/\/www.suedzucker.pl\/en\/wp-json\/wp\/v2\/pages\/24569\/revisions\/24583"}],"up":[{"embeddable":true,"href":"https:\/\/www.suedzucker.pl\/en\/wp-json\/wp\/v2\/pages\/24565"}],"wp:attachment":[{"href":"https:\/\/www.suedzucker.pl\/en\/wp-json\/wp\/v2\/media?parent=24569"}],"curies":[{"name":"wp","href":"https:\/\/api.w.org\/{rel}","templated":true}]}}