{"id":24676,"date":"2026-01-21T08:10:58","date_gmt":"2026-01-21T07:10:58","guid":{"rendered":"https:\/\/www.suedzucker.pl\/?page_id=24676"},"modified":"2026-01-21T08:29:15","modified_gmt":"2026-01-21T07:29:15","slug":"our-brand-sudzucker","status":"publish","type":"page","link":"https:\/\/www.suedzucker.pl\/en\/products\/our-brand-sudzucker\/","title":{"rendered":"Our brand S\u00fcdzucker"},"content":{"rendered":"\n<p>The S\u00fcdzucker brand provides the processing industry with the widest range of standardized as well as customized specialist sugar solutions, all based on a completely natural raw material. In addition to high\u2011quality industrial sugar products (EU2, EU1, crystalline and liquid sugars), the offering includes a broad selection of specialty sugars: for example, organically grown and sourced beet sugar, a wide range of fondants, or high\u2011quality sucrose\u2011based auxiliary substances for the pharmaceutical industry. All sugar products that we produce in our factories are made from European sugar beets.<\/p>\n\n\n\n<p>S\u00fcdzucker provides customers with the best solutions in a way that respects and protects the planet. Our goal is to deliver our products on time, every time\u2014anywhere in the world. We combine the capabilities of an experienced sugar producer with the flexibility and know\u2011how of global trade to ensure excellence in both products and services.<\/p>\n\n\n\n<p>More information on the website <a href=\"https:\/\/www.suedzucker.com\/pl\/\" target=\"_blank\" rel=\"noreferrer noopener\">https:\/\/www.suedzucker.com\/pl\/<\/a><\/p>\n\n\n\n<div class=\"wp-block-file\"><a id=\"wp-block-file--media-edc535a7-0e8b-48a3-b956-27b3779466df\" href=\"https:\/\/www.suedzucker.pl\/wp-content\/uploads\/2026\/01\/General-terms-and-conditions-of-sale.pdf\" target=\"_blank\" rel=\"noreferrer noopener\">General terms and conditions of sale<\/a><a href=\"https:\/\/www.suedzucker.pl\/wp-content\/uploads\/2026\/01\/General-terms-and-conditions-of-sale.pdf\" class=\"wp-block-file__button wp-element-button\" download aria-describedby=\"wp-block-file--media-edc535a7-0e8b-48a3-b956-27b3779466df\">Pobierz<\/a><\/div>\n\n\n\n<p><\/p>\n","protected":false},"excerpt":{"rendered":"<p>The S\u00fcdzucker brand provides the processing industry with the widest range of standardized as well as customized specialist sugar solutions, all based on a completely natural raw material. In addition&#8230;<\/p>\n","protected":false},"author":14,"featured_media":0,"parent":12764,"menu_order":2,"comment_status":"closed","ping_status":"closed","template":"","meta":{"_acf_changed":false,"inline_featured_image":false,"footnotes":"","_wp_rev_ctl_limit":""},"class_list":["post-24676","page","type-page","status-publish","hentry"],"acf":[],"yoast_head":"<!-- This site is optimized with the Yoast SEO plugin v27.4 - https:\/\/yoast.com\/product\/yoast-seo-wordpress\/ -->\n<title>Our brand S\u00fcdzucker - S\u00fcdzucker Polska<\/title>\n<meta name=\"robots\" content=\"index, follow, max-snippet:-1, max-image-preview:large, max-video-preview:-1\" \/>\n<link rel=\"canonical\" href=\"https:\/\/www.suedzucker.pl\/products\/our-brand-sudzucker\/\" \/>\n<meta property=\"og:locale\" content=\"en_US\" \/>\n<meta property=\"og:type\" content=\"article\" \/>\n<meta property=\"og:title\" content=\"Our brand S\u00fcdzucker - S\u00fcdzucker Polska\" \/>\n<meta property=\"og:description\" content=\"The S\u00fcdzucker brand provides the processing industry with the widest range of standardized as well as customized specialist sugar solutions, all based on a completely natural raw material. In addition...\" \/>\n<meta property=\"og:url\" content=\"https:\/\/www.suedzucker.pl\/products\/our-brand-sudzucker\/\" \/>\n<meta property=\"og:site_name\" content=\"S\u00fcdzucker Polska\" \/>\n<meta property=\"article:modified_time\" content=\"2026-01-21T07:29:15+00:00\" \/>\n<meta name=\"twitter:card\" content=\"summary_large_image\" \/>\n<meta name=\"twitter:label1\" content=\"Est. reading time\" \/>\n\t<meta name=\"twitter:data1\" content=\"1 minute\" \/>\n<script type=\"application\/ld+json\" class=\"yoast-schema-graph\">{\"@context\":\"https:\\\/\\\/schema.org\",\"@graph\":[{\"@type\":\"WebPage\",\"@id\":\"https:\\\/\\\/www.suedzucker.pl\\\/products\\\/our-brand-sudzucker\\\/\",\"url\":\"https:\\\/\\\/www.suedzucker.pl\\\/products\\\/our-brand-sudzucker\\\/\",\"name\":\"Our brand S\u00fcdzucker - S\u00fcdzucker Polska\",\"isPartOf\":{\"@id\":\"https:\\\/\\\/www.suedzucker.pl\\\/en\\\/#website\"},\"datePublished\":\"2026-01-21T07:10:58+00:00\",\"dateModified\":\"2026-01-21T07:29:15+00:00\",\"breadcrumb\":{\"@id\":\"https:\\\/\\\/www.suedzucker.pl\\\/products\\\/our-brand-sudzucker\\\/#breadcrumb\"},\"inLanguage\":\"en-US\",\"potentialAction\":[{\"@type\":\"ReadAction\",\"target\":[\"https:\\\/\\\/www.suedzucker.pl\\\/products\\\/our-brand-sudzucker\\\/\"]}]},{\"@type\":\"BreadcrumbList\",\"@id\":\"https:\\\/\\\/www.suedzucker.pl\\\/products\\\/our-brand-sudzucker\\\/#breadcrumb\",\"itemListElement\":[{\"@type\":\"ListItem\",\"position\":1,\"name\":\"Home\",\"item\":\"https:\\\/\\\/www.suedzucker.pl\\\/en\\\/\"},{\"@type\":\"ListItem\",\"position\":2,\"name\":\"Products\",\"item\":\"https:\\\/\\\/www.suedzucker.pl\\\/en\\\/products\\\/\"},{\"@type\":\"ListItem\",\"position\":3,\"name\":\"Our brand S\u00fcdzucker\"}]},{\"@type\":\"WebSite\",\"@id\":\"https:\\\/\\\/www.suedzucker.pl\\\/en\\\/#website\",\"url\":\"https:\\\/\\\/www.suedzucker.pl\\\/en\\\/\",\"name\":\"S\u00fcdzucker Polska\",\"description\":\"Jeste\u015bmy wiod\u0105cym producentem cukru w Polsce\",\"potentialAction\":[{\"@type\":\"SearchAction\",\"target\":{\"@type\":\"EntryPoint\",\"urlTemplate\":\"https:\\\/\\\/www.suedzucker.pl\\\/en\\\/?s={search_term_string}\"},\"query-input\":{\"@type\":\"PropertyValueSpecification\",\"valueRequired\":true,\"valueName\":\"search_term_string\"}}],\"inLanguage\":\"en-US\"}]}<\/script>\n<!-- \/ Yoast SEO plugin. -->","yoast_head_json":{"title":"Our brand S\u00fcdzucker - S\u00fcdzucker Polska","robots":{"index":"index","follow":"follow","max-snippet":"max-snippet:-1","max-image-preview":"max-image-preview:large","max-video-preview":"max-video-preview:-1"},"canonical":"https:\/\/www.suedzucker.pl\/products\/our-brand-sudzucker\/","og_locale":"en_US","og_type":"article","og_title":"Our brand S\u00fcdzucker - S\u00fcdzucker Polska","og_description":"The S\u00fcdzucker brand provides the processing industry with the widest range of standardized as well as customized specialist sugar solutions, all based on a completely natural raw material. In addition...","og_url":"https:\/\/www.suedzucker.pl\/products\/our-brand-sudzucker\/","og_site_name":"S\u00fcdzucker Polska","article_modified_time":"2026-01-21T07:29:15+00:00","twitter_card":"summary_large_image","twitter_misc":{"Est. reading time":"1 minute"},"schema":{"@context":"https:\/\/schema.org","@graph":[{"@type":"WebPage","@id":"https:\/\/www.suedzucker.pl\/products\/our-brand-sudzucker\/","url":"https:\/\/www.suedzucker.pl\/products\/our-brand-sudzucker\/","name":"Our brand S\u00fcdzucker - S\u00fcdzucker Polska","isPartOf":{"@id":"https:\/\/www.suedzucker.pl\/en\/#website"},"datePublished":"2026-01-21T07:10:58+00:00","dateModified":"2026-01-21T07:29:15+00:00","breadcrumb":{"@id":"https:\/\/www.suedzucker.pl\/products\/our-brand-sudzucker\/#breadcrumb"},"inLanguage":"en-US","potentialAction":[{"@type":"ReadAction","target":["https:\/\/www.suedzucker.pl\/products\/our-brand-sudzucker\/"]}]},{"@type":"BreadcrumbList","@id":"https:\/\/www.suedzucker.pl\/products\/our-brand-sudzucker\/#breadcrumb","itemListElement":[{"@type":"ListItem","position":1,"name":"Home","item":"https:\/\/www.suedzucker.pl\/en\/"},{"@type":"ListItem","position":2,"name":"Products","item":"https:\/\/www.suedzucker.pl\/en\/products\/"},{"@type":"ListItem","position":3,"name":"Our brand S\u00fcdzucker"}]},{"@type":"WebSite","@id":"https:\/\/www.suedzucker.pl\/en\/#website","url":"https:\/\/www.suedzucker.pl\/en\/","name":"S\u00fcdzucker Polska","description":"Jeste\u015bmy wiod\u0105cym producentem cukru w Polsce","potentialAction":[{"@type":"SearchAction","target":{"@type":"EntryPoint","urlTemplate":"https:\/\/www.suedzucker.pl\/en\/?s={search_term_string}"},"query-input":{"@type":"PropertyValueSpecification","valueRequired":true,"valueName":"search_term_string"}}],"inLanguage":"en-US"}]}},"_links":{"self":[{"href":"https:\/\/www.suedzucker.pl\/en\/wp-json\/wp\/v2\/pages\/24676","targetHints":{"allow":["GET"]}}],"collection":[{"href":"https:\/\/www.suedzucker.pl\/en\/wp-json\/wp\/v2\/pages"}],"about":[{"href":"https:\/\/www.suedzucker.pl\/en\/wp-json\/wp\/v2\/types\/page"}],"author":[{"embeddable":true,"href":"https:\/\/www.suedzucker.pl\/en\/wp-json\/wp\/v2\/users\/14"}],"replies":[{"embeddable":true,"href":"https:\/\/www.suedzucker.pl\/en\/wp-json\/wp\/v2\/comments?post=24676"}],"version-history":[{"count":3,"href":"https:\/\/www.suedzucker.pl\/en\/wp-json\/wp\/v2\/pages\/24676\/revisions"}],"predecessor-version":[{"id":24681,"href":"https:\/\/www.suedzucker.pl\/en\/wp-json\/wp\/v2\/pages\/24676\/revisions\/24681"}],"up":[{"embeddable":true,"href":"https:\/\/www.suedzucker.pl\/en\/wp-json\/wp\/v2\/pages\/12764"}],"wp:attachment":[{"href":"https:\/\/www.suedzucker.pl\/en\/wp-json\/wp\/v2\/media?parent=24676"}],"curies":[{"name":"wp","href":"https:\/\/api.w.org\/{rel}","templated":true}]}}