{"id":461,"date":"2020-05-18T15:01:53","date_gmt":"2020-05-18T13:01:53","guid":{"rendered":"http:\/\/suedzucker.pl\/?page_id=461"},"modified":"2026-03-23T13:51:20","modified_gmt":"2026-03-23T12:51:20","slug":"broszury-do-pobrania","status":"publish","type":"page","link":"https:\/\/www.suedzucker.pl\/en\/serwis-plantatorski\/agrotechnika\/broszury-do-pobrania\/","title":{"rendered":"Broszury do pobrania"},"content":{"rendered":"\n<div class=\"wp-block-file\"><a id=\"wp-block-file--media-4f90b6c3-14a0-4e91-83f3-16ca02bc473d\" href=\"https:\/\/www.suedzucker.pl\/wp-content\/uploads\/2026\/03\/INFORMATOR_PLANTATOROW_02_2026.pdf\" target=\"_blank\" rel=\"noreferrer noopener\">Informator dla plantator\u00f3w SZP 2026_27<\/a><a href=\"https:\/\/www.suedzucker.pl\/wp-content\/uploads\/2026\/03\/INFORMATOR_PLANTATOROW_02_2026.pdf\" class=\"wp-block-file__button wp-element-button\" download aria-describedby=\"wp-block-file--media-4f90b6c3-14a0-4e91-83f3-16ca02bc473d\">Pobierz<\/a><\/div>\n\n\n\n<div class=\"wp-block-file\"><a id=\"wp-block-file--media-c738d7d6-96c6-4539-8086-c60456c81dd9\" href=\"https:\/\/suedzucker.pl\/wp-content\/uploads\/2025\/10\/Kodeks-dobrych-praktyk_e-wydanie.pdf\">Kodeks dobrych praktyk_e-wydanie<\/a><a href=\"https:\/\/suedzucker.pl\/wp-content\/uploads\/2025\/10\/Kodeks-dobrych-praktyk_e-wydanie.pdf\" class=\"wp-block-file__button wp-element-button\" download aria-describedby=\"wp-block-file--media-c738d7d6-96c6-4539-8086-c60456c81dd9\">Pobierz<\/a><\/div>\n\n\n\n<div class=\"wp-block-file\"><a id=\"wp-block-file--media-7d82f7b6-0791-4146-9ea6-460429cb061e\" href=\"https:\/\/www.suedzucker.pl\/wp-content\/uploads\/2025\/08\/Instrukcja_plant2go_PlantPortal.pdf\" target=\"_blank\" rel=\"noreferrer noopener\">Instrukcja plant2go i PlantPortal<\/a><a href=\"https:\/\/www.suedzucker.pl\/wp-content\/uploads\/2025\/08\/Instrukcja_plant2go_PlantPortal.pdf\" class=\"wp-block-file__button wp-element-button\" download aria-describedby=\"wp-block-file--media-7d82f7b6-0791-4146-9ea6-460429cb061e\">Pobierz<\/a><\/div>\n\n\n\n<div class=\"wp-block-file\"><a id=\"wp-block-file--media-3e609d15-c70c-4d88-a82d-fc9b2ee709c2\" href=\"https:\/\/www.suedzucker.pl\/wp-content\/uploads\/2025\/02\/INFORMATOR_PLANTATOROW_2025.pdf\" target=\"_blank\" rel=\"noreferrer noopener\">Informacja dla plantator\u00f3w SZP 2025_26<\/a><a href=\"https:\/\/www.suedzucker.pl\/wp-content\/uploads\/2025\/02\/INFORMATOR_PLANTATOROW_2025.pdf\" class=\"wp-block-file__button wp-element-button\" download aria-describedby=\"wp-block-file--media-3e609d15-c70c-4d88-a82d-fc9b2ee709c2\">Pobierz<\/a><\/div>\n\n\n\n<div class=\"wp-block-file\"><a id=\"wp-block-file--media-1a744683-dc0f-4563-9bd2-e4d8bcee107d\" href=\"https:\/\/www.suedzucker.pl\/wp-content\/uploads\/2025\/02\/Ankieta-do-oceny-poziomu-emisyjnosci-uprawy-buraka-cukrowego.pdf\" target=\"_blank\" rel=\"noreferrer noopener\">Ankieta do oceny poziomu emisyjno\u015bci uprawy buraka cukrowego<\/a><a href=\"https:\/\/www.suedzucker.pl\/wp-content\/uploads\/2025\/02\/Ankieta-do-oceny-poziomu-emisyjnosci-uprawy-buraka-cukrowego.pdf\" class=\"wp-block-file__button wp-element-button\" download aria-describedby=\"wp-block-file--media-1a744683-dc0f-4563-9bd2-e4d8bcee107d\">Pobierz<\/a><\/div>\n\n\n\n<p>Gazeta Burak Cukrowy &nbsp;&nbsp;&nbsp; &nbsp;&nbsp;&nbsp;&nbsp;&nbsp;&nbsp; &nbsp; &nbsp;&nbsp;<a href=\"https:\/\/e.issuu.com\/embed.html?d=2024_bc3_burak_cukrowy_suedzucker_polska&amp;hideIssuuLogo=true&amp;u=bartens\" target=\"_blank\" rel=\"noreferrer noopener\">Lato 2024<\/a><\/p>\n\n\n\n<p>Gazeta Burak Cukrowy &nbsp;&nbsp;&nbsp;      &nbsp;&nbsp;&nbsp;&nbsp;&nbsp;&nbsp;  &nbsp;        &nbsp;&nbsp;<a href=\"https:\/\/issuu.com\/bartens\/docs\/bc2-2024-suedzucker.?fr=xPf81NTU\" target=\"_blank\" rel=\"noreferrer noopener\">Wiosna 2024<\/a><\/p>\n\n\n\n<p>Gazeta Burak Cukrowy &nbsp;&nbsp;&nbsp;      &nbsp;&nbsp;&nbsp;&nbsp;&nbsp;&nbsp;  &nbsp;        &nbsp;&nbsp;<a href=\"https:\/\/issuu.com\/bartens\/docs\/2024_zima_burak_cukrowy_suedzucker_polska?fr=xPf81NTU\">Zima 2024<\/a><\/p>\n\n\n\n<div class=\"wp-block-file\"><a id=\"wp-block-file--media-38b970c3-5511-4f9d-9a10-a5a496f57818\" href=\"https:\/\/www.suedzucker.pl\/wp-content\/uploads\/2022\/02\/Informacja-dla-plantatorow-SZP-2022_23.pdf\" target=\"_blank\" rel=\"noreferrer noopener\">Informacja dla plantator\u00f3w SZP 2022_23<\/a><a href=\"https:\/\/www.suedzucker.pl\/wp-content\/uploads\/2022\/02\/Informacja-dla-plantatorow-SZP-2022_23.pdf\" class=\"wp-block-file__button wp-element-button\" download aria-describedby=\"wp-block-file--media-38b970c3-5511-4f9d-9a10-a5a496f57818\">Pobierz<\/a><\/div>\n\n\n\n<div class=\"wp-block-file\"><a id=\"wp-block-file--media-f466b537-f0ab-40f8-a753-b6cda2729f0a\" href=\"https:\/\/www.suedzucker.pl\/wp-content\/uploads\/2021\/02\/Informacja-dla-plantatorow-SZP-2021_22-1.pdf\" target=\"_blank\" rel=\"noreferrer noopener\">Informacja dla plantator\u00f3w SZP 2021_22<\/a><a href=\"https:\/\/www.suedzucker.pl\/wp-content\/uploads\/2021\/02\/Informacja-dla-plantatorow-SZP-2021_22-1.pdf\" class=\"wp-block-file__button wp-element-button\" download aria-describedby=\"wp-block-file--media-f466b537-f0ab-40f8-a753-b6cda2729f0a\">Pobierz<\/a><\/div>\n\n\n\n<div class=\"wp-block-file\"><a id=\"wp-block-file--media-38b970c3-5511-4f9d-9a10-a5a496f57818\" href=\"https:\/\/www.suedzucker.pl\/wp-content\/uploads\/2023\/11\/sudzucker_ulotka_ORGANIK_NK_06_2023_3.pdf\" target=\"_blank\" rel=\"noreferrer noopener\">Naw\u00f3z ORGANIK NK+<\/a><a href=\"https:\/\/www.suedzucker.pl\/wp-content\/uploads\/2023\/11\/sudzucker_ulotka_ORGANIK_NK_06_2023_3.pdf\" class=\"wp-block-file__button wp-element-button\" download aria-describedby=\"wp-block-file--media-38b970c3-5511-4f9d-9a10-a5a496f57818\">Pobierz<\/a><\/div>\n\n\n\n<div class=\"wp-block-file\"><a href=\"https:\/\/www.suedzucker.pl\/wp-content\/uploads\/2020\/07\/151718-zbior-burakow-ulotka.pdf\" target=\"_blank\" rel=\"noreferrer noopener\">Zasady prawid\u0142owego zbioru<\/a><a href=\"https:\/\/www.suedzucker.pl\/wp-content\/uploads\/2020\/07\/151718-zbior-burakow-ulotka.pdf\" class=\"wp-block-file__button\" download=\"\">Pobierz<\/a><\/div>\n\n\n\n<p><\/p>\n\n\n\n<div class=\"wp-block-file\"><a href=\"http:\/\/www.suedzucker.pl\/wp-content\/uploads\/2020\/07\/155237-ulotka-wapno.pdf\" target=\"_blank\" rel=\"noreferrer noopener\">Wapno defekacyjne<\/a><a href=\"http:\/\/www.suedzucker.pl\/wp-content\/uploads\/2020\/07\/155237-ulotka-wapno.pdf\" class=\"wp-block-file__button\" download=\"\">Pobierz<\/a><\/div>\n\n\n\n<p><\/p>\n\n\n\n<div class=\"wp-block-file\"><a href=\"http:\/\/www.suedzucker.pl\/wp-content\/uploads\/2020\/07\/151145-choroby-lisci.pdf\" target=\"_blank\" rel=\"noreferrer noopener\">Choroby li\u015bci buraka cukrowego<\/a><a href=\"http:\/\/www.suedzucker.pl\/wp-content\/uploads\/2020\/07\/151145-choroby-lisci.pdf\" class=\"wp-block-file__button\" download=\"\">Pobierz<\/a><\/div>\n\n\n\n<div class=\"wp-block-file\"><a id=\"wp-block-file--media-53538153-e6a3-435a-95f0-a214664bd104\" href=\"https:\/\/www.suedzucker.pl\/wp-content\/uploads\/2025\/04\/Okrywanie-pryzm.pdf\" target=\"_blank\" rel=\"noreferrer noopener\">Okrywanie pryzm<\/a><a href=\"https:\/\/www.suedzucker.pl\/wp-content\/uploads\/2025\/04\/Okrywanie-pryzm.pdf\" class=\"wp-block-file__button wp-element-button\" download aria-describedby=\"wp-block-file--media-53538153-e6a3-435a-95f0-a214664bd104\">Pobierz<\/a><\/div>\n\n\n\n<p><\/p>\n\n\n\n<div class=\"wp-block-file\"><a href=\"http:\/\/www.suedzucker.pl\/wp-content\/uploads\/2020\/07\/091237-sudzucker-ulotka-zrownowazony-rozwoj-01-2016.pdf\" target=\"_blank\" rel=\"noreferrer noopener\">Zr\u00f3wnowa\u017cony rozw\u00f3j w uprawie buraka cukrowego<\/a><a href=\"http:\/\/www.suedzucker.pl\/wp-content\/uploads\/2020\/07\/091237-sudzucker-ulotka-zrownowazony-rozwoj-01-2016.pdf\" class=\"wp-block-file__button\" download=\"\">Pobierz<\/a><\/div>\n\n\n\n<p><\/p>\n\n\n\n<div class=\"wp-block-file\"><a href=\"http:\/\/www.suedzucker.pl\/wp-content\/uploads\/2020\/07\/144049-bhp-w-rolnictwie.pdf\" target=\"_blank\" rel=\"noreferrer noopener\">BHP w magazynowaniu i stosowaniu \u015aOR, nawoz\u00f3w i materia\u0142u siewnego<\/a><a href=\"http:\/\/www.suedzucker.pl\/wp-content\/uploads\/2020\/07\/144049-bhp-w-rolnictwie.pdf\" class=\"wp-block-file__button\" download=\"\">Pobierz<\/a><\/div>\n\n\n\n<p><\/p>\n\n\n\n<div class=\"wp-block-file\"><a href=\"http:\/\/www.suedzucker.pl\/wp-content\/uploads\/2020\/07\/140933-zwalczanie-chwastow.pdf\" target=\"_blank\" rel=\"noreferrer noopener\">Zwalczanie chwast\u00f3w<\/a><a href=\"http:\/\/www.suedzucker.pl\/wp-content\/uploads\/2020\/07\/140933-zwalczanie-chwastow.pdf\" class=\"wp-block-file__button\" download=\"\">Pobierz<\/a><\/div>\n\n\n\n<p><\/p>\n\n\n\n<div class=\"wp-block-file\"><a href=\"http:\/\/www.suedzucker.pl\/wp-content\/uploads\/2020\/07\/163509-nawozenie-burakow-cukrowych.pdf\" target=\"_blank\" rel=\"noreferrer noopener\">Nawo\u017cenie burak\u00f3w cukrowych<\/a><a href=\"http:\/\/www.suedzucker.pl\/wp-content\/uploads\/2020\/07\/163509-nawozenie-burakow-cukrowych.pdf\" class=\"wp-block-file__button\" download=\"\">Pobierz<\/a><\/div>\n\n\n\n<p><\/p>\n\n\n\n<div class=\"wp-block-file\"><a href=\"http:\/\/www.suedzucker.pl\/wp-content\/uploads\/2020\/07\/092600-wyslodki.pdf\" target=\"_blank\" rel=\"noreferrer noopener\">Wys\u0142odki buraczane<\/a><a href=\"http:\/\/www.suedzucker.pl\/wp-content\/uploads\/2020\/07\/092600-wyslodki.pdf\" class=\"wp-block-file__button\" download=\"\">Pobierz<\/a><\/div>\n\n\n\n<p><\/p>\n\n\n\n<div class=\"wp-block-file\"><a href=\"http:\/\/www.suedzucker.pl\/wp-content\/uploads\/2020\/07\/112058-sor-aktualizaja-05-2013.pdf\" target=\"_blank\" rel=\"noreferrer noopener\">\u015arodki Ochrony Ro\u015blin &#8211; podstawowe zasady dobrej praktyki<\/a><a href=\"http:\/\/www.suedzucker.pl\/wp-content\/uploads\/2020\/07\/112058-sor-aktualizaja-05-2013.pdf\" class=\"wp-block-file__button\" download=\"\">Pobierz<\/a><\/div>\n\n\n\n<p><\/p>\n\n\n\n<div class=\"wp-block-file\"><a href=\"http:\/\/www.suedzucker.pl\/wp-content\/uploads\/2020\/07\/155644-tablica-1-1.pdf\" target=\"_blank\" rel=\"noreferrer noopener\">Uproszczona uprawa buraka cukrowego<\/a><a href=\"http:\/\/www.suedzucker.pl\/wp-content\/uploads\/2020\/07\/155644-tablica-1-1.pdf\" class=\"wp-block-file__button\" download=\"\">Pobierz<\/a><\/div>\n\n\n\n<p><\/p>\n\n\n\n<div class=\"wp-block-file\"><a href=\"http:\/\/www.suedzucker.pl\/wp-content\/uploads\/2020\/07\/155658-tablica-2-1.pdf\" target=\"_blank\" rel=\"noreferrer noopener\">Profilaktyka, monitoring i zwalczanie chwo\u015bcika<\/a><a href=\"http:\/\/www.suedzucker.pl\/wp-content\/uploads\/2020\/07\/155658-tablica-2-1.pdf\" class=\"wp-block-file__button\" download=\"\">Pobierz<\/a><\/div>\n\n\n\n<p><\/p>\n\n\n\n<div class=\"wp-block-file\"><a href=\"https:\/\/www.suedzucker.pl\/wp-content\/uploads\/2020\/07\/155713-tablica-3-1.pdf\" target=\"_blank\" rel=\"noreferrer noopener\">Nawo\u017cenie w oparciu o analiz\u0119 gleby<\/a><a href=\"https:\/\/www.suedzucker.pl\/wp-content\/uploads\/2020\/07\/155713-tablica-3-1.pdf\" class=\"wp-block-file__button\" download=\"\">Pobierz<\/a><\/div>\n\n\n\n<p><\/p>\n\n\n\n<div class=\"wp-block-file\"><a href=\"https:\/\/www.suedzucker.pl\/wp-content\/uploads\/2020\/07\/155725-tablica-4-1.pdf\" target=\"_blank\" rel=\"noreferrer noopener\">Praca dzia\u0142\u00f3w do\u015bwiadczalnych w Grupie S\u00fcdzucker<\/a><a href=\"https:\/\/www.suedzucker.pl\/wp-content\/uploads\/2020\/07\/155725-tablica-4-1.pdf\" class=\"wp-block-file__button\" download>Pobierz<\/a><\/div>\n\n\n\n<p><\/p>\n","protected":false},"excerpt":{"rendered":"<p>Gazeta Burak Cukrowy &nbsp;&nbsp;&nbsp; &nbsp;&nbsp;&nbsp;&nbsp;&nbsp;&nbsp; &nbsp; &nbsp;&nbsp;Lato 2024 Gazeta Burak Cukrowy &nbsp;&nbsp;&nbsp; &nbsp;&nbsp;&nbsp;&nbsp;&nbsp;&nbsp; &nbsp; &nbsp;&nbsp;Wiosna 2024 Gazeta Burak Cukrowy &nbsp;&nbsp;&nbsp; &nbsp;&nbsp;&nbsp;&nbsp;&nbsp;&nbsp; &nbsp; &nbsp;&nbsp;Zima 2024 Zasady prawid\u0142owego zbioruPobierz Wapno defekacyjnePobierz Choroby&#8230;<\/p>\n","protected":false},"author":3,"featured_media":0,"parent":484,"menu_order":15,"comment_status":"closed","ping_status":"closed","template":"","meta":{"_acf_changed":false,"inline_featured_image":false,"footnotes":"","_wp_rev_ctl_limit":""},"class_list":["post-461","page","type-page","status-publish","hentry"],"acf":[],"yoast_head":"<!-- This site is optimized with the Yoast SEO plugin v27.3 - https:\/\/yoast.com\/product\/yoast-seo-wordpress\/ -->\n<title>Broszury do pobrania - S\u00fcdzucker Polska<\/title>\n<meta name=\"robots\" content=\"index, follow, max-snippet:-1, max-image-preview:large, max-video-preview:-1\" \/>\n<link rel=\"canonical\" href=\"https:\/\/www.suedzucker.pl\/serwis-plantatorski\/agrotechnika\/broszury-do-pobrania\/\" \/>\n<meta property=\"og:locale\" content=\"en_US\" \/>\n<meta property=\"og:type\" content=\"article\" \/>\n<meta property=\"og:title\" content=\"Broszury do pobrania - S\u00fcdzucker Polska\" \/>\n<meta property=\"og:description\" content=\"Gazeta Burak Cukrowy &nbsp;&nbsp;&nbsp; &nbsp;&nbsp;&nbsp;&nbsp;&nbsp;&nbsp; &nbsp; &nbsp;&nbsp;Lato 2024 Gazeta Burak Cukrowy &nbsp;&nbsp;&nbsp; &nbsp;&nbsp;&nbsp;&nbsp;&nbsp;&nbsp; &nbsp; &nbsp;&nbsp;Wiosna 2024 Gazeta Burak Cukrowy &nbsp;&nbsp;&nbsp; &nbsp;&nbsp;&nbsp;&nbsp;&nbsp;&nbsp; &nbsp; &nbsp;&nbsp;Zima 2024 Zasady prawid\u0142owego zbioruPobierz Wapno defekacyjnePobierz Choroby...\" \/>\n<meta property=\"og:url\" content=\"https:\/\/www.suedzucker.pl\/serwis-plantatorski\/agrotechnika\/broszury-do-pobrania\/\" \/>\n<meta property=\"og:site_name\" content=\"S\u00fcdzucker Polska\" \/>\n<meta property=\"article:modified_time\" content=\"2026-03-23T12:51:20+00:00\" \/>\n<meta name=\"twitter:card\" content=\"summary_large_image\" \/>\n<meta name=\"twitter:label1\" content=\"Est. reading time\" \/>\n\t<meta name=\"twitter:data1\" content=\"1 minute\" \/>\n<script type=\"application\/ld+json\" class=\"yoast-schema-graph\">{\"@context\":\"https:\\\/\\\/schema.org\",\"@graph\":[{\"@type\":\"WebPage\",\"@id\":\"https:\\\/\\\/www.suedzucker.pl\\\/serwis-plantatorski\\\/agrotechnika\\\/broszury-do-pobrania\\\/\",\"url\":\"https:\\\/\\\/www.suedzucker.pl\\\/serwis-plantatorski\\\/agrotechnika\\\/broszury-do-pobrania\\\/\",\"name\":\"Broszury do pobrania - S\u00fcdzucker Polska\",\"isPartOf\":{\"@id\":\"https:\\\/\\\/www.suedzucker.pl\\\/en\\\/#website\"},\"datePublished\":\"2020-05-18T13:01:53+00:00\",\"dateModified\":\"2026-03-23T12:51:20+00:00\",\"breadcrumb\":{\"@id\":\"https:\\\/\\\/www.suedzucker.pl\\\/serwis-plantatorski\\\/agrotechnika\\\/broszury-do-pobrania\\\/#breadcrumb\"},\"inLanguage\":\"en-US\",\"potentialAction\":[{\"@type\":\"ReadAction\",\"target\":[\"https:\\\/\\\/www.suedzucker.pl\\\/serwis-plantatorski\\\/agrotechnika\\\/broszury-do-pobrania\\\/\"]}]},{\"@type\":\"BreadcrumbList\",\"@id\":\"https:\\\/\\\/www.suedzucker.pl\\\/serwis-plantatorski\\\/agrotechnika\\\/broszury-do-pobrania\\\/#breadcrumb\",\"itemListElement\":[{\"@type\":\"ListItem\",\"position\":1,\"name\":\"Home page\",\"item\":\"https:\\\/\\\/www.suedzucker.pl\\\/en\\\/serwis-plantatorski\\\/\"},{\"@type\":\"ListItem\",\"position\":2,\"name\":\"Agrotechnika\",\"item\":\"https:\\\/\\\/www.suedzucker.pl\\\/en\\\/serwis-plantatorski\\\/agrotechnika\\\/\"},{\"@type\":\"ListItem\",\"position\":3,\"name\":\"Broszury do pobrania\"}]},{\"@type\":\"WebSite\",\"@id\":\"https:\\\/\\\/www.suedzucker.pl\\\/en\\\/#website\",\"url\":\"https:\\\/\\\/www.suedzucker.pl\\\/en\\\/\",\"name\":\"S\u00fcdzucker Polska\",\"description\":\"Jeste\u015bmy wiod\u0105cym producentem cukru w Polsce\",\"potentialAction\":[{\"@type\":\"SearchAction\",\"target\":{\"@type\":\"EntryPoint\",\"urlTemplate\":\"https:\\\/\\\/www.suedzucker.pl\\\/en\\\/?s={search_term_string}\"},\"query-input\":{\"@type\":\"PropertyValueSpecification\",\"valueRequired\":true,\"valueName\":\"search_term_string\"}}],\"inLanguage\":\"en-US\"}]}<\/script>\n<!-- \/ Yoast SEO plugin. -->","yoast_head_json":{"title":"Broszury do pobrania - S\u00fcdzucker Polska","robots":{"index":"index","follow":"follow","max-snippet":"max-snippet:-1","max-image-preview":"max-image-preview:large","max-video-preview":"max-video-preview:-1"},"canonical":"https:\/\/www.suedzucker.pl\/serwis-plantatorski\/agrotechnika\/broszury-do-pobrania\/","og_locale":"en_US","og_type":"article","og_title":"Broszury do pobrania - S\u00fcdzucker Polska","og_description":"Gazeta Burak Cukrowy &nbsp;&nbsp;&nbsp; &nbsp;&nbsp;&nbsp;&nbsp;&nbsp;&nbsp; &nbsp; &nbsp;&nbsp;Lato 2024 Gazeta Burak Cukrowy &nbsp;&nbsp;&nbsp; &nbsp;&nbsp;&nbsp;&nbsp;&nbsp;&nbsp; &nbsp; &nbsp;&nbsp;Wiosna 2024 Gazeta Burak Cukrowy &nbsp;&nbsp;&nbsp; &nbsp;&nbsp;&nbsp;&nbsp;&nbsp;&nbsp; &nbsp; &nbsp;&nbsp;Zima 2024 Zasady prawid\u0142owego zbioruPobierz Wapno defekacyjnePobierz Choroby...","og_url":"https:\/\/www.suedzucker.pl\/serwis-plantatorski\/agrotechnika\/broszury-do-pobrania\/","og_site_name":"S\u00fcdzucker Polska","article_modified_time":"2026-03-23T12:51:20+00:00","twitter_card":"summary_large_image","twitter_misc":{"Est. reading time":"1 minute"},"schema":{"@context":"https:\/\/schema.org","@graph":[{"@type":"WebPage","@id":"https:\/\/www.suedzucker.pl\/serwis-plantatorski\/agrotechnika\/broszury-do-pobrania\/","url":"https:\/\/www.suedzucker.pl\/serwis-plantatorski\/agrotechnika\/broszury-do-pobrania\/","name":"Broszury do pobrania - S\u00fcdzucker Polska","isPartOf":{"@id":"https:\/\/www.suedzucker.pl\/en\/#website"},"datePublished":"2020-05-18T13:01:53+00:00","dateModified":"2026-03-23T12:51:20+00:00","breadcrumb":{"@id":"https:\/\/www.suedzucker.pl\/serwis-plantatorski\/agrotechnika\/broszury-do-pobrania\/#breadcrumb"},"inLanguage":"en-US","potentialAction":[{"@type":"ReadAction","target":["https:\/\/www.suedzucker.pl\/serwis-plantatorski\/agrotechnika\/broszury-do-pobrania\/"]}]},{"@type":"BreadcrumbList","@id":"https:\/\/www.suedzucker.pl\/serwis-plantatorski\/agrotechnika\/broszury-do-pobrania\/#breadcrumb","itemListElement":[{"@type":"ListItem","position":1,"name":"Home page","item":"https:\/\/www.suedzucker.pl\/en\/serwis-plantatorski\/"},{"@type":"ListItem","position":2,"name":"Agrotechnika","item":"https:\/\/www.suedzucker.pl\/en\/serwis-plantatorski\/agrotechnika\/"},{"@type":"ListItem","position":3,"name":"Broszury do pobrania"}]},{"@type":"WebSite","@id":"https:\/\/www.suedzucker.pl\/en\/#website","url":"https:\/\/www.suedzucker.pl\/en\/","name":"S\u00fcdzucker Polska","description":"Jeste\u015bmy wiod\u0105cym producentem cukru w Polsce","potentialAction":[{"@type":"SearchAction","target":{"@type":"EntryPoint","urlTemplate":"https:\/\/www.suedzucker.pl\/en\/?s={search_term_string}"},"query-input":{"@type":"PropertyValueSpecification","valueRequired":true,"valueName":"search_term_string"}}],"inLanguage":"en-US"}]}},"_links":{"self":[{"href":"https:\/\/www.suedzucker.pl\/en\/wp-json\/wp\/v2\/pages\/461","targetHints":{"allow":["GET"]}}],"collection":[{"href":"https:\/\/www.suedzucker.pl\/en\/wp-json\/wp\/v2\/pages"}],"about":[{"href":"https:\/\/www.suedzucker.pl\/en\/wp-json\/wp\/v2\/types\/page"}],"author":[{"embeddable":true,"href":"https:\/\/www.suedzucker.pl\/en\/wp-json\/wp\/v2\/users\/3"}],"replies":[{"embeddable":true,"href":"https:\/\/www.suedzucker.pl\/en\/wp-json\/wp\/v2\/comments?post=461"}],"version-history":[{"count":4,"href":"https:\/\/www.suedzucker.pl\/en\/wp-json\/wp\/v2\/pages\/461\/revisions"}],"predecessor-version":[{"id":24827,"href":"https:\/\/www.suedzucker.pl\/en\/wp-json\/wp\/v2\/pages\/461\/revisions\/24827"}],"up":[{"embeddable":true,"href":"https:\/\/www.suedzucker.pl\/en\/wp-json\/wp\/v2\/pages\/484"}],"wp:attachment":[{"href":"https:\/\/www.suedzucker.pl\/en\/wp-json\/wp\/v2\/media?parent=461"}],"curies":[{"name":"wp","href":"https:\/\/api.w.org\/{rel}","templated":true}]}}