{"id":8525,"date":"2020-09-02T12:20:39","date_gmt":"2020-09-02T10:20:39","guid":{"rendered":"http:\/\/suedzucker.pl\/?page_id=8525"},"modified":"2020-09-07T15:16:45","modified_gmt":"2020-09-07T13:16:45","slug":"benefits","status":"publish","type":"page","link":"https:\/\/www.suedzucker.pl\/en\/career\/benefits\/","title":{"rendered":"Benefits"},"content":{"rendered":"<section  class=\"benefits-hover corporate bg\">\r\n    <div class=\"section-content\">\r\n        \r\n      \r\n     \r\n<\/div>    <ul class=\"benefits-hover__list\">\r\n                        \r\n            <li class=\"benefit-hover corporate\">\r\n                <img loading=\"lazy\" decoding=\"async\" width=\"1\" height=\"1\" src=\"https:\/\/www.suedzucker.pl\/wp-content\/uploads\/2020\/07\/opieka_medyczna.svg\" class=\"benefit-hover__img\" alt=\"\" \/> \r\n                <h3 class=\"benefit-hover__title font-22 font-reg\">Private health care<\/h3>\r\n                                                    <div class=\"benefit-hover__hover corporate\">\r\n                        <h3 class=\"benefit-hover__title-2 font-22\">Private health care<\/h3>\r\n                        <p class=\"benefit-hover__desc font-16\">\r\n                            We care for the health of our employees providing individually selected packages of private medical care EnelMed with the possibility of extending them to other family members.                        <\/p>\r\n                    <\/div>\r\n                            <\/li>\r\n                \r\n            <li class=\"benefit-hover corporate\">\r\n                <img loading=\"lazy\" decoding=\"async\" width=\"1\" height=\"1\" src=\"https:\/\/www.suedzucker.pl\/wp-content\/uploads\/2020\/07\/sport_kultura.svg\" class=\"benefit-hover__img\" alt=\"\" \/> \r\n                <h3 class=\"benefit-hover__title font-22 font-reg\">Sport &#038; Culture Card<\/h3>\r\n                                                    <div class=\"benefit-hover__hover corporate\">\r\n                        <h3 class=\"benefit-hover__title-2 font-22\">Sport &#038; Culture Card<\/h3>\r\n                        <p class=\"benefit-hover__desc font-16\">\r\n                            We want our employees to spend their free time pleasantly. The EdenRed Sport &#038; Culture Card provides entertainment regardless of preferences.                        <\/p>\r\n                    <\/div>\r\n                            <\/li>\r\n                \r\n            <li class=\"benefit-hover corporate\">\r\n                <img loading=\"lazy\" decoding=\"async\" width=\"1\" height=\"1\" src=\"https:\/\/www.suedzucker.pl\/wp-content\/uploads\/2020\/07\/karta_posilkowa.svg\" class=\"benefit-hover__img\" alt=\"\" \/> \r\n                <h3 class=\"benefit-hover__title font-22 font-reg\">Ticket Restaurant card<\/h3>\r\n                                                    <div class=\"benefit-hover__hover corporate\">\r\n                        <h3 class=\"benefit-hover__title-2 font-22\">Ticket Restaurant card<\/h3>\r\n                        <p class=\"benefit-hover__desc font-16\">\r\n                            We provide our employees with the EdenRed meal card to use in many restaurants in Poland.                        <\/p>\r\n                    <\/div>\r\n                            <\/li>\r\n                \r\n            <li class=\"benefit-hover corporate\">\r\n                <img loading=\"lazy\" decoding=\"async\" width=\"1\" height=\"1\" src=\"https:\/\/www.suedzucker.pl\/wp-content\/uploads\/2020\/07\/deputat_cukrowy.svg\" class=\"benefit-hover__img\" alt=\"\" \/> \r\n                <h3 class=\"benefit-hover__title font-22 font-reg\">Sugar allowance<\/h3>\r\n                                                    <div class=\"benefit-hover__hover corporate\">\r\n                        <h3 class=\"benefit-hover__title-2 font-22\">Sugar allowance<\/h3>\r\n                        <p class=\"benefit-hover__desc font-16\">\r\n                            Once a year our employees receive Cukier Kr\u00f3lewski in the form of a different variety of sugars.                        <\/p>\r\n                    <\/div>\r\n                            <\/li>\r\n                \r\n            <li class=\"benefit-hover corporate\">\r\n                <img loading=\"lazy\" decoding=\"async\" width=\"1\" height=\"1\" src=\"https:\/\/www.suedzucker.pl\/wp-content\/uploads\/2020\/07\/pozyczki.svg\" class=\"benefit-hover__img\" alt=\"\" \/> \r\n                <h3 class=\"benefit-hover__title font-22 font-reg\">Loans and financial support <\/h3>\r\n                                                    <div class=\"benefit-hover__hover corporate\">\r\n                        <h3 class=\"benefit-hover__title-2 font-22\">Loans and financial support <\/h3>\r\n                        <p class=\"benefit-hover__desc font-16\">\r\n                            We provide our employees with low-interest housing loans and non-returnable financial support in the form of a grant in difficult unexpected situations.                        <\/p>\r\n                    <\/div>\r\n                            <\/li>\r\n                \r\n            <li class=\"benefit-hover corporate\">\r\n                <img loading=\"lazy\" decoding=\"async\" width=\"1\" height=\"1\" src=\"https:\/\/www.suedzucker.pl\/wp-content\/uploads\/2020\/07\/dofinansowanie_edukacji.svg\" class=\"benefit-hover__img\" alt=\"\" \/> \r\n                <h3 class=\"benefit-hover__title font-22 font-reg\">Co-financing of education<\/h3>\r\n                                                    <div class=\"benefit-hover__hover corporate\">\r\n                        <h3 class=\"benefit-hover__title-2 font-22\">Co-financing of education<\/h3>\r\n                        <p class=\"benefit-hover__desc font-16\">\r\n                            Our employees have the possibility of continuous professional development and improving skills through various training.                        <\/p>\r\n                    <\/div>\r\n                            <\/li>\r\n                \r\n            <li class=\"benefit-hover corporate\">\r\n                <img loading=\"lazy\" decoding=\"async\" width=\"1\" height=\"1\" src=\"https:\/\/www.suedzucker.pl\/wp-content\/uploads\/2020\/07\/awans.svg\" class=\"benefit-hover__img\" alt=\"\" \/> \r\n                <h3 class=\"benefit-hover__title font-22 font-reg\">A promotion opportunity<\/h3>\r\n                                                    <div class=\"benefit-hover__hover corporate\">\r\n                        <h3 class=\"benefit-hover__title-2 font-22\">A promotion opportunity<\/h3>\r\n                        <p class=\"benefit-hover__desc font-16\">\r\n                            We appreciate employees for their commitment, experience, hard work, and willingness to develop.                        <\/p>\r\n                    <\/div>\r\n                            <\/li>\r\n                \r\n            <li class=\"benefit-hover corporate\">\r\n                <img loading=\"lazy\" decoding=\"async\" width=\"1\" height=\"1\" src=\"https:\/\/www.suedzucker.pl\/wp-content\/uploads\/2020\/07\/ubezpieczenie.svg\" class=\"benefit-hover__img\" alt=\"\" \/> \r\n                <h3 class=\"benefit-hover__title font-22 font-reg\">Additional insurance<\/h3>\r\n                                                    <div class=\"benefit-hover__hover corporate\">\r\n                        <h3 class=\"benefit-hover__title-2 font-22\">Additional insurance<\/h3>\r\n                        <p class=\"benefit-hover__desc font-16\">\r\n                            For managerial staff, we offer the possibility of attractive life insurance and additional accident insurance.                         <\/p>\r\n                    <\/div>\r\n                            <\/li>\r\n                \r\n            <li class=\"benefit-hover corporate\">\r\n                <img loading=\"lazy\" decoding=\"async\" width=\"1\" height=\"1\" src=\"https:\/\/www.suedzucker.pl\/wp-content\/uploads\/2020\/07\/urodzenie_dziecka.svg\" class=\"benefit-hover__img\" alt=\"\" \/> \r\n                <h3 class=\"benefit-hover__title font-22 font-reg\">Childbirth benefits<\/h3>\r\n                                                    <div class=\"benefit-hover__hover corporate\">\r\n                        <h3 class=\"benefit-hover__title-2 font-22\">Childbirth benefits<\/h3>\r\n                        <p class=\"benefit-hover__desc font-16\">\r\n                            We send our employees\u2019 newborns sweet packages with a PLN 500 prepaid card.                        <\/p>\r\n                    <\/div>\r\n                            <\/li>\r\n                \r\n            <li class=\"benefit-hover corporate\">\r\n                <img loading=\"lazy\" decoding=\"async\" width=\"1\" height=\"1\" src=\"https:\/\/www.suedzucker.pl\/wp-content\/uploads\/2020\/07\/benefity_swieta.svg\" class=\"benefit-hover__img\" alt=\"\" \/> \r\n                <h3 class=\"benefit-hover__title font-22 font-reg\">Numerous Christmas benefits<\/h3>\r\n                                                    <div class=\"benefit-hover__hover corporate\">\r\n                        <h3 class=\"benefit-hover__title-2 font-22\">Numerous Christmas benefits<\/h3>\r\n                        <p class=\"benefit-hover__desc font-16\">\r\n                            During the holiday season, employees receive cash benefits, and Santa Claus gifts for children. Sugar Plants employees working on Christmas Eve and Christmas receive special holiday packages.                        <\/p>\r\n                    <\/div>\r\n                            <\/li>\r\n                \r\n            <li class=\"benefit-hover corporate\">\r\n                <img loading=\"lazy\" decoding=\"async\" width=\"1\" height=\"1\" src=\"https:\/\/www.suedzucker.pl\/wp-content\/uploads\/2020\/07\/dzien_zdrowia.svg\" class=\"benefit-hover__img\" alt=\"\" \/> \r\n                <h3 class=\"benefit-hover__title font-22 font-reg\">Day for Health for employees 60+<\/h3>\r\n                                                    <div class=\"benefit-hover__hover corporate\">\r\n                        <h3 class=\"benefit-hover__title-2 font-22\">Day for Health for employees 60+<\/h3>\r\n                        <p class=\"benefit-hover__desc font-16\">\r\n                            We care for the most experienced employees by offering them &#8220;Day for Health&#8221; (Health Prevention Program).                        <\/p>\r\n                    <\/div>\r\n                            <\/li>\r\n                \r\n            <li class=\"benefit-hover corporate\">\r\n                <img loading=\"lazy\" decoding=\"async\" width=\"1\" height=\"1\" src=\"https:\/\/www.suedzucker.pl\/wp-content\/uploads\/2020\/07\/swiadczenie_weekendowe.svg\" class=\"benefit-hover__img\" alt=\"\" \/> \r\n                <h3 class=\"benefit-hover__title font-22 font-reg\">Holiday allowance <\/h3>\r\n                                                    <div class=\"benefit-hover__hover corporate\">\r\n                        <h3 class=\"benefit-hover__title-2 font-22\">Holiday allowance <\/h3>\r\n                        <p class=\"benefit-hover__desc font-16\">\r\n                            We provide our employees with a social benefit, the so-called &#8220;vacations in the countryside&#8221;.                        <\/p>\r\n                    <\/div>\r\n                            <\/li>\r\n                    <\/ul>\r\n    <\/section>","protected":false},"excerpt":{"rendered":"","protected":false},"author":3,"featured_media":0,"parent":8440,"menu_order":0,"comment_status":"closed","ping_status":"closed","template":"","meta":{"_acf_changed":false,"inline_featured_image":false,"footnotes":"","_wp_rev_ctl_limit":""},"class_list":["post-8525","page","type-page","status-publish","hentry"],"acf":[],"yoast_head":"<!-- This site is optimized with the Yoast SEO plugin v27.4 - https:\/\/yoast.com\/product\/yoast-seo-wordpress\/ -->\n<title>Benefits - S\u00fcdzucker Polska<\/title>\n<meta name=\"robots\" content=\"index, follow, max-snippet:-1, max-image-preview:large, max-video-preview:-1\" \/>\n<link rel=\"canonical\" href=\"https:\/\/www.suedzucker.pl\/en\/career\/benefits\/\" \/>\n<meta property=\"og:locale\" content=\"en_US\" \/>\n<meta property=\"og:type\" content=\"article\" \/>\n<meta property=\"og:title\" content=\"Benefits - S\u00fcdzucker Polska\" \/>\n<meta property=\"og:url\" content=\"https:\/\/www.suedzucker.pl\/en\/career\/benefits\/\" \/>\n<meta property=\"og:site_name\" content=\"S\u00fcdzucker Polska\" \/>\n<meta property=\"article:modified_time\" content=\"2020-09-07T13:16:45+00:00\" \/>\n<meta name=\"twitter:card\" content=\"summary_large_image\" \/>\n<script type=\"application\/ld+json\" class=\"yoast-schema-graph\">{\"@context\":\"https:\\\/\\\/schema.org\",\"@graph\":[{\"@type\":\"WebPage\",\"@id\":\"https:\\\/\\\/www.suedzucker.pl\\\/en\\\/career\\\/benefits\\\/\",\"url\":\"https:\\\/\\\/www.suedzucker.pl\\\/en\\\/career\\\/benefits\\\/\",\"name\":\"Benefits - S\u00fcdzucker Polska\",\"isPartOf\":{\"@id\":\"https:\\\/\\\/www.suedzucker.pl\\\/en\\\/#website\"},\"datePublished\":\"2020-09-02T10:20:39+00:00\",\"dateModified\":\"2020-09-07T13:16:45+00:00\",\"breadcrumb\":{\"@id\":\"https:\\\/\\\/www.suedzucker.pl\\\/en\\\/career\\\/benefits\\\/#breadcrumb\"},\"inLanguage\":\"en-US\",\"potentialAction\":[{\"@type\":\"ReadAction\",\"target\":[\"https:\\\/\\\/www.suedzucker.pl\\\/en\\\/career\\\/benefits\\\/\"]}]},{\"@type\":\"BreadcrumbList\",\"@id\":\"https:\\\/\\\/www.suedzucker.pl\\\/en\\\/career\\\/benefits\\\/#breadcrumb\",\"itemListElement\":[{\"@type\":\"ListItem\",\"position\":1,\"name\":\"Home\",\"item\":\"https:\\\/\\\/www.suedzucker.pl\\\/en\\\/\"},{\"@type\":\"ListItem\",\"position\":2,\"name\":\"Career\",\"item\":\"https:\\\/\\\/www.suedzucker.pl\\\/career\\\/\"},{\"@type\":\"ListItem\",\"position\":3,\"name\":\"Benefits\"}]},{\"@type\":\"WebSite\",\"@id\":\"https:\\\/\\\/www.suedzucker.pl\\\/en\\\/#website\",\"url\":\"https:\\\/\\\/www.suedzucker.pl\\\/en\\\/\",\"name\":\"S\u00fcdzucker Polska\",\"description\":\"Jeste\u015bmy wiod\u0105cym producentem cukru w Polsce\",\"potentialAction\":[{\"@type\":\"SearchAction\",\"target\":{\"@type\":\"EntryPoint\",\"urlTemplate\":\"https:\\\/\\\/www.suedzucker.pl\\\/en\\\/?s={search_term_string}\"},\"query-input\":{\"@type\":\"PropertyValueSpecification\",\"valueRequired\":true,\"valueName\":\"search_term_string\"}}],\"inLanguage\":\"en-US\"}]}<\/script>\n<!-- \/ Yoast SEO plugin. -->","yoast_head_json":{"title":"Benefits - S\u00fcdzucker Polska","robots":{"index":"index","follow":"follow","max-snippet":"max-snippet:-1","max-image-preview":"max-image-preview:large","max-video-preview":"max-video-preview:-1"},"canonical":"https:\/\/www.suedzucker.pl\/en\/career\/benefits\/","og_locale":"en_US","og_type":"article","og_title":"Benefits - S\u00fcdzucker Polska","og_url":"https:\/\/www.suedzucker.pl\/en\/career\/benefits\/","og_site_name":"S\u00fcdzucker Polska","article_modified_time":"2020-09-07T13:16:45+00:00","twitter_card":"summary_large_image","schema":{"@context":"https:\/\/schema.org","@graph":[{"@type":"WebPage","@id":"https:\/\/www.suedzucker.pl\/en\/career\/benefits\/","url":"https:\/\/www.suedzucker.pl\/en\/career\/benefits\/","name":"Benefits - S\u00fcdzucker Polska","isPartOf":{"@id":"https:\/\/www.suedzucker.pl\/en\/#website"},"datePublished":"2020-09-02T10:20:39+00:00","dateModified":"2020-09-07T13:16:45+00:00","breadcrumb":{"@id":"https:\/\/www.suedzucker.pl\/en\/career\/benefits\/#breadcrumb"},"inLanguage":"en-US","potentialAction":[{"@type":"ReadAction","target":["https:\/\/www.suedzucker.pl\/en\/career\/benefits\/"]}]},{"@type":"BreadcrumbList","@id":"https:\/\/www.suedzucker.pl\/en\/career\/benefits\/#breadcrumb","itemListElement":[{"@type":"ListItem","position":1,"name":"Home","item":"https:\/\/www.suedzucker.pl\/en\/"},{"@type":"ListItem","position":2,"name":"Career","item":"https:\/\/www.suedzucker.pl\/career\/"},{"@type":"ListItem","position":3,"name":"Benefits"}]},{"@type":"WebSite","@id":"https:\/\/www.suedzucker.pl\/en\/#website","url":"https:\/\/www.suedzucker.pl\/en\/","name":"S\u00fcdzucker Polska","description":"Jeste\u015bmy wiod\u0105cym producentem cukru w Polsce","potentialAction":[{"@type":"SearchAction","target":{"@type":"EntryPoint","urlTemplate":"https:\/\/www.suedzucker.pl\/en\/?s={search_term_string}"},"query-input":{"@type":"PropertyValueSpecification","valueRequired":true,"valueName":"search_term_string"}}],"inLanguage":"en-US"}]}},"_links":{"self":[{"href":"https:\/\/www.suedzucker.pl\/en\/wp-json\/wp\/v2\/pages\/8525","targetHints":{"allow":["GET"]}}],"collection":[{"href":"https:\/\/www.suedzucker.pl\/en\/wp-json\/wp\/v2\/pages"}],"about":[{"href":"https:\/\/www.suedzucker.pl\/en\/wp-json\/wp\/v2\/types\/page"}],"author":[{"embeddable":true,"href":"https:\/\/www.suedzucker.pl\/en\/wp-json\/wp\/v2\/users\/3"}],"replies":[{"embeddable":true,"href":"https:\/\/www.suedzucker.pl\/en\/wp-json\/wp\/v2\/comments?post=8525"}],"version-history":[{"count":0,"href":"https:\/\/www.suedzucker.pl\/en\/wp-json\/wp\/v2\/pages\/8525\/revisions"}],"up":[{"embeddable":true,"href":"https:\/\/www.suedzucker.pl\/en\/wp-json\/wp\/v2\/pages\/8440"}],"wp:attachment":[{"href":"https:\/\/www.suedzucker.pl\/en\/wp-json\/wp\/v2\/media?parent=8525"}],"curies":[{"name":"wp","href":"https:\/\/api.w.org\/{rel}","templated":true}]}}